{"id":3319,"date":"2022-02-04T21:32:09","date_gmt":"2022-02-04T21:32:09","guid":{"rendered":"https:\/\/www.ecohotelelagua.com\/?page_id=3319"},"modified":"2025-08-08T06:00:39","modified_gmt":"2025-08-08T06:00:39","slug":"cookies","status":"publish","type":"page","link":"https:\/\/ecohotelelagua.com\/it\/cookies\/","title":{"rendered":"Biscotti"},"content":{"rendered":"<div data-elementor-type=\"wp-page\" data-elementor-id=\"3319\" class=\"elementor elementor-3319\" data-elementor-settings=\"{&quot;ha_cmc_init_switcher&quot;:&quot;no&quot;}\" data-elementor-post-type=\"page\">\n\t\t\t\t\t\t<section class=\"elementor-section elementor-top-section elementor-element elementor-element-dad1498 elementor-section-boxed elementor-section-height-default elementor-section-height-default\" data-id=\"dad1498\" data-element_type=\"section\" data-e-type=\"section\" data-settings=\"{&quot;background_background&quot;:&quot;classic&quot;,&quot;_ha_eqh_enable&quot;:false}\">\n\t\t\t\t\t\t<div class=\"elementor-container elementor-column-gap-default\">\n\t\t\t\t\t<div class=\"elementor-column elementor-col-100 elementor-top-column elementor-element elementor-element-b096d37\" data-id=\"b096d37\" data-element_type=\"column\" data-e-type=\"column\">\n\t\t\t<div class=\"elementor-widget-wrap elementor-element-populated\">\n\t\t\t\t\t\t<div class=\"elementor-element elementor-element-faa26b3 elementor-widget elementor-widget-text-editor\" data-id=\"faa26b3\" data-element_type=\"widget\" data-e-type=\"widget\" data-widget_type=\"text-editor.default\">\n\t\t\t\t\t\t\t\t\t<h6><strong>Politica dei cookie di Eco Hotel El Agua<\/strong><\/h6><h6><strong>ULTIMA REVISIONE IL 2 gennaio 2022<\/strong><\/h6><h2>Ambito di applicazione della politica sui cookie<\/h2><p>La presente Informativa sulla privacy descrive le modalit\u00e0 con cui Eco Hotel El Agua (\"noi\" o \"ci\" o \"ci\") raccoglie, utilizza, consulta o tratta in altro modo i dati personali di un individuo in relazione all'uso dei cookie. La presente Informativa sulla privacy si applica a livello globale, ma a seconda del luogo di residenza dell'utente, alcune disposizioni specifiche della presente Informativa sulla privacy potrebbero non essere applicabili a quest'ultimo; in ogni caso, essa deve essere applicata e interpretata in combinazione con l'Informativa sulla privacy di Eco Hotel El Agua, che pu\u00f2 essere consultata al relativo link qui presente:\u00a0<\/p><p><a href=\"https:\/\/ecohotelelagua.com\/it\/privacy\/\">https:\/\/www.ecohotelelagua.com\/privacy<\/a><\/p><h2>Cosa sono i cookie<\/h2><p>I cookie sono piccole parti di testo inviate dal vostro browser web o da un sito web che visitate. Un file cookie viene memorizzato nel browser web dell'utente e consente a noi o a una terza parte, a noi fornita, di riconoscere l'utente e di rendere la sua prossima visita pi\u00f9 facile e il Servizio pi\u00f9 utile per l'utente.<\/p><p>I cookie possono essere \"persistenti\" o \"di sessione\".<\/p><h2 id=\"tw-target-text\" class=\"tw-data-text tw-text-large tw-ta\" dir=\"ltr\" data-placeholder=\"Translation\"><span class=\"Y2IQFc\" lang=\"es\">Come utilizziamo i cookie<\/span><\/h2><pre id=\"tw-target-text\" class=\"tw-data-text tw-text-large tw-ta\" dir=\"ltr\" data-placeholder=\"Translation\"><span class=\"Y2IQFc\" lang=\"es\">Utilizziamo i cookie per i seguenti scopi:<\/span><\/pre><ul><li>per consentire alcune funzioni del Servizio,<\/li><li>per fornire un'analisi,<\/li><li>per memorizzare le preferenze,<\/li><li>per consentire l'invio di annunci pubblicitari.<\/li><\/ul><p><strong>\u00a0<\/strong><\/p><p><strong>- Cookie strettamente necessari: <\/strong>Questi cookie sono necessari per il funzionamento del sito web e non possono essere disabilitati sui nostri sistemi. In genere vengono impostati solo in risposta ad azioni compiute dall'utente che equivalgono a una richiesta di servizi, come l'impostazione delle preferenze sulla privacy, il login o la compilazione di moduli. \u00c8 possibile impostare il browser in modo da bloccare o segnalare questi cookie, ma alcune parti del sito non funzioneranno.<\/p><p><strong>- Cookie di prestazione: <\/strong>Questi cookie ci permettono di contare le visite e le fonti di traffico, in modo da poter misurare e migliorare le prestazioni del nostro sito. Ci aiutano a sapere quali sono le pagine pi\u00f9 e meno popolari e a vedere come i visitatori si muovono all'interno del sito. Tutte le informazioni raccolte da questi cookie sono aggregate e quindi anonime. Se non consentite questi cookie, non sapremo quando avete visitato il nostro sito e non saremo in grado di monitorarne le prestazioni.<\/p><h2>Quali sono le vostre scelte in materia di cookie?<\/h2><p>La tecnologia di tracciamento ci aiuta a gestire e migliorare la fruibilit\u00e0 del sito web di Eco Hotel El Agua, ad esempio rilevando se in passato ci sono stati contatti tra il vostro computer e noi e per identificare le sezioni pi\u00f9 popolari del sito web di Eco Hotel El Agua.<\/p><p>Sulla base di una descrizione pi\u00f9 dettagliata dell'uso dei cookie, il nostro strumento di gestione dei cookie (\"lo strumento\") vi aiuta a gestire le vostre preferenze in materia di cookie, compresa la concessione del vostro consenso. \u00c8 possibile revocare il proprio consenso all'utilizzo di determinati cookie in qualsiasi momento utilizzando il suddetto strumento.<\/p><p>Quando si salvano le impostazioni dei cookie, queste dovrebbero valere anche per le visite future al sito web di Eco Hotel El Agua. Tuttavia, per ragioni tecniche che esulano dal controllo di Eco Hotel El Agua, ci\u00f2 non pu\u00f2 essere garantito. Ad esempio, se si resetta il browser, si cancellano i cookie o si accede al sito web di Eco Hotel El Agua da un altro browser o dispositivo, le impostazioni dei cookie potrebbero non essere recuperate. Per ottemperare alle leggi e ai regolamenti applicabili, in alcuni paesi potrebbe essere richiesto di confermare le impostazioni dei cookie quando si visita per la prima volta il sito web di Eco Hotel El Agua. Se l'utente si trova in un paese in cui viene richiesto automaticamente di impostare le impostazioni dei cookie, \u00e8 possibile che gli venga chiesto di reimpostarle in una visita successiva.<\/p><p>Assicuratevi che le impostazioni del vostro browser riflettano l'eventuale volont\u00e0 di rinunciare alle tecnologie di tracciamento (come i cookie). Le funzionalit\u00e0 specifiche del vostro browser e le istruzioni su come utilizzarle sono solitamente reperibili nel manuale o nel file di aiuto del vostro browser.<\/p><p>Senza le tecnologie di tracciamento, la disponibilit\u00e0 dei servizi forniti dal sito web di Eco Hotel El Agua potrebbe essere ridotta o alcune parti del sito web di Eco Hotel El Agua potrebbero non funzionare correttamente.<\/p><p><strong>\u00a0<\/strong><\/p><h3>Come contattarci<\/h3><p>Domande, commenti, osservazioni, richieste o reclami relativi alla presente Informativa sulla privacy sono benvenuti e devono essere indirizzati a:<\/p><p><a href=\"mailto:info@ecohotelelagua.com\"> info@ecohotelelagua.com<\/a>.<\/p>\t\t\t\t\t\t\t\t<\/div>\n\t\t\t\t<div class=\"elementor-element elementor-element-0bdbc5a elementor-align-left elementor-widget elementor-widget-button\" data-id=\"0bdbc5a\" data-element_type=\"widget\" data-e-type=\"widget\" data-widget_type=\"button.default\">\n\t\t\t\t\t\t\t\t\t\t<a class=\"elementor-button elementor-button-link elementor-size-sm\" href=\"tel:+34%20698%2098%2085%2085\">\n\t\t\t\t\t\t<span class=\"elementor-button-content-wrapper\">\n\t\t\t\t\t\t<span class=\"elementor-button-icon\">\n\t\t\t\t<svg aria-hidden=\"true\" class=\"e-font-icon-svg e-fas-phone-alt\" viewbox=\"0 0 512 512\" xmlns=\"http:\/\/www.w3.org\/2000\/svg\"><path d=\"M497.39 361.8l-112-48a24 24 0 0 0-28 6.9l-49.6 60.6A370.66 370.66 0 0 1 130.6 204.11l60.6-49.6a23.94 23.94 0 0 0 6.9-28l-48-112A24.16 24.16 0 0 0 122.6.61l-104 24A24 24 0 0 0 0 48c0 256.5 207.9 464 464 464a24 24 0 0 0 23.4-18.6l24-104a24.29 24.29 0 0 0-14.01-27.6z\"><\/path><\/svg>\t\t\t<\/span>\n\t\t\t\t\t\t\t\t\t<span class=\"elementor-button-text\">Il nostro numero di telefono: tel:+34 698 98 85 85<\/span>\n\t\t\t\t\t<\/span>\n\t\t\t\t\t<\/a>\n\t\t\t\t\t\t\t\t<\/div>\n\t\t\t\t\t<\/div>\n\t\t<\/div>\n\t\t\t\t\t<\/div>\n\t\t<\/section>\n\t\t\t\t<\/div>","protected":false},"excerpt":{"rendered":"<p>Pol\u00edtica de cookies de Eco Hotel El Agua \u00daLTIMA REVISI\u00d3N EL 2 de enero de 2022 Alcance de la Pol\u00edtica de Cookies Esta Pol\u00edtica de privacidad describe c\u00f3mo Eco Hotel El Agua (\u00abnosotros\u00bb o \u00abnosotros\u00bb) recopila, usa, consulta o procesa de otro modo los datos personales de una persona con respecto al uso de cookies. [&hellip;]<\/p>\n","protected":false},"author":1,"featured_media":0,"parent":0,"menu_order":0,"comment_status":"closed","ping_status":"closed","template":"","meta":{"inline_featured_image":false,"footnotes":""},"class_list":["post-3319","page","type-page","status-publish","hentry"],"yoast_head":"<!-- This site is optimized with the Yoast SEO Premium plugin v27.4 (Yoast SEO v27.4) - https:\/\/yoast.com\/product\/yoast-seo-premium-wordpress\/ -->\n<title>EcoHotel El Agua<\/title>\n<meta name=\"robots\" content=\"index, follow, max-snippet:-1, max-image-preview:large, max-video-preview:-1\" \/>\n<link rel=\"canonical\" href=\"http:\/\/ecohotelelagua.com\/it\/cookies\/\" \/>\n<meta property=\"og:locale\" content=\"it_IT\" \/>\n<meta property=\"og:type\" content=\"article\" \/>\n<meta property=\"og:title\" content=\"Cookies\" \/>\n<meta property=\"og:description\" content=\"Pol\u00edtica de cookies de Eco Hotel El Agua \u00daLTIMA REVISI\u00d3N EL 2 de enero de 2022 Alcance de la Pol\u00edtica de Cookies Esta Pol\u00edtica de privacidad describe c\u00f3mo Eco Hotel El Agua (\u00abnosotros\u00bb o \u00abnosotros\u00bb) recopila, usa, consulta o procesa de otro modo los datos personales de una persona con respecto al uso de cookies. [&hellip;]\" \/>\n<meta property=\"og:url\" content=\"http:\/\/ecohotelelagua.com\/it\/cookies\/\" \/>\n<meta property=\"og:site_name\" content=\"EcoHotel El Agua\" \/>\n<meta property=\"article:modified_time\" content=\"2025-08-08T06:00:39+00:00\" \/>\n<meta property=\"og:image\" content=\"https:\/\/ecohotelelagua.com\/wp-content\/uploads\/2022\/09\/L1160590.png\" \/>\n\t<meta property=\"og:image:width\" content=\"1600\" \/>\n\t<meta property=\"og:image:height\" content=\"1004\" \/>\n\t<meta property=\"og:image:type\" content=\"image\/png\" \/>\n<meta name=\"twitter:card\" content=\"summary_large_image\" \/>\n<meta name=\"twitter:label1\" content=\"Tempo di lettura stimato\" \/>\n\t<meta name=\"twitter:data1\" content=\"4 minuti\" \/>\n<script type=\"application\/ld+json\" class=\"yoast-schema-graph\">{\"@context\":\"https:\\\/\\\/schema.org\",\"@graph\":[{\"@type\":\"WebPage\",\"@id\":\"http:\\\/\\\/ecohotelelagua.com\\\/en\\\/cookies\\\/\",\"url\":\"http:\\\/\\\/ecohotelelagua.com\\\/en\\\/cookies\\\/\",\"name\":\"EcoHotel El Agua\",\"isPartOf\":{\"@id\":\"https:\\\/\\\/ecohotelelagua.com\\\/fr\\\/#website\"},\"datePublished\":\"2022-02-04T21:32:09+00:00\",\"dateModified\":\"2025-08-08T06:00:39+00:00\",\"breadcrumb\":{\"@id\":\"http:\\\/\\\/ecohotelelagua.com\\\/en\\\/cookies\\\/#breadcrumb\"},\"inLanguage\":\"it-IT\",\"potentialAction\":[{\"@type\":\"ReadAction\",\"target\":[\"http:\\\/\\\/ecohotelelagua.com\\\/en\\\/cookies\\\/\"]}]},{\"@type\":\"BreadcrumbList\",\"@id\":\"http:\\\/\\\/ecohotelelagua.com\\\/en\\\/cookies\\\/#breadcrumb\",\"itemListElement\":[{\"@type\":\"ListItem\",\"position\":1,\"name\":\"Home\",\"item\":\"https:\\\/\\\/ecohotelelagua.com\\\/en\\\/\"},{\"@type\":\"ListItem\",\"position\":2,\"name\":\"Cookies\"}]},{\"@type\":\"WebSite\",\"@id\":\"https:\\\/\\\/ecohotelelagua.com\\\/fr\\\/#website\",\"url\":\"https:\\\/\\\/ecohotelelagua.com\\\/fr\\\/\",\"name\":\"EcoHotel El Agua\",\"description\":\"EcoHotel El Agua\",\"publisher\":{\"@id\":\"https:\\\/\\\/ecohotelelagua.com\\\/fr\\\/#organization\"},\"potentialAction\":[{\"@type\":\"SearchAction\",\"target\":{\"@type\":\"EntryPoint\",\"urlTemplate\":\"https:\\\/\\\/ecohotelelagua.com\\\/fr\\\/?s={search_term_string}\"},\"query-input\":{\"@type\":\"PropertyValueSpecification\",\"valueRequired\":true,\"valueName\":\"search_term_string\"}}],\"inLanguage\":\"it-IT\"},{\"@type\":\"Organization\",\"@id\":\"https:\\\/\\\/ecohotelelagua.com\\\/fr\\\/#organization\",\"name\":\"Eco Hotel el Agua\",\"url\":\"https:\\\/\\\/ecohotelelagua.com\\\/fr\\\/\",\"logo\":{\"@type\":\"ImageObject\",\"inLanguage\":\"it-IT\",\"@id\":\"https:\\\/\\\/ecohotelelagua.com\\\/fr\\\/#\\\/schema\\\/logo\\\/image\\\/\",\"url\":\"https:\\\/\\\/ecohotelelagua.com\\\/wp-content\\\/uploads\\\/2022\\\/01\\\/ig-1.png\",\"contentUrl\":\"https:\\\/\\\/ecohotelelagua.com\\\/wp-content\\\/uploads\\\/2022\\\/01\\\/ig-1.png\",\"width\":300,\"height\":148,\"caption\":\"Eco Hotel el Agua\"},\"image\":{\"@id\":\"https:\\\/\\\/ecohotelelagua.com\\\/fr\\\/#\\\/schema\\\/logo\\\/image\\\/\"},\"sameAs\":[\"https:\\\/\\\/www.instagram.com\\\/p\\\/CZSWRFft7Ls\\\/?utm_medium=share_sheet\",\"https:\\\/\\\/pin.it\\\/4kyijpT\"]}]}<\/script>\n<!-- \/ Yoast SEO Premium plugin. -->","yoast_head_json":{"title":"EcoHotel El Agua","robots":{"index":"index","follow":"follow","max-snippet":"max-snippet:-1","max-image-preview":"max-image-preview:large","max-video-preview":"max-video-preview:-1"},"canonical":"http:\/\/ecohotelelagua.com\/it\/cookies\/","og_locale":"it_IT","og_type":"article","og_title":"Cookies","og_description":"Pol\u00edtica de cookies de Eco Hotel El Agua \u00daLTIMA REVISI\u00d3N EL 2 de enero de 2022 Alcance de la Pol\u00edtica de Cookies Esta Pol\u00edtica de privacidad describe c\u00f3mo Eco Hotel El Agua (\u00abnosotros\u00bb o \u00abnosotros\u00bb) recopila, usa, consulta o procesa de otro modo los datos personales de una persona con respecto al uso de cookies. [&hellip;]","og_url":"http:\/\/ecohotelelagua.com\/it\/cookies\/","og_site_name":"EcoHotel El Agua","article_modified_time":"2025-08-08T06:00:39+00:00","og_image":[{"width":1600,"height":1004,"url":"https:\/\/ecohotelelagua.com\/wp-content\/uploads\/2022\/09\/L1160590.png","type":"image\/png"}],"twitter_card":"summary_large_image","twitter_misc":{"Tempo di lettura stimato":"4 minuti"},"schema":{"@context":"https:\/\/schema.org","@graph":[{"@type":"WebPage","@id":"http:\/\/ecohotelelagua.com\/en\/cookies\/","url":"http:\/\/ecohotelelagua.com\/en\/cookies\/","name":"EcoHotel El Agua","isPartOf":{"@id":"https:\/\/ecohotelelagua.com\/fr\/#website"},"datePublished":"2022-02-04T21:32:09+00:00","dateModified":"2025-08-08T06:00:39+00:00","breadcrumb":{"@id":"http:\/\/ecohotelelagua.com\/en\/cookies\/#breadcrumb"},"inLanguage":"it-IT","potentialAction":[{"@type":"ReadAction","target":["http:\/\/ecohotelelagua.com\/en\/cookies\/"]}]},{"@type":"BreadcrumbList","@id":"http:\/\/ecohotelelagua.com\/en\/cookies\/#breadcrumb","itemListElement":[{"@type":"ListItem","position":1,"name":"Home","item":"https:\/\/ecohotelelagua.com\/en\/"},{"@type":"ListItem","position":2,"name":"Cookies"}]},{"@type":"WebSite","@id":"https:\/\/ecohotelelagua.com\/fr\/#website","url":"https:\/\/ecohotelelagua.com\/fr\/","name":"EcoHotel El Agua","description":"EcoHotel El Agua","publisher":{"@id":"https:\/\/ecohotelelagua.com\/fr\/#organization"},"potentialAction":[{"@type":"SearchAction","target":{"@type":"EntryPoint","urlTemplate":"https:\/\/ecohotelelagua.com\/fr\/?s={search_term_string}"},"query-input":{"@type":"PropertyValueSpecification","valueRequired":true,"valueName":"search_term_string"}}],"inLanguage":"it-IT"},{"@type":"Organization","@id":"https:\/\/ecohotelelagua.com\/fr\/#organization","name":"Eco Hotel el Agua","url":"https:\/\/ecohotelelagua.com\/fr\/","logo":{"@type":"ImageObject","inLanguage":"it-IT","@id":"https:\/\/ecohotelelagua.com\/fr\/#\/schema\/logo\/image\/","url":"https:\/\/ecohotelelagua.com\/wp-content\/uploads\/2022\/01\/ig-1.png","contentUrl":"https:\/\/ecohotelelagua.com\/wp-content\/uploads\/2022\/01\/ig-1.png","width":300,"height":148,"caption":"Eco Hotel el Agua"},"image":{"@id":"https:\/\/ecohotelelagua.com\/fr\/#\/schema\/logo\/image\/"},"sameAs":["https:\/\/www.instagram.com\/p\/CZSWRFft7Ls\/?utm_medium=share_sheet","https:\/\/pin.it\/4kyijpT"]}]}},"_links":{"self":[{"href":"https:\/\/ecohotelelagua.com\/it\/wp-json\/wp\/v2\/pages\/3319","targetHints":{"allow":["GET"]}}],"collection":[{"href":"https:\/\/ecohotelelagua.com\/it\/wp-json\/wp\/v2\/pages"}],"about":[{"href":"https:\/\/ecohotelelagua.com\/it\/wp-json\/wp\/v2\/types\/page"}],"author":[{"embeddable":true,"href":"https:\/\/ecohotelelagua.com\/it\/wp-json\/wp\/v2\/users\/1"}],"replies":[{"embeddable":true,"href":"https:\/\/ecohotelelagua.com\/it\/wp-json\/wp\/v2\/comments?post=3319"}],"version-history":[{"count":3,"href":"https:\/\/ecohotelelagua.com\/it\/wp-json\/wp\/v2\/pages\/3319\/revisions"}],"predecessor-version":[{"id":17695,"href":"https:\/\/ecohotelelagua.com\/it\/wp-json\/wp\/v2\/pages\/3319\/revisions\/17695"}],"wp:attachment":[{"href":"https:\/\/ecohotelelagua.com\/it\/wp-json\/wp\/v2\/media?parent=3319"}],"curies":[{"name":"wp","href":"https:\/\/api.w.org\/{rel}","templated":true}]}}