{"id":4959,"date":"2022-05-02T09:26:21","date_gmt":"2022-05-02T08:26:21","guid":{"rendered":"https:\/\/www.ecohotelelagua.com\/?page_id=4959"},"modified":"2025-04-08T10:05:08","modified_gmt":"2025-04-08T09:05:08","slug":"nuestros-valores","status":"publish","type":"page","link":"https:\/\/ecohotelelagua.com\/fr\/nuestros-valores\/","title":{"rendered":"Nos valeurs"},"content":{"rendered":"<div data-elementor-type=\"wp-page\" data-elementor-id=\"4959\" class=\"elementor elementor-4959\" data-elementor-settings=\"{&quot;ha_cmc_init_switcher&quot;:&quot;no&quot;}\" data-elementor-post-type=\"page\">\n\t\t\t\t\t\t<section class=\"elementor-section elementor-top-section elementor-element elementor-element-b72a753 elementor-section-full_width elementor-section-height-min-height elementor-section-items-bottom elementor-section-content-bottom elementor-section-height-default\" data-id=\"b72a753\" data-element_type=\"section\" data-e-type=\"section\" data-settings=\"{&quot;background_background&quot;:&quot;classic&quot;,&quot;_ha_eqh_enable&quot;:false}\">\n\t\t\t\t\t\t\t<div class=\"elementor-background-overlay\"><\/div>\n\t\t\t\t\t\t\t<div class=\"elementor-container elementor-column-gap-no\">\n\t\t\t\t\t<div class=\"elementor-column elementor-col-100 elementor-top-column elementor-element elementor-element-a45fd32\" data-id=\"a45fd32\" data-element_type=\"column\" data-e-type=\"column\">\n\t\t\t<div class=\"elementor-widget-wrap elementor-element-populated\">\n\t\t\t\t\t\t<div class=\"elementor-element elementor-element-ffaeefd elementor-widget elementor-widget-heading\" data-id=\"ffaeefd\" data-element_type=\"widget\" data-e-type=\"widget\" data-widget_type=\"heading.default\">\n\t\t\t\t\t<h2 class=\"elementor-heading-title elementor-size-default\">Nos valeurs<\/h2>\t\t\t\t<\/div>\n\t\t\t\t\t<\/div>\n\t\t<\/div>\n\t\t\t\t\t<\/div>\n\t\t<\/section>\n\t\t\t\t<section class=\"elementor-section elementor-top-section elementor-element elementor-element-f8642c6 elementor-section-boxed elementor-section-height-default elementor-section-height-default\" data-id=\"f8642c6\" data-element_type=\"section\" data-e-type=\"section\" data-settings=\"{&quot;background_background&quot;:&quot;classic&quot;,&quot;_ha_eqh_enable&quot;:false}\">\n\t\t\t\t\t\t<div class=\"elementor-container elementor-column-gap-default\">\n\t\t\t\t\t<div class=\"elementor-column elementor-col-100 elementor-top-column elementor-element elementor-element-db60444\" data-id=\"db60444\" data-element_type=\"column\" data-e-type=\"column\">\n\t\t\t<div class=\"elementor-widget-wrap elementor-element-populated\">\n\t\t\t\t\t\t<div class=\"elementor-element elementor-element-b9fd753 elementor-widget elementor-widget-heading\" data-id=\"b9fd753\" data-element_type=\"widget\" data-e-type=\"widget\" data-widget_type=\"heading.default\">\n\t\t\t\t\t<h3 class=\"elementor-heading-title elementor-size-default\">D\u00e9couvrez nos valeurs sur :<\/h3>\t\t\t\t<\/div>\n\t\t\t\t<div class=\"elementor-element elementor-element-6c14e15 elementor-widget elementor-widget-text-editor\" data-id=\"6c14e15\" data-element_type=\"widget\" data-e-type=\"widget\" data-widget_type=\"text-editor.default\">\n\t\t\t\t\t\t\t\t\t<p>L'ECOHOTEL El AGUA et ses professionnels de la sant\u00e9 se consacrent, dans un environnement exclusif de calme, de beaut\u00e9 et de s\u00e9r\u00e9nit\u00e9, \u00e0 vous accompagner dans un processus de gu\u00e9rison holistique gr\u00e2ce \u00e0 la naturoth\u00e9rapie et aux techniques de relaxation. Nous transmettons des connaissances et des outils pour la pr\u00e9vention des maladies et l'harmonie du corps et de l'\u00e2me ins\u00e9parables. L'Ecohotel El Agua est situ\u00e9 dans les magnifiques vall\u00e9es subtropicales du sud de T\u00e9n\u00e9rife et jouit d'un environnement de silence et de paix, pr\u00e9servant l'intimit\u00e9 et la vie priv\u00e9e de ses h\u00f4tes. Situ\u00e9 dans le village historique d'Arico El Nuevo, nous promouvons la m\u00e9decine hippocratique, la naturopathie et les s\u00e9jours de gu\u00e9rison dans un environnement naturel et serein.<\/p>\t\t\t\t\t\t\t\t<\/div>\n\t\t\t\t\t<\/div>\n\t\t<\/div>\n\t\t\t\t\t<\/div>\n\t\t<\/section>\n\t\t\t\t<\/div>","protected":false},"excerpt":{"rendered":"<p>NUESTRos valores Conoce nuestros valores sobre: ECOHOTEL El AGUA junto con nuestros profesionales de la salud, estamos dedicados, en un entorno exclusivo de calma, belleza y serenidad, a acompa\u00f1arte en un proceso de sanaci\u00f3n holistica a trav\u00e9s de la naturoterapia y t\u00e9cnicas de relajaci\u00f3n. Transmitimos conocimientos y herramientas para la prevenci\u00f3n de enfermedades y la [&hellip;]<\/p>\n","protected":false},"author":1,"featured_media":2844,"parent":0,"menu_order":0,"comment_status":"closed","ping_status":"closed","template":"elementor_header_footer","meta":{"inline_featured_image":false,"footnotes":""},"class_list":["post-4959","page","type-page","status-publish","has-post-thumbnail","hentry"],"yoast_head":"<!-- This site is optimized with the Yoast SEO Premium plugin v27.4 (Yoast SEO v27.4) - https:\/\/yoast.com\/product\/yoast-seo-premium-wordpress\/ -->\n<title>EcoHotel El Agua<\/title>\n<meta name=\"description\" content=\"Based on the ideals of Hippocratic Medicine, Naturopathy and Mindfulness our focus is on the body\u2019s ability to heal itself.\" \/>\n<meta name=\"robots\" content=\"index, follow, max-snippet:-1, max-image-preview:large, max-video-preview:-1\" \/>\n<link rel=\"canonical\" href=\"http:\/\/ecohotelelagua.com\/fr\/nuestros-valores\/\" \/>\n<meta property=\"og:locale\" content=\"fr_FR\" \/>\n<meta property=\"og:type\" content=\"article\" \/>\n<meta property=\"og:title\" content=\"Nuestros valores\" \/>\n<meta property=\"og:description\" content=\"Based on the ideals of Hippocratic Medicine, Naturopathy and Mindfulness our focus is on the body\u2019s ability to heal itself.\" \/>\n<meta property=\"og:url\" content=\"http:\/\/ecohotelelagua.com\/fr\/nuestros-valores\/\" \/>\n<meta property=\"og:site_name\" content=\"EcoHotel El Agua\" \/>\n<meta property=\"article:modified_time\" content=\"2025-04-08T09:05:08+00:00\" \/>\n<meta property=\"og:image\" content=\"https:\/\/ecohotelelagua.com\/wp-content\/uploads\/2022\/01\/yoga_relax.jpeg\" \/>\n\t<meta property=\"og:image:width\" content=\"1124\" \/>\n\t<meta property=\"og:image:height\" content=\"750\" \/>\n\t<meta property=\"og:image:type\" content=\"image\/jpeg\" \/>\n<meta name=\"twitter:card\" content=\"summary_large_image\" \/>\n<meta name=\"twitter:label1\" content=\"Dur\u00e9e de lecture estim\u00e9e\" \/>\n\t<meta name=\"twitter:data1\" content=\"1 minute\" \/>\n<script type=\"application\/ld+json\" class=\"yoast-schema-graph\">{\"@context\":\"https:\\\/\\\/schema.org\",\"@graph\":[{\"@type\":\"WebPage\",\"@id\":\"http:\\\/\\\/ecohotelelagua.com\\\/en\\\/nuestros-valores\\\/\",\"url\":\"http:\\\/\\\/ecohotelelagua.com\\\/en\\\/nuestros-valores\\\/\",\"name\":\"EcoHotel El Agua\",\"isPartOf\":{\"@id\":\"https:\\\/\\\/ecohotelelagua.com\\\/fr\\\/#website\"},\"primaryImageOfPage\":{\"@id\":\"http:\\\/\\\/ecohotelelagua.com\\\/en\\\/nuestros-valores\\\/#primaryimage\"},\"image\":{\"@id\":\"http:\\\/\\\/ecohotelelagua.com\\\/en\\\/nuestros-valores\\\/#primaryimage\"},\"thumbnailUrl\":\"https:\\\/\\\/ecohotelelagua.com\\\/wp-content\\\/uploads\\\/2022\\\/01\\\/yoga_relax.jpeg\",\"datePublished\":\"2022-05-02T08:26:21+00:00\",\"dateModified\":\"2025-04-08T09:05:08+00:00\",\"description\":\"Based on the ideals of Hippocratic Medicine, Naturopathy and Mindfulness our focus is on the body\u2019s ability to heal itself.\",\"breadcrumb\":{\"@id\":\"http:\\\/\\\/ecohotelelagua.com\\\/en\\\/nuestros-valores\\\/#breadcrumb\"},\"inLanguage\":\"fr-FR\",\"potentialAction\":[{\"@type\":\"ReadAction\",\"target\":[\"http:\\\/\\\/ecohotelelagua.com\\\/en\\\/nuestros-valores\\\/\"]}]},{\"@type\":\"ImageObject\",\"inLanguage\":\"fr-FR\",\"@id\":\"http:\\\/\\\/ecohotelelagua.com\\\/en\\\/nuestros-valores\\\/#primaryimage\",\"url\":\"https:\\\/\\\/ecohotelelagua.com\\\/wp-content\\\/uploads\\\/2022\\\/01\\\/yoga_relax.jpeg\",\"contentUrl\":\"https:\\\/\\\/ecohotelelagua.com\\\/wp-content\\\/uploads\\\/2022\\\/01\\\/yoga_relax.jpeg\",\"width\":1124,\"height\":750},{\"@type\":\"BreadcrumbList\",\"@id\":\"http:\\\/\\\/ecohotelelagua.com\\\/en\\\/nuestros-valores\\\/#breadcrumb\",\"itemListElement\":[{\"@type\":\"ListItem\",\"position\":1,\"name\":\"Home\",\"item\":\"https:\\\/\\\/ecohotelelagua.com\\\/en\\\/\"},{\"@type\":\"ListItem\",\"position\":2,\"name\":\"Nuestros valores\"}]},{\"@type\":\"WebSite\",\"@id\":\"https:\\\/\\\/ecohotelelagua.com\\\/fr\\\/#website\",\"url\":\"https:\\\/\\\/ecohotelelagua.com\\\/fr\\\/\",\"name\":\"EcoHotel El Agua\",\"description\":\"EcoHotel El Agua\",\"publisher\":{\"@id\":\"https:\\\/\\\/ecohotelelagua.com\\\/fr\\\/#organization\"},\"potentialAction\":[{\"@type\":\"SearchAction\",\"target\":{\"@type\":\"EntryPoint\",\"urlTemplate\":\"https:\\\/\\\/ecohotelelagua.com\\\/fr\\\/?s={search_term_string}\"},\"query-input\":{\"@type\":\"PropertyValueSpecification\",\"valueRequired\":true,\"valueName\":\"search_term_string\"}}],\"inLanguage\":\"fr-FR\"},{\"@type\":\"Organization\",\"@id\":\"https:\\\/\\\/ecohotelelagua.com\\\/fr\\\/#organization\",\"name\":\"Eco Hotel el Agua\",\"url\":\"https:\\\/\\\/ecohotelelagua.com\\\/fr\\\/\",\"logo\":{\"@type\":\"ImageObject\",\"inLanguage\":\"fr-FR\",\"@id\":\"https:\\\/\\\/ecohotelelagua.com\\\/fr\\\/#\\\/schema\\\/logo\\\/image\\\/\",\"url\":\"https:\\\/\\\/ecohotelelagua.com\\\/wp-content\\\/uploads\\\/2022\\\/01\\\/ig-1.png\",\"contentUrl\":\"https:\\\/\\\/ecohotelelagua.com\\\/wp-content\\\/uploads\\\/2022\\\/01\\\/ig-1.png\",\"width\":300,\"height\":148,\"caption\":\"Eco Hotel el Agua\"},\"image\":{\"@id\":\"https:\\\/\\\/ecohotelelagua.com\\\/fr\\\/#\\\/schema\\\/logo\\\/image\\\/\"},\"sameAs\":[\"https:\\\/\\\/www.instagram.com\\\/p\\\/CZSWRFft7Ls\\\/?utm_medium=share_sheet\",\"https:\\\/\\\/pin.it\\\/4kyijpT\"]}]}<\/script>\n<!-- \/ Yoast SEO Premium plugin. -->","yoast_head_json":{"title":"EcoHotel El Agua","description":"Based on the ideals of Hippocratic Medicine, Naturopathy and Mindfulness our focus is on the body\u2019s ability to heal itself.","robots":{"index":"index","follow":"follow","max-snippet":"max-snippet:-1","max-image-preview":"max-image-preview:large","max-video-preview":"max-video-preview:-1"},"canonical":"http:\/\/ecohotelelagua.com\/fr\/nuestros-valores\/","og_locale":"fr_FR","og_type":"article","og_title":"Nuestros valores","og_description":"Based on the ideals of Hippocratic Medicine, Naturopathy and Mindfulness our focus is on the body\u2019s ability to heal itself.","og_url":"http:\/\/ecohotelelagua.com\/fr\/nuestros-valores\/","og_site_name":"EcoHotel El Agua","article_modified_time":"2025-04-08T09:05:08+00:00","og_image":[{"width":1124,"height":750,"url":"https:\/\/ecohotelelagua.com\/wp-content\/uploads\/2022\/01\/yoga_relax.jpeg","type":"image\/jpeg"}],"twitter_card":"summary_large_image","twitter_misc":{"Dur\u00e9e de lecture estim\u00e9e":"1 minute"},"schema":{"@context":"https:\/\/schema.org","@graph":[{"@type":"WebPage","@id":"http:\/\/ecohotelelagua.com\/en\/nuestros-valores\/","url":"http:\/\/ecohotelelagua.com\/en\/nuestros-valores\/","name":"EcoHotel El Agua","isPartOf":{"@id":"https:\/\/ecohotelelagua.com\/fr\/#website"},"primaryImageOfPage":{"@id":"http:\/\/ecohotelelagua.com\/en\/nuestros-valores\/#primaryimage"},"image":{"@id":"http:\/\/ecohotelelagua.com\/en\/nuestros-valores\/#primaryimage"},"thumbnailUrl":"https:\/\/ecohotelelagua.com\/wp-content\/uploads\/2022\/01\/yoga_relax.jpeg","datePublished":"2022-05-02T08:26:21+00:00","dateModified":"2025-04-08T09:05:08+00:00","description":"Based on the ideals of Hippocratic Medicine, Naturopathy and Mindfulness our focus is on the body\u2019s ability to heal itself.","breadcrumb":{"@id":"http:\/\/ecohotelelagua.com\/en\/nuestros-valores\/#breadcrumb"},"inLanguage":"fr-FR","potentialAction":[{"@type":"ReadAction","target":["http:\/\/ecohotelelagua.com\/en\/nuestros-valores\/"]}]},{"@type":"ImageObject","inLanguage":"fr-FR","@id":"http:\/\/ecohotelelagua.com\/en\/nuestros-valores\/#primaryimage","url":"https:\/\/ecohotelelagua.com\/wp-content\/uploads\/2022\/01\/yoga_relax.jpeg","contentUrl":"https:\/\/ecohotelelagua.com\/wp-content\/uploads\/2022\/01\/yoga_relax.jpeg","width":1124,"height":750},{"@type":"BreadcrumbList","@id":"http:\/\/ecohotelelagua.com\/en\/nuestros-valores\/#breadcrumb","itemListElement":[{"@type":"ListItem","position":1,"name":"Home","item":"https:\/\/ecohotelelagua.com\/en\/"},{"@type":"ListItem","position":2,"name":"Nuestros valores"}]},{"@type":"WebSite","@id":"https:\/\/ecohotelelagua.com\/fr\/#website","url":"https:\/\/ecohotelelagua.com\/fr\/","name":"EcoHotel El Agua","description":"EcoHotel El Agua","publisher":{"@id":"https:\/\/ecohotelelagua.com\/fr\/#organization"},"potentialAction":[{"@type":"SearchAction","target":{"@type":"EntryPoint","urlTemplate":"https:\/\/ecohotelelagua.com\/fr\/?s={search_term_string}"},"query-input":{"@type":"PropertyValueSpecification","valueRequired":true,"valueName":"search_term_string"}}],"inLanguage":"fr-FR"},{"@type":"Organization","@id":"https:\/\/ecohotelelagua.com\/fr\/#organization","name":"L'Eco Hotel el Agua","url":"https:\/\/ecohotelelagua.com\/fr\/","logo":{"@type":"ImageObject","inLanguage":"fr-FR","@id":"https:\/\/ecohotelelagua.com\/fr\/#\/schema\/logo\/image\/","url":"https:\/\/ecohotelelagua.com\/wp-content\/uploads\/2022\/01\/ig-1.png","contentUrl":"https:\/\/ecohotelelagua.com\/wp-content\/uploads\/2022\/01\/ig-1.png","width":300,"height":148,"caption":"Eco Hotel el Agua"},"image":{"@id":"https:\/\/ecohotelelagua.com\/fr\/#\/schema\/logo\/image\/"},"sameAs":["https:\/\/www.instagram.com\/p\/CZSWRFft7Ls\/?utm_medium=share_sheet","https:\/\/pin.it\/4kyijpT"]}]}},"_links":{"self":[{"href":"https:\/\/ecohotelelagua.com\/fr\/wp-json\/wp\/v2\/pages\/4959","targetHints":{"allow":["GET"]}}],"collection":[{"href":"https:\/\/ecohotelelagua.com\/fr\/wp-json\/wp\/v2\/pages"}],"about":[{"href":"https:\/\/ecohotelelagua.com\/fr\/wp-json\/wp\/v2\/types\/page"}],"author":[{"embeddable":true,"href":"https:\/\/ecohotelelagua.com\/fr\/wp-json\/wp\/v2\/users\/1"}],"replies":[{"embeddable":true,"href":"https:\/\/ecohotelelagua.com\/fr\/wp-json\/wp\/v2\/comments?post=4959"}],"version-history":[{"count":3,"href":"https:\/\/ecohotelelagua.com\/fr\/wp-json\/wp\/v2\/pages\/4959\/revisions"}],"predecessor-version":[{"id":16593,"href":"https:\/\/ecohotelelagua.com\/fr\/wp-json\/wp\/v2\/pages\/4959\/revisions\/16593"}],"wp:featuredmedia":[{"embeddable":true,"href":"https:\/\/ecohotelelagua.com\/fr\/wp-json\/wp\/v2\/media\/2844"}],"wp:attachment":[{"href":"https:\/\/ecohotelelagua.com\/fr\/wp-json\/wp\/v2\/media?parent=4959"}],"curies":[{"name":"wp","href":"https:\/\/api.w.org\/{rel}","templated":true}]}}