{"id":3319,"date":"2022-02-04T21:32:09","date_gmt":"2022-02-04T21:32:09","guid":{"rendered":"https:\/\/www.ecohotelelagua.com\/?page_id=3319"},"modified":"2025-08-08T06:00:39","modified_gmt":"2025-08-08T06:00:39","slug":"cookies","status":"publish","type":"page","link":"https:\/\/ecohotelelagua.com\/fr\/cookies\/","title":{"rendered":"Cookies"},"content":{"rendered":"<div data-elementor-type=\"wp-page\" data-elementor-id=\"3319\" class=\"elementor elementor-3319\" data-elementor-settings=\"{&quot;ha_cmc_init_switcher&quot;:&quot;no&quot;}\" data-elementor-post-type=\"page\">\n\t\t\t\t\t\t<section class=\"elementor-section elementor-top-section elementor-element elementor-element-dad1498 elementor-section-boxed elementor-section-height-default elementor-section-height-default\" data-id=\"dad1498\" data-element_type=\"section\" data-e-type=\"section\" data-settings=\"{&quot;background_background&quot;:&quot;classic&quot;,&quot;_ha_eqh_enable&quot;:false}\">\n\t\t\t\t\t\t<div class=\"elementor-container elementor-column-gap-default\">\n\t\t\t\t\t<div class=\"elementor-column elementor-col-100 elementor-top-column elementor-element elementor-element-b096d37\" data-id=\"b096d37\" data-element_type=\"column\" data-e-type=\"column\">\n\t\t\t<div class=\"elementor-widget-wrap elementor-element-populated\">\n\t\t\t\t\t\t<div class=\"elementor-element elementor-element-faa26b3 elementor-widget elementor-widget-text-editor\" data-id=\"faa26b3\" data-element_type=\"widget\" data-e-type=\"widget\" data-widget_type=\"text-editor.default\">\n\t\t\t\t\t\t\t\t\t<h6><strong>Politique en mati\u00e8re de cookies de l'Eco Hotel El Agua<\/strong><\/h6><h6><strong>Dernier examen le 2 janvier 2022<\/strong><\/h6><h2>Champ d'application de la politique en mati\u00e8re de cookies<\/h2><p>La pr\u00e9sente politique de confidentialit\u00e9 d\u00e9crit la mani\u00e8re dont Eco Hotel El Agua (\"nous\" ou \"notre\" ou \"nos\") recueille, utilise, consulte ou traite de toute autre mani\u00e8re les donn\u00e9es personnelles d'un individu en ce qui concerne l'utilisation de cookies. Cette politique de confidentialit\u00e9 s'applique globalement, mais en fonction de votre lieu de r\u00e9sidence, certaines dispositions sp\u00e9cifiques de cette politique de confidentialit\u00e9 peuvent ne pas s'appliquer \u00e0 vous ; cependant, elle doit \u00eatre appliqu\u00e9e et interpr\u00e9t\u00e9e en combinaison avec la politique de confidentialit\u00e9 de l'Eco Hotel El Agua, qui peut \u00eatre consult\u00e9e sur le lien correspondant ici :\u00a0<\/p><p><a href=\"https:\/\/ecohotelelagua.com\/fr\/privacy\/\">https:\/\/www.ecohotelelagua.com\/privacy<\/a><\/p><h2>Qu'est-ce qu'un cookie ?<\/h2><p>Les cookies sont de petits morceaux de texte envoy\u00e9s par votre navigateur web ou par un site web que vous visitez. Un fichier cookie est stock\u00e9 dans votre navigateur web et nous permet, \u00e0 nous ou \u00e0 un tiers, de vous reconna\u00eetre et de rendre votre prochaine visite plus facile et le service plus utile pour vous.<\/p><p>Les cookies peuvent \u00eatre \"persistants\" ou \"de session\".<\/p><h2 id=\"tw-target-text\" class=\"tw-data-text tw-text-large tw-ta\" dir=\"ltr\" data-placeholder=\"Translation\"><span class=\"Y2IQFc\" lang=\"es\">Comment nous utilisons les cookies<\/span><\/h2><pre id=\"tw-target-text\" class=\"tw-data-text tw-text-large tw-ta\" dir=\"ltr\" data-placeholder=\"Translation\"><span class=\"Y2IQFc\" lang=\"es\">Nous utilisons des cookies aux fins suivantes :<\/span><\/pre><ul><li>pour permettre certaines fonctions du service,<\/li><li>pour fournir une analyse,<\/li><li>pour enregistrer vos pr\u00e9f\u00e9rences,<\/li><li>pour permettre la diffusion de publicit\u00e9s.<\/li><\/ul><p><strong>\u00a0<\/strong><\/p><p><strong>- Cookies strictement n\u00e9cessaires : <\/strong>Ces cookies sont n\u00e9cessaires au fonctionnement du site web et ne peuvent \u00eatre d\u00e9sactiv\u00e9s sur nos syst\u00e8mes. Ils ne sont g\u00e9n\u00e9ralement install\u00e9s qu'en r\u00e9ponse \u00e0 des actions que vous effectuez et qui \u00e9quivalent \u00e0 une demande de services, telles que le r\u00e9glage de vos pr\u00e9f\u00e9rences en mati\u00e8re de confidentialit\u00e9, la connexion ou le remplissage de formulaires. Vous pouvez configurer votre navigateur pour qu'il bloque ces cookies ou vous en avertisse, mais certaines parties du site ne fonctionneront pas.<\/p><p><strong>- Cookies de performance : <\/strong>Ces cookies nous permettent de compter les visites et les sources de trafic afin de mesurer et d'am\u00e9liorer les performances de notre site. Ils nous aident \u00e0 savoir quelles sont les pages les plus et les moins populaires et \u00e0 voir comment les visiteurs se d\u00e9placent sur le site. Toutes les informations collect\u00e9es par ces cookies sont agr\u00e9g\u00e9es et donc anonymes. Si vous n'autorisez pas ces cookies, nous ne saurons pas quand vous avez visit\u00e9 notre site et nous ne pourrons pas contr\u00f4ler ses performances.<\/p><h2>Quels sont vos choix en mati\u00e8re de cookies ?<\/h2><p>La technologie de suivi nous aide \u00e0 g\u00e9rer et \u00e0 am\u00e9liorer la convivialit\u00e9 du site Web de l'Eco Hotel El Agua, par exemple en d\u00e9tectant s'il y a eu un contact entre votre ordinateur et nous dans le pass\u00e9 et en identifiant les sections les plus populaires du site Web de l'Eco Hotel El Agua.<\/p><p>Sur la base d'une description plus d\u00e9taill\u00e9e de l'utilisation des cookies, notre outil de gestion des cookies (\"l'outil\") vous aide \u00e0 g\u00e9rer vos pr\u00e9f\u00e9rences en mati\u00e8re de cookies, y compris l'octroi de votre consentement. Vous pouvez \u00e0 tout moment retirer votre consentement \u00e0 l'utilisation de certains cookies en utilisant l'outil susmentionn\u00e9.<\/p><p>Lorsque vous enregistrez vos param\u00e8tres de cookies, ils devraient \u00e9galement s'appliquer \u00e0 vos futures visites sur le site Web de Eco Hotel El Agua. Toutefois, pour des raisons techniques ind\u00e9pendantes de la volont\u00e9 de l'Eco Hotel El Agua, cela ne peut \u00eatre garanti. Par exemple, si vous r\u00e9initialisez votre navigateur, supprimez vos cookies ou acc\u00e9dez au site web de l'Eco Hotel El Agua \u00e0 partir d'un autre navigateur ou appareil, il se peut que vos param\u00e8tres de cookies ne soient pas r\u00e9cup\u00e9r\u00e9s. Pour se conformer aux lois et r\u00e9glementations applicables, dans certains pays, il peut vous \u00eatre demand\u00e9 de confirmer vos param\u00e8tres de cookies lors de votre premi\u00e8re visite sur le site web de l'Eco Hotel El Agua. Si vous vous trouvez dans un pays o\u00f9 vous \u00eates automatiquement invit\u00e9 \u00e0 d\u00e9finir vos param\u00e8tres de cookies, il se peut que vous soyez invit\u00e9 \u00e0 les red\u00e9finir lors d'une prochaine visite.<\/p><p>Veuillez vous assurer que les param\u00e8tres de votre navigateur indiquent si vous souhaitez refuser les technologies de suivi (telles que les cookies) au pr\u00e9alable. Les capacit\u00e9s sp\u00e9cifiques de votre navigateur et les instructions sur la mani\u00e8re de les utiliser peuvent g\u00e9n\u00e9ralement \u00eatre trouv\u00e9es dans le manuel ou le fichier d'aide de votre navigateur.<\/p><p>Sans les technologies de suivi, la disponibilit\u00e9 des services fournis par le site Web de l'Eco Hotel El Agua peut \u00eatre r\u00e9duite, ou certaines parties du site Web de l'Eco Hotel El Agua peuvent ne pas fonctionner correctement.<\/p><p><strong>\u00a0<\/strong><\/p><h3>Comment nous contacter<\/h3><p>Les questions, commentaires, remarques, demandes ou plaintes concernant la pr\u00e9sente politique de protection de la vie priv\u00e9e sont les bienvenus et doivent \u00eatre adress\u00e9s \u00e0<\/p><p><a href=\"mailto:info@ecohotelelagua.com\"> info@ecohotelelagua.com<\/a>.<\/p>\t\t\t\t\t\t\t\t<\/div>\n\t\t\t\t<div class=\"elementor-element elementor-element-0bdbc5a elementor-align-left elementor-widget elementor-widget-button\" data-id=\"0bdbc5a\" data-element_type=\"widget\" data-e-type=\"widget\" data-widget_type=\"button.default\">\n\t\t\t\t\t\t\t\t\t\t<a class=\"elementor-button elementor-button-link elementor-size-sm\" href=\"tel:+34%20698%2098%2085%2085\">\n\t\t\t\t\t\t<span class=\"elementor-button-content-wrapper\">\n\t\t\t\t\t\t<span class=\"elementor-button-icon\">\n\t\t\t\t<svg aria-hidden=\"true\" class=\"e-font-icon-svg e-fas-phone-alt\" viewbox=\"0 0 512 512\" xmlns=\"http:\/\/www.w3.org\/2000\/svg\"><path d=\"M497.39 361.8l-112-48a24 24 0 0 0-28 6.9l-49.6 60.6A370.66 370.66 0 0 1 130.6 204.11l60.6-49.6a23.94 23.94 0 0 0 6.9-28l-48-112A24.16 24.16 0 0 0 122.6.61l-104 24A24 24 0 0 0 0 48c0 256.5 207.9 464 464 464a24 24 0 0 0 23.4-18.6l24-104a24.29 24.29 0 0 0-14.01-27.6z\"><\/path><\/svg>\t\t\t<\/span>\n\t\t\t\t\t\t\t\t\t<span class=\"elementor-button-text\">Notre num\u00e9ro de t\u00e9l\u00e9phone : tel:+34 698 98 85 85<\/span>\n\t\t\t\t\t<\/span>\n\t\t\t\t\t<\/a>\n\t\t\t\t\t\t\t\t<\/div>\n\t\t\t\t\t<\/div>\n\t\t<\/div>\n\t\t\t\t\t<\/div>\n\t\t<\/section>\n\t\t\t\t<\/div>","protected":false},"excerpt":{"rendered":"<p>Pol\u00edtica de cookies de Eco Hotel El Agua \u00daLTIMA REVISI\u00d3N EL 2 de enero de 2022 Alcance de la Pol\u00edtica de Cookies Esta Pol\u00edtica de privacidad describe c\u00f3mo Eco Hotel El Agua (\u00abnosotros\u00bb o \u00abnosotros\u00bb) recopila, usa, consulta o procesa de otro modo los datos personales de una persona con respecto al uso de cookies. [&hellip;]<\/p>\n","protected":false},"author":1,"featured_media":0,"parent":0,"menu_order":0,"comment_status":"closed","ping_status":"closed","template":"","meta":{"inline_featured_image":false,"footnotes":""},"class_list":["post-3319","page","type-page","status-publish","hentry"],"yoast_head":"<!-- This site is optimized with the Yoast SEO Premium plugin v27.2 (Yoast SEO v27.2) - https:\/\/yoast.com\/product\/yoast-seo-premium-wordpress\/ -->\n<title>EcoHotel El Agua<\/title>\n<meta name=\"robots\" content=\"index, follow, max-snippet:-1, max-image-preview:large, max-video-preview:-1\" \/>\n<link rel=\"canonical\" href=\"http:\/\/ecohotelelagua.com\/fr\/cookies\/\" \/>\n<meta property=\"og:locale\" content=\"fr_FR\" \/>\n<meta property=\"og:type\" content=\"article\" \/>\n<meta property=\"og:title\" content=\"Cookies\" \/>\n<meta property=\"og:description\" content=\"Pol\u00edtica de cookies de Eco Hotel El Agua \u00daLTIMA REVISI\u00d3N EL 2 de enero de 2022 Alcance de la Pol\u00edtica de Cookies Esta Pol\u00edtica de privacidad describe c\u00f3mo Eco Hotel El Agua (\u00abnosotros\u00bb o \u00abnosotros\u00bb) recopila, usa, consulta o procesa de otro modo los datos personales de una persona con respecto al uso de cookies. [&hellip;]\" \/>\n<meta property=\"og:url\" content=\"http:\/\/ecohotelelagua.com\/fr\/cookies\/\" \/>\n<meta property=\"og:site_name\" content=\"EcoHotel El Agua\" \/>\n<meta property=\"article:modified_time\" content=\"2025-08-08T06:00:39+00:00\" \/>\n<meta property=\"og:image\" content=\"https:\/\/ecohotelelagua.com\/wp-content\/uploads\/2022\/09\/L1160590.png\" \/>\n\t<meta property=\"og:image:width\" content=\"1600\" \/>\n\t<meta property=\"og:image:height\" content=\"1004\" \/>\n\t<meta property=\"og:image:type\" content=\"image\/png\" \/>\n<meta name=\"twitter:card\" content=\"summary_large_image\" \/>\n<meta name=\"twitter:label1\" content=\"Dur\u00e9e de lecture estim\u00e9e\" \/>\n\t<meta name=\"twitter:data1\" content=\"4 minutes\" \/>\n<script type=\"application\/ld+json\" class=\"yoast-schema-graph\">{\"@context\":\"https:\/\/schema.org\",\"@graph\":[{\"@type\":\"WebPage\",\"@id\":\"http:\/\/ecohotelelagua.com\/en\/cookies\/\",\"url\":\"http:\/\/ecohotelelagua.com\/en\/cookies\/\",\"name\":\"EcoHotel El Agua\",\"isPartOf\":{\"@id\":\"https:\/\/ecohotelelagua.com\/fr\/#website\"},\"datePublished\":\"2022-02-04T21:32:09+00:00\",\"dateModified\":\"2025-08-08T06:00:39+00:00\",\"breadcrumb\":{\"@id\":\"http:\/\/ecohotelelagua.com\/en\/cookies\/#breadcrumb\"},\"inLanguage\":\"fr-FR\",\"potentialAction\":[{\"@type\":\"ReadAction\",\"target\":[\"http:\/\/ecohotelelagua.com\/en\/cookies\/\"]}]},{\"@type\":\"BreadcrumbList\",\"@id\":\"http:\/\/ecohotelelagua.com\/en\/cookies\/#breadcrumb\",\"itemListElement\":[{\"@type\":\"ListItem\",\"position\":1,\"name\":\"Home\",\"item\":\"https:\/\/ecohotelelagua.com\/\"},{\"@type\":\"ListItem\",\"position\":2,\"name\":\"Cookies\"}]},{\"@type\":\"WebSite\",\"@id\":\"https:\/\/ecohotelelagua.com\/fr\/#website\",\"url\":\"https:\/\/ecohotelelagua.com\/fr\/\",\"name\":\"EcoHotel El Agua\",\"description\":\"EcoHotel El Agua\",\"publisher\":{\"@id\":\"https:\/\/ecohotelelagua.com\/fr\/#organization\"},\"potentialAction\":[{\"@type\":\"SearchAction\",\"target\":{\"@type\":\"EntryPoint\",\"urlTemplate\":\"https:\/\/ecohotelelagua.com\/fr\/?s={search_term_string}\"},\"query-input\":{\"@type\":\"PropertyValueSpecification\",\"valueRequired\":true,\"valueName\":\"search_term_string\"}}],\"inLanguage\":\"fr-FR\"},{\"@type\":\"Organization\",\"@id\":\"https:\/\/ecohotelelagua.com\/fr\/#organization\",\"name\":\"Eco Hotel el Agua\",\"url\":\"https:\/\/ecohotelelagua.com\/fr\/\",\"logo\":{\"@type\":\"ImageObject\",\"inLanguage\":\"fr-FR\",\"@id\":\"https:\/\/ecohotelelagua.com\/fr\/#\/schema\/logo\/image\/\",\"url\":\"https:\/\/ecohotelelagua.com\/wp-content\/uploads\/2022\/01\/ig-1.png\",\"contentUrl\":\"https:\/\/ecohotelelagua.com\/wp-content\/uploads\/2022\/01\/ig-1.png\",\"width\":300,\"height\":148,\"caption\":\"Eco Hotel el Agua\"},\"image\":{\"@id\":\"https:\/\/ecohotelelagua.com\/fr\/#\/schema\/logo\/image\/\"},\"sameAs\":[\"https:\/\/www.instagram.com\/p\/CZSWRFft7Ls\/?utm_medium=share_sheet\",\"https:\/\/pin.it\/4kyijpT\"]}]}<\/script>\n<!-- \/ Yoast SEO Premium plugin. -->","yoast_head_json":{"title":"EcoHotel El Agua","robots":{"index":"index","follow":"follow","max-snippet":"max-snippet:-1","max-image-preview":"max-image-preview:large","max-video-preview":"max-video-preview:-1"},"canonical":"http:\/\/ecohotelelagua.com\/fr\/cookies\/","og_locale":"fr_FR","og_type":"article","og_title":"Cookies","og_description":"Pol\u00edtica de cookies de Eco Hotel El Agua \u00daLTIMA REVISI\u00d3N EL 2 de enero de 2022 Alcance de la Pol\u00edtica de Cookies Esta Pol\u00edtica de privacidad describe c\u00f3mo Eco Hotel El Agua (\u00abnosotros\u00bb o \u00abnosotros\u00bb) recopila, usa, consulta o procesa de otro modo los datos personales de una persona con respecto al uso de cookies. [&hellip;]","og_url":"http:\/\/ecohotelelagua.com\/fr\/cookies\/","og_site_name":"EcoHotel El Agua","article_modified_time":"2025-08-08T06:00:39+00:00","og_image":[{"width":1600,"height":1004,"url":"https:\/\/ecohotelelagua.com\/wp-content\/uploads\/2022\/09\/L1160590.png","type":"image\/png"}],"twitter_card":"summary_large_image","twitter_misc":{"Dur\u00e9e de lecture estim\u00e9e":"4 minutes"},"schema":{"@context":"https:\/\/schema.org","@graph":[{"@type":"WebPage","@id":"http:\/\/ecohotelelagua.com\/en\/cookies\/","url":"http:\/\/ecohotelelagua.com\/en\/cookies\/","name":"EcoHotel El Agua","isPartOf":{"@id":"https:\/\/ecohotelelagua.com\/fr\/#website"},"datePublished":"2022-02-04T21:32:09+00:00","dateModified":"2025-08-08T06:00:39+00:00","breadcrumb":{"@id":"http:\/\/ecohotelelagua.com\/en\/cookies\/#breadcrumb"},"inLanguage":"fr-FR","potentialAction":[{"@type":"ReadAction","target":["http:\/\/ecohotelelagua.com\/en\/cookies\/"]}]},{"@type":"BreadcrumbList","@id":"http:\/\/ecohotelelagua.com\/en\/cookies\/#breadcrumb","itemListElement":[{"@type":"ListItem","position":1,"name":"Home","item":"https:\/\/ecohotelelagua.com\/"},{"@type":"ListItem","position":2,"name":"Cookies"}]},{"@type":"WebSite","@id":"https:\/\/ecohotelelagua.com\/fr\/#website","url":"https:\/\/ecohotelelagua.com\/fr\/","name":"EcoHotel El Agua","description":"EcoHotel El Agua","publisher":{"@id":"https:\/\/ecohotelelagua.com\/fr\/#organization"},"potentialAction":[{"@type":"SearchAction","target":{"@type":"EntryPoint","urlTemplate":"https:\/\/ecohotelelagua.com\/fr\/?s={search_term_string}"},"query-input":{"@type":"PropertyValueSpecification","valueRequired":true,"valueName":"search_term_string"}}],"inLanguage":"fr-FR"},{"@type":"Organization","@id":"https:\/\/ecohotelelagua.com\/fr\/#organization","name":"L'Eco Hotel el Agua","url":"https:\/\/ecohotelelagua.com\/fr\/","logo":{"@type":"ImageObject","inLanguage":"fr-FR","@id":"https:\/\/ecohotelelagua.com\/fr\/#\/schema\/logo\/image\/","url":"https:\/\/ecohotelelagua.com\/wp-content\/uploads\/2022\/01\/ig-1.png","contentUrl":"https:\/\/ecohotelelagua.com\/wp-content\/uploads\/2022\/01\/ig-1.png","width":300,"height":148,"caption":"Eco Hotel el Agua"},"image":{"@id":"https:\/\/ecohotelelagua.com\/fr\/#\/schema\/logo\/image\/"},"sameAs":["https:\/\/www.instagram.com\/p\/CZSWRFft7Ls\/?utm_medium=share_sheet","https:\/\/pin.it\/4kyijpT"]}]}},"_links":{"self":[{"href":"https:\/\/ecohotelelagua.com\/fr\/wp-json\/wp\/v2\/pages\/3319","targetHints":{"allow":["GET"]}}],"collection":[{"href":"https:\/\/ecohotelelagua.com\/fr\/wp-json\/wp\/v2\/pages"}],"about":[{"href":"https:\/\/ecohotelelagua.com\/fr\/wp-json\/wp\/v2\/types\/page"}],"author":[{"embeddable":true,"href":"https:\/\/ecohotelelagua.com\/fr\/wp-json\/wp\/v2\/users\/1"}],"replies":[{"embeddable":true,"href":"https:\/\/ecohotelelagua.com\/fr\/wp-json\/wp\/v2\/comments?post=3319"}],"version-history":[{"count":3,"href":"https:\/\/ecohotelelagua.com\/fr\/wp-json\/wp\/v2\/pages\/3319\/revisions"}],"predecessor-version":[{"id":17695,"href":"https:\/\/ecohotelelagua.com\/fr\/wp-json\/wp\/v2\/pages\/3319\/revisions\/17695"}],"wp:attachment":[{"href":"https:\/\/ecohotelelagua.com\/fr\/wp-json\/wp\/v2\/media?parent=3319"}],"curies":[{"name":"wp","href":"https:\/\/api.w.org\/{rel}","templated":true}]}}