{"id":3005,"date":"2022-02-03T16:46:39","date_gmt":"2022-02-03T16:46:39","guid":{"rendered":"https:\/\/www.ecohotelelagua.com\/?page_id=3005"},"modified":"2026-02-11T12:45:54","modified_gmt":"2026-02-11T12:45:54","slug":"contact","status":"publish","type":"page","link":"https:\/\/ecohotelelagua.com\/fr\/contact\/","title":{"rendered":"Contact"},"content":{"rendered":"\t\t<div data-elementor-type=\"wp-page\" data-elementor-id=\"3005\" class=\"elementor elementor-3005\" data-elementor-settings=\"{&quot;ha_cmc_init_switcher&quot;:&quot;no&quot;}\" data-elementor-post-type=\"page\">\n\t\t\t\t\t\t<section class=\"elementor-section elementor-top-section elementor-element elementor-element-2989d2f elementor-section-full_width elementor-section-height-full elementor-section-items-top elementor-section-content-bottom elementor-section-height-default\" data-id=\"2989d2f\" data-element_type=\"section\" data-e-type=\"section\" data-settings=\"{&quot;background_background&quot;:&quot;slideshow&quot;,&quot;background_slideshow_slide_duration&quot;:3000,&quot;background_slideshow_transition_duration&quot;:2500,&quot;background_slideshow_ken_burns&quot;:&quot;yes&quot;,&quot;background_slideshow_gallery&quot;:[],&quot;background_slideshow_loop&quot;:&quot;yes&quot;,&quot;background_slideshow_slide_transition&quot;:&quot;fade&quot;,&quot;background_slideshow_ken_burns_zoom_direction&quot;:&quot;in&quot;,&quot;_ha_eqh_enable&quot;:false}\">\n\t\t\t\t\t\t<div class=\"elementor-container elementor-column-gap-no\">\n\t\t\t\t\t<div class=\"elementor-column elementor-col-100 elementor-top-column elementor-element elementor-element-d57f65b\" data-id=\"d57f65b\" data-element_type=\"column\" data-e-type=\"column\">\n\t\t\t<div class=\"elementor-widget-wrap elementor-element-populated\">\n\t\t\t\t\t\t<div class=\"elementor-element elementor-element-cb2f166 elementor--h-position-left elementor-hidden-mobile elementor--v-position-middle elementor-pagination-position-inside elementor-widget elementor-widget-slides\" data-id=\"cb2f166\" data-element_type=\"widget\" data-e-type=\"widget\" data-settings=\"{&quot;autoplay_speed&quot;:4000,&quot;transition&quot;:&quot;fade&quot;,&quot;transition_speed&quot;:3500,&quot;navigation&quot;:&quot;dots&quot;,&quot;autoplay&quot;:&quot;yes&quot;,&quot;infinite&quot;:&quot;yes&quot;}\" data-widget_type=\"slides.default\">\n\t\t\t\t\t\t\t\t\t\t<div class=\"elementor-slides-wrapper elementor-main-swiper swiper\" role=\"region\" aria-roledescription=\"carousel\" aria-label=\"Slides\" dir=\"ltr\" data-animation=\"fadeInDown\">\n\t\t\t\t<div class=\"swiper-wrapper elementor-slides\">\n\t\t\t\t\t\t\t\t\t\t<div class=\"elementor-repeater-item-66f4526 swiper-slide\" role=\"group\" aria-roledescription=\"slide\"><div class=\"swiper-slide-bg\" role=\"img\" aria-label=\"Las Tres Palmeras\"><\/div><div class=\"swiper-slide-inner\" ><div class=\"swiper-slide-contents\"><div class=\"elementor-slide-heading\">Contacta con nosotros<\/div><\/div><\/div><\/div><div class=\"elementor-repeater-item-13f140a swiper-slide\" role=\"group\" aria-roledescription=\"slide\"><div class=\"swiper-slide-bg\" role=\"img\" aria-label=\"Las Tres Palmeras\"><\/div><div class=\"swiper-slide-inner\" ><div class=\"swiper-slide-contents\"><div class=\"elementor-slide-heading\">Contacta con nosotros<\/div><\/div><\/div><\/div><div class=\"elementor-repeater-item-cac6eb6 swiper-slide\" role=\"group\" aria-roledescription=\"slide\"><div class=\"swiper-slide-bg\" role=\"img\" aria-label=\"Las Tres Palmeras\"><\/div><div class=\"swiper-slide-inner\" ><div class=\"swiper-slide-contents\"><div class=\"elementor-slide-heading\">Contacta con nosotros<\/div><\/div><\/div><\/div><div class=\"elementor-repeater-item-5b8810a swiper-slide\" role=\"group\" aria-roledescription=\"slide\"><div class=\"swiper-slide-bg\" role=\"img\" aria-label=\"yoga_relax\"><\/div><div class=\"swiper-slide-inner\" ><div class=\"swiper-slide-contents\"><div class=\"elementor-slide-heading\">Contacta con nosotros<\/div><\/div><\/div><\/div><div class=\"elementor-repeater-item-3ecdb32 swiper-slide\" role=\"group\" aria-roledescription=\"slide\"><div class=\"swiper-slide-bg\" role=\"img\" aria-label=\"Las Tres Palmeras\"><\/div><div class=\"swiper-slide-inner\" ><div class=\"swiper-slide-contents\"><div class=\"elementor-slide-heading\">Contacta con nosotros<\/div><\/div><\/div><\/div>\t\t\t\t<\/div>\n\t\t\t\t\t\t\t\t\t\t\t\t\t\t\t\t\t\t\t\t<div class=\"swiper-pagination\"><\/div>\n\t\t\t\t\t\t\t\t\t\t\t\t<\/div>\n\t\t\t\t\t\t\t\t<\/div>\n\t\t\t\t<div class=\"elementor-element elementor-element-e47581f elementor-hidden-desktop elementor-hidden-tablet elementor--h-position-center elementor--v-position-middle elementor-widget elementor-widget-slides\" data-id=\"e47581f\" data-element_type=\"widget\" data-e-type=\"widget\" data-settings=\"{&quot;navigation&quot;:&quot;none&quot;,&quot;autoplay_speed&quot;:4000,&quot;transition&quot;:&quot;fade&quot;,&quot;transition_speed&quot;:3500,&quot;autoplay&quot;:&quot;yes&quot;,&quot;infinite&quot;:&quot;yes&quot;}\" data-widget_type=\"slides.default\">\n\t\t\t\t\t\t\t\t\t\t<div class=\"elementor-slides-wrapper elementor-main-swiper swiper\" role=\"region\" aria-roledescription=\"carousel\" aria-label=\"Slides\" dir=\"ltr\" data-animation=\"fadeInDown\">\n\t\t\t\t<div class=\"swiper-wrapper elementor-slides\">\n\t\t\t\t\t\t\t\t\t\t<div class=\"elementor-repeater-item-66f4526 swiper-slide\" role=\"group\" aria-roledescription=\"slide\"><div class=\"swiper-slide-bg\" role=\"img\" aria-label=\"Las Tres Palmeras\"><\/div><div class=\"swiper-slide-inner\" ><div class=\"swiper-slide-contents\"><div class=\"elementor-slide-heading\">contact with us<\/div><\/div><\/div><\/div><div class=\"elementor-repeater-item-32772c0 swiper-slide\" role=\"group\" aria-roledescription=\"slide\"><div class=\"swiper-slide-bg\" role=\"img\" aria-label=\"Las Tres Palmeras\"><\/div><div class=\"swiper-slide-inner\" ><div class=\"swiper-slide-contents\"><div class=\"elementor-slide-heading\">contact with us<\/div><\/div><\/div><\/div><div class=\"elementor-repeater-item-1e1945f swiper-slide\" role=\"group\" aria-roledescription=\"slide\"><div class=\"swiper-slide-bg\" role=\"img\" aria-label=\"L1090180\"><\/div><div class=\"swiper-slide-inner\" ><div class=\"swiper-slide-contents\"><div class=\"elementor-slide-heading\">contact with us<\/div><\/div><\/div><\/div><div class=\"elementor-repeater-item-f10f822 swiper-slide\" role=\"group\" aria-roledescription=\"slide\"><div class=\"swiper-slide-bg\" role=\"img\" aria-label=\"yoga_relax\"><\/div><div class=\"swiper-slide-inner\" ><div class=\"swiper-slide-contents\"><div class=\"elementor-slide-heading\">contact with us<\/div><\/div><\/div><\/div><div class=\"elementor-repeater-item-6a1017f swiper-slide\" role=\"group\" aria-roledescription=\"slide\"><div class=\"swiper-slide-bg\" role=\"img\" aria-label=\"Las Tres Palmeras\"><\/div><div class=\"swiper-slide-inner\" ><div class=\"swiper-slide-contents\"><div class=\"elementor-slide-heading\">contact with us<\/div><\/div><\/div><\/div>\t\t\t\t<\/div>\n\t\t\t\t\t\t\t\t\t\t\t\t\t\t\t\t\t\t\t\t\t<\/div>\n\t\t\t\t\t\t\t\t<\/div>\n\t\t\t\t\t<\/div>\n\t\t<\/div>\n\t\t\t\t\t<\/div>\n\t\t<\/section>\n\t\t\t\t<section class=\"elementor-section elementor-top-section elementor-element elementor-element-5d9ba7e elementor-section-boxed elementor-section-height-default elementor-section-height-default\" data-id=\"5d9ba7e\" data-element_type=\"section\" data-e-type=\"section\" data-settings=\"{&quot;_ha_eqh_enable&quot;:false}\">\n\t\t\t\t\t\t<div class=\"elementor-container elementor-column-gap-default\">\n\t\t\t\t\t<div class=\"elementor-column elementor-col-50 elementor-top-column elementor-element elementor-element-986c2bc\" data-id=\"986c2bc\" data-element_type=\"column\" data-e-type=\"column\">\n\t\t\t<div class=\"elementor-widget-wrap elementor-element-populated\">\n\t\t\t\t\t\t<div class=\"elementor-element elementor-element-946921d elementor-widget elementor-widget-text-editor\" data-id=\"946921d\" data-element_type=\"widget\" data-e-type=\"widget\" data-widget_type=\"text-editor.default\">\n\t\t\t\t\t\t\t\t\t<p>RELLENA EL FORMULARIO Y NOS PONDREMOS EN CONTACTO CONTIGO MUY PRONTO<\/p>\t\t\t\t\t\t\t\t<\/div>\n\t\t\t\t<div class=\"elementor-element elementor-element-42e59ce elementor-button-align-start ha-has-bg-overlay elementor-widget elementor-widget-form\" data-id=\"42e59ce\" data-element_type=\"widget\" data-e-type=\"widget\" data-settings=\"{&quot;button_width&quot;:&quot;75&quot;,&quot;step_next_label&quot;:&quot;Next&quot;,&quot;step_previous_label&quot;:&quot;Previous&quot;,&quot;step_type&quot;:&quot;number_text&quot;,&quot;step_icon_shape&quot;:&quot;circle&quot;}\" data-widget_type=\"form.default\">\n\t\t\t\t\t\t\t<form class=\"elementor-form\" method=\"post\" name=\"Contact\" aria-label=\"Contact\">\n\t\t\t<input type=\"hidden\" name=\"post_id\" value=\"3005\"\/>\n\t\t\t<input type=\"hidden\" name=\"form_id\" value=\"42e59ce\"\/>\n\t\t\t<input type=\"hidden\" name=\"referer_title\" value=\"EcoHotel El Agua\" \/>\n\n\t\t\t\t\t\t\t<input type=\"hidden\" name=\"queried_id\" value=\"3005\"\/>\n\t\t\t\n\t\t\t<div class=\"elementor-form-fields-wrapper elementor-labels-above\">\n\t\t\t\t\t\t\t\t<div class=\"elementor-field-type-text elementor-field-group elementor-column elementor-field-group-name elementor-col-75\">\n\t\t\t\t\t\t\t\t\t\t\t\t<label for=\"form-field-name\" class=\"elementor-field-label\">\n\t\t\t\t\t\t\t\tNombre\t\t\t\t\t\t\t<\/label>\n\t\t\t\t\t\t\t\t\t\t\t\t\t\t<input size=\"1\" type=\"text\" name=\"form_fields[name]\" id=\"form-field-name\" class=\"elementor-field elementor-size-md  elementor-field-textual\" placeholder=\"Nombre\">\n\t\t\t\t\t\t\t\t\t\t\t<\/div>\n\t\t\t\t\t\t\t\t<div class=\"elementor-field-type-tel elementor-field-group elementor-column elementor-field-group-field_0b50797 elementor-col-75 elementor-field-required elementor-mark-required\">\n\t\t\t\t\t\t\t\t\t\t\t\t<label for=\"form-field-field_0b50797\" class=\"elementor-field-label\">\n\t\t\t\t\t\t\t\tNum\u00e9ro de tel\u00e9fono\t\t\t\t\t\t\t<\/label>\n\t\t\t\t\t\t\t\t<input size=\"1\" type=\"tel\" name=\"form_fields[field_0b50797]\" id=\"form-field-field_0b50797\" class=\"elementor-field elementor-size-md  elementor-field-textual\" placeholder=\"+123456789\" required=\"required\" pattern=\"[0-9()#&amp;+*-=.]+\" title=\"Only numbers and phone characters (#, -, *, etc) are accepted.\">\n\n\t\t\t\t\t\t<\/div>\n\t\t\t\t\t\t\t\t<div class=\"elementor-field-type-email elementor-field-group elementor-column elementor-field-group-email elementor-col-75 elementor-field-required elementor-mark-required\">\n\t\t\t\t\t\t\t\t\t\t\t\t<label for=\"form-field-email\" class=\"elementor-field-label\">\n\t\t\t\t\t\t\t\tEmail\t\t\t\t\t\t\t<\/label>\n\t\t\t\t\t\t\t\t\t\t\t\t\t\t<input size=\"1\" type=\"email\" name=\"form_fields[email]\" id=\"form-field-email\" class=\"elementor-field elementor-size-md  elementor-field-textual\" placeholder=\"Email\" required=\"required\">\n\t\t\t\t\t\t\t\t\t\t\t<\/div>\n\t\t\t\t\t\t\t\t<div class=\"elementor-field-type-textarea elementor-field-group elementor-column elementor-field-group-message elementor-col-100\">\n\t\t\t\t\t\t\t\t\t\t\t\t<label for=\"form-field-message\" class=\"elementor-field-label\">\n\t\t\t\t\t\t\t\tMensaje\t\t\t\t\t\t\t<\/label>\n\t\t\t\t\t\t<textarea class=\"elementor-field-textual elementor-field  elementor-size-md\" name=\"form_fields[message]\" id=\"form-field-message\" rows=\"4\" placeholder=\"Mensaje\"><\/textarea>\t\t\t\t<\/div>\n\t\t\t\t\t\t\t\t<div class=\"elementor-field-type-acceptance elementor-field-group elementor-column elementor-field-group-field_bad6278 elementor-col-100 elementor-field-required elementor-mark-required\">\n\t\t\t\t\t\t\t<div class=\"elementor-field-subgroup\">\n\t\t\t<span class=\"elementor-field-option\">\n\t\t\t\t<input type=\"checkbox\" name=\"form_fields[field_bad6278]\" id=\"form-field-field_bad6278\" class=\"elementor-field elementor-size-md  elementor-acceptance-field\" required=\"required\">\n\t\t\t\t<label for=\"form-field-field_bad6278\">La informaci\u00f3n facilitada s\u00f3lo ser\u00e1 utilizada para comunicaciones privadas entre el cliente y el Ecohotel el agua.<\/label>\t\t\t<\/span>\n\t\t<\/div>\n\t\t\t\t\t\t<\/div>\n\t\t\t\t\t\t\t\t<div class=\"elementor-field-type-recaptcha elementor-field-group elementor-column elementor-field-group-field_63fab04 elementor-col-100\">\n\t\t\t\t\t<div class=\"elementor-field\" id=\"form-field-field_63fab04\"><div class=\"elementor-g-recaptcha\" data-sitekey=\"6Le4eo4eAAAAAKlep4TbmD_GNpOqBOTlm3rEV-jm\" data-type=\"v2_checkbox\" data-theme=\"light\" data-size=\"normal\"><\/div><\/div>\t\t\t\t<\/div>\n\t\t\t\t\t\t\t\t<div class=\"elementor-field-type-text\">\n\t\t\t\t\t<input size=\"1\" type=\"text\" name=\"form_fields[field_d90fb7a]\" id=\"form-field-field_d90fb7a\" class=\"elementor-field elementor-size-md \" style=\"display:none !important;\">\t\t\t\t<\/div>\n\t\t\t\t\t\t\t\t<div class=\"elementor-field-group elementor-column elementor-field-type-submit elementor-col-75 e-form__buttons\">\n\t\t\t\t\t<button class=\"elementor-button elementor-size-xs elementor-animation-shrink\" type=\"submit\">\n\t\t\t\t\t\t<span class=\"elementor-button-content-wrapper\">\n\t\t\t\t\t\t\t\t\t\t\t\t\t\t\t<span class=\"elementor-button-icon\">\n\t\t\t\t\t\t\t\t\t<i aria-hidden=\"true\" class=\"hm hm-plus-open\"><\/i>\t\t\t\t\t\t\t\t\t\t\t\t\t\t\t\t\t<\/span>\n\t\t\t\t\t\t\t\t\t\t\t\t\t\t\t\t\t\t\t\t\t\t<span class=\"elementor-button-text\">E N V I A R <\/span>\n\t\t\t\t\t\t\t\t\t\t\t\t\t<\/span>\n\t\t\t\t\t<\/button>\n\t\t\t\t<\/div>\n\t\t\t<\/div>\n\t\t<\/form>\n\t\t\t\t\t\t<\/div>\n\t\t\t\t\t<\/div>\n\t\t<\/div>\n\t\t\t\t<div class=\"elementor-column elementor-col-50 elementor-top-column elementor-element elementor-element-26525da\" data-id=\"26525da\" data-element_type=\"column\" data-e-type=\"column\">\n\t\t\t<div class=\"elementor-widget-wrap elementor-element-populated\">\n\t\t\t\t\t\t<div class=\"elementor-element elementor-element-3c4911f elementor-widget elementor-widget-google_maps\" data-id=\"3c4911f\" data-element_type=\"widget\" data-e-type=\"widget\" data-widget_type=\"google_maps.default\">\n\t\t\t\t\t\t\t<div class=\"elementor-custom-embed\">\n\t\t\t<iframe loading=\"lazy\"\n\t\t\t\t\tsrc=\"https:\/\/maps.google.com\/maps?q=Calle%20Veinticinco%20de%20julio%204.%2038589%20Arico%20el%20Nuevo&#038;t=m&#038;z=11&#038;output=embed&#038;iwloc=near\"\n\t\t\t\t\ttitle=\"Calle Veinticinco de julio 4. 38589 Arico el Nuevo\"\n\t\t\t\t\taria-label=\"Calle Veinticinco de julio 4. 38589 Arico el Nuevo\"\n\t\t\t><\/iframe>\n\t\t<\/div>\n\t\t\t\t\t\t<\/div>\n\t\t\t\t\t<\/div>\n\t\t<\/div>\n\t\t\t\t\t<\/div>\n\t\t<\/section>\n\t\t\t\t<\/div>\n\t\t","protected":false},"excerpt":{"rendered":"<p>Contacta con nosotrosContacta con nosotrosContacta con nosotrosContacta con nosotrosContacta con nosotros contact with uscontact with uscontact with uscontact with uscontact with us RELLENA EL FORMULARIO Y NOS PONDREMOS EN CONTACTO CONTIGO MUY PRONTO<\/p>","protected":false},"author":1,"featured_media":2061,"parent":0,"menu_order":0,"comment_status":"closed","ping_status":"closed","template":"","meta":{"inline_featured_image":false,"footnotes":""},"class_list":["post-3005","page","type-page","status-publish","has-post-thumbnail","hentry"],"yoast_head":"<!-- This site is optimized with the Yoast SEO Premium plugin v27.2 (Yoast SEO v27.2) - https:\/\/yoast.com\/product\/yoast-seo-premium-wordpress\/ -->\n<title>EcoHotel El Agua<\/title>\n<meta name=\"robots\" content=\"index, follow, max-snippet:-1, max-image-preview:large, max-video-preview:-1\" \/>\n<link rel=\"canonical\" href=\"https:\/\/ecohotelelagua.com\/fr\/contact\/\" \/>\n<meta property=\"og:locale\" content=\"fr_FR\" \/>\n<meta property=\"og:type\" content=\"article\" \/>\n<meta property=\"og:title\" content=\"Contact\" \/>\n<meta property=\"og:description\" content=\"Contacta con nosotrosContacta con nosotrosContacta con nosotrosContacta con nosotrosContacta con nosotros contact with uscontact with uscontact with uscontact with uscontact with us RELLENA EL FORMULARIO Y NOS PONDREMOS EN CONTACTO CONTIGO MUY PRONTO\" \/>\n<meta property=\"og:url\" content=\"https:\/\/ecohotelelagua.com\/fr\/contact\/\" \/>\n<meta property=\"og:site_name\" content=\"EcoHotel El Agua\" \/>\n<meta property=\"article:modified_time\" content=\"2026-02-11T12:45:54+00:00\" \/>\n<meta property=\"og:image\" content=\"https:\/\/ecohotelelagua.com\/wp-content\/uploads\/2022\/01\/52.jpg\" \/>\n\t<meta property=\"og:image:width\" content=\"1280\" \/>\n\t<meta property=\"og:image:height\" content=\"854\" \/>\n\t<meta property=\"og:image:type\" content=\"image\/jpeg\" \/>\n<meta name=\"twitter:card\" content=\"summary_large_image\" \/>\n<meta name=\"twitter:label1\" content=\"Dur\u00e9e de lecture estim\u00e9e\" \/>\n\t<meta name=\"twitter:data1\" content=\"1 minute\" \/>\n<script type=\"application\/ld+json\" class=\"yoast-schema-graph\">{\"@context\":\"https:\/\/schema.org\",\"@graph\":[{\"@type\":\"WebPage\",\"@id\":\"https:\/\/ecohotelelagua.com\/en\/contact\/\",\"url\":\"https:\/\/ecohotelelagua.com\/en\/contact\/\",\"name\":\"EcoHotel El Agua\",\"isPartOf\":{\"@id\":\"https:\/\/ecohotelelagua.com\/fr\/#website\"},\"primaryImageOfPage\":{\"@id\":\"https:\/\/ecohotelelagua.com\/en\/contact\/#primaryimage\"},\"image\":{\"@id\":\"https:\/\/ecohotelelagua.com\/en\/contact\/#primaryimage\"},\"thumbnailUrl\":\"https:\/\/ecohotelelagua.com\/wp-content\/uploads\/2022\/01\/52.jpg\",\"datePublished\":\"2022-02-03T16:46:39+00:00\",\"dateModified\":\"2026-02-11T12:45:54+00:00\",\"breadcrumb\":{\"@id\":\"https:\/\/ecohotelelagua.com\/en\/contact\/#breadcrumb\"},\"inLanguage\":\"fr-FR\",\"potentialAction\":[{\"@type\":\"ReadAction\",\"target\":[\"https:\/\/ecohotelelagua.com\/en\/contact\/\"]}]},{\"@type\":\"ImageObject\",\"inLanguage\":\"fr-FR\",\"@id\":\"https:\/\/ecohotelelagua.com\/en\/contact\/#primaryimage\",\"url\":\"https:\/\/ecohotelelagua.com\/wp-content\/uploads\/2022\/01\/52.jpg\",\"contentUrl\":\"https:\/\/ecohotelelagua.com\/wp-content\/uploads\/2022\/01\/52.jpg\",\"width\":1280,\"height\":854,\"caption\":\"Las Tres Palmeras\"},{\"@type\":\"BreadcrumbList\",\"@id\":\"https:\/\/ecohotelelagua.com\/en\/contact\/#breadcrumb\",\"itemListElement\":[{\"@type\":\"ListItem\",\"position\":1,\"name\":\"Home\",\"item\":\"https:\/\/ecohotelelagua.com\/\"},{\"@type\":\"ListItem\",\"position\":2,\"name\":\"Contact\"}]},{\"@type\":\"WebSite\",\"@id\":\"https:\/\/ecohotelelagua.com\/fr\/#website\",\"url\":\"https:\/\/ecohotelelagua.com\/fr\/\",\"name\":\"EcoHotel El Agua\",\"description\":\"EcoHotel El Agua\",\"publisher\":{\"@id\":\"https:\/\/ecohotelelagua.com\/fr\/#organization\"},\"potentialAction\":[{\"@type\":\"SearchAction\",\"target\":{\"@type\":\"EntryPoint\",\"urlTemplate\":\"https:\/\/ecohotelelagua.com\/fr\/?s={search_term_string}\"},\"query-input\":{\"@type\":\"PropertyValueSpecification\",\"valueRequired\":true,\"valueName\":\"search_term_string\"}}],\"inLanguage\":\"fr-FR\"},{\"@type\":\"Organization\",\"@id\":\"https:\/\/ecohotelelagua.com\/fr\/#organization\",\"name\":\"Eco Hotel el Agua\",\"url\":\"https:\/\/ecohotelelagua.com\/fr\/\",\"logo\":{\"@type\":\"ImageObject\",\"inLanguage\":\"fr-FR\",\"@id\":\"https:\/\/ecohotelelagua.com\/fr\/#\/schema\/logo\/image\/\",\"url\":\"https:\/\/ecohotelelagua.com\/wp-content\/uploads\/2022\/01\/ig-1.png\",\"contentUrl\":\"https:\/\/ecohotelelagua.com\/wp-content\/uploads\/2022\/01\/ig-1.png\",\"width\":300,\"height\":148,\"caption\":\"Eco Hotel el Agua\"},\"image\":{\"@id\":\"https:\/\/ecohotelelagua.com\/fr\/#\/schema\/logo\/image\/\"},\"sameAs\":[\"https:\/\/www.instagram.com\/p\/CZSWRFft7Ls\/?utm_medium=share_sheet\",\"https:\/\/pin.it\/4kyijpT\"]}]}<\/script>\n<!-- \/ Yoast SEO Premium plugin. -->","yoast_head_json":{"title":"EcoHotel El Agua","robots":{"index":"index","follow":"follow","max-snippet":"max-snippet:-1","max-image-preview":"max-image-preview:large","max-video-preview":"max-video-preview:-1"},"canonical":"https:\/\/ecohotelelagua.com\/fr\/contact\/","og_locale":"fr_FR","og_type":"article","og_title":"Contact","og_description":"Contacta con nosotrosContacta con nosotrosContacta con nosotrosContacta con nosotrosContacta con nosotros contact with uscontact with uscontact with uscontact with uscontact with us RELLENA EL FORMULARIO Y NOS PONDREMOS EN CONTACTO CONTIGO MUY PRONTO","og_url":"https:\/\/ecohotelelagua.com\/fr\/contact\/","og_site_name":"EcoHotel El Agua","article_modified_time":"2026-02-11T12:45:54+00:00","og_image":[{"width":1280,"height":854,"url":"https:\/\/ecohotelelagua.com\/wp-content\/uploads\/2022\/01\/52.jpg","type":"image\/jpeg"}],"twitter_card":"summary_large_image","twitter_misc":{"Dur\u00e9e de lecture estim\u00e9e":"1 minute"},"schema":{"@context":"https:\/\/schema.org","@graph":[{"@type":"WebPage","@id":"https:\/\/ecohotelelagua.com\/en\/contact\/","url":"https:\/\/ecohotelelagua.com\/en\/contact\/","name":"EcoHotel El Agua","isPartOf":{"@id":"https:\/\/ecohotelelagua.com\/fr\/#website"},"primaryImageOfPage":{"@id":"https:\/\/ecohotelelagua.com\/en\/contact\/#primaryimage"},"image":{"@id":"https:\/\/ecohotelelagua.com\/en\/contact\/#primaryimage"},"thumbnailUrl":"https:\/\/ecohotelelagua.com\/wp-content\/uploads\/2022\/01\/52.jpg","datePublished":"2022-02-03T16:46:39+00:00","dateModified":"2026-02-11T12:45:54+00:00","breadcrumb":{"@id":"https:\/\/ecohotelelagua.com\/en\/contact\/#breadcrumb"},"inLanguage":"fr-FR","potentialAction":[{"@type":"ReadAction","target":["https:\/\/ecohotelelagua.com\/en\/contact\/"]}]},{"@type":"ImageObject","inLanguage":"fr-FR","@id":"https:\/\/ecohotelelagua.com\/en\/contact\/#primaryimage","url":"https:\/\/ecohotelelagua.com\/wp-content\/uploads\/2022\/01\/52.jpg","contentUrl":"https:\/\/ecohotelelagua.com\/wp-content\/uploads\/2022\/01\/52.jpg","width":1280,"height":854,"caption":"Las Tres Palmeras"},{"@type":"BreadcrumbList","@id":"https:\/\/ecohotelelagua.com\/en\/contact\/#breadcrumb","itemListElement":[{"@type":"ListItem","position":1,"name":"Home","item":"https:\/\/ecohotelelagua.com\/"},{"@type":"ListItem","position":2,"name":"Contact"}]},{"@type":"WebSite","@id":"https:\/\/ecohotelelagua.com\/fr\/#website","url":"https:\/\/ecohotelelagua.com\/fr\/","name":"EcoHotel El Agua","description":"EcoHotel El Agua","publisher":{"@id":"https:\/\/ecohotelelagua.com\/fr\/#organization"},"potentialAction":[{"@type":"SearchAction","target":{"@type":"EntryPoint","urlTemplate":"https:\/\/ecohotelelagua.com\/fr\/?s={search_term_string}"},"query-input":{"@type":"PropertyValueSpecification","valueRequired":true,"valueName":"search_term_string"}}],"inLanguage":"fr-FR"},{"@type":"Organization","@id":"https:\/\/ecohotelelagua.com\/fr\/#organization","name":"L'Eco Hotel el Agua","url":"https:\/\/ecohotelelagua.com\/fr\/","logo":{"@type":"ImageObject","inLanguage":"fr-FR","@id":"https:\/\/ecohotelelagua.com\/fr\/#\/schema\/logo\/image\/","url":"https:\/\/ecohotelelagua.com\/wp-content\/uploads\/2022\/01\/ig-1.png","contentUrl":"https:\/\/ecohotelelagua.com\/wp-content\/uploads\/2022\/01\/ig-1.png","width":300,"height":148,"caption":"Eco Hotel el Agua"},"image":{"@id":"https:\/\/ecohotelelagua.com\/fr\/#\/schema\/logo\/image\/"},"sameAs":["https:\/\/www.instagram.com\/p\/CZSWRFft7Ls\/?utm_medium=share_sheet","https:\/\/pin.it\/4kyijpT"]}]}},"_links":{"self":[{"href":"https:\/\/ecohotelelagua.com\/fr\/wp-json\/wp\/v2\/pages\/3005","targetHints":{"allow":["GET"]}}],"collection":[{"href":"https:\/\/ecohotelelagua.com\/fr\/wp-json\/wp\/v2\/pages"}],"about":[{"href":"https:\/\/ecohotelelagua.com\/fr\/wp-json\/wp\/v2\/types\/page"}],"author":[{"embeddable":true,"href":"https:\/\/ecohotelelagua.com\/fr\/wp-json\/wp\/v2\/users\/1"}],"replies":[{"embeddable":true,"href":"https:\/\/ecohotelelagua.com\/fr\/wp-json\/wp\/v2\/comments?post=3005"}],"version-history":[{"count":9,"href":"https:\/\/ecohotelelagua.com\/fr\/wp-json\/wp\/v2\/pages\/3005\/revisions"}],"predecessor-version":[{"id":18615,"href":"https:\/\/ecohotelelagua.com\/fr\/wp-json\/wp\/v2\/pages\/3005\/revisions\/18615"}],"wp:featuredmedia":[{"embeddable":true,"href":"https:\/\/ecohotelelagua.com\/fr\/wp-json\/wp\/v2\/media\/2061"}],"wp:attachment":[{"href":"https:\/\/ecohotelelagua.com\/fr\/wp-json\/wp\/v2\/media?parent=3005"}],"curies":[{"name":"wp","href":"https:\/\/api.w.org\/{rel}","templated":true}]}}