{"id":2859,"date":"2022-02-01T06:42:06","date_gmt":"2022-02-01T06:42:06","guid":{"rendered":"https:\/\/www.ecohotelelagua.com\/?page_id=2859"},"modified":"2025-04-08T10:05:39","modified_gmt":"2025-04-08T09:05:39","slug":"our-philosophy","status":"publish","type":"page","link":"https:\/\/ecohotelelagua.com\/fr\/our-philosophy\/","title":{"rendered":"Our philosophy"},"content":{"rendered":"<div data-elementor-type=\"wp-page\" data-elementor-id=\"2859\" class=\"elementor elementor-2859\" data-elementor-settings=\"{&quot;ha_cmc_init_switcher&quot;:&quot;no&quot;}\" data-elementor-post-type=\"page\">\n\t\t\t\t\t\t<section class=\"elementor-section elementor-top-section elementor-element elementor-element-c32e1bf elementor-section-full_width elementor-section-height-min-height elementor-section-items-bottom elementor-section-content-bottom elementor-section-height-default\" data-id=\"c32e1bf\" data-element_type=\"section\" data-e-type=\"section\" data-settings=\"{&quot;background_background&quot;:&quot;classic&quot;,&quot;_ha_eqh_enable&quot;:false}\">\n\t\t\t\t\t\t<div class=\"elementor-container elementor-column-gap-no\">\n\t\t\t\t\t<div class=\"elementor-column elementor-col-100 elementor-top-column elementor-element elementor-element-3bb003d\" data-id=\"3bb003d\" data-element_type=\"column\" data-e-type=\"column\">\n\t\t\t<div class=\"elementor-widget-wrap elementor-element-populated\">\n\t\t\t\t\t\t<div class=\"elementor-element elementor-element-a5109c5 elementor-widget elementor-widget-heading\" data-id=\"a5109c5\" data-element_type=\"widget\" data-e-type=\"widget\" data-widget_type=\"heading.default\">\n\t\t\t\t\t<h2 class=\"elementor-heading-title elementor-size-default\">Notre philosophie<\/h2>\t\t\t\t<\/div>\n\t\t\t\t\t<\/div>\n\t\t<\/div>\n\t\t\t\t\t<\/div>\n\t\t<\/section>\n\t\t\t\t<section class=\"elementor-section elementor-top-section elementor-element elementor-element-c3a1162 elementor-section-boxed elementor-section-height-default elementor-section-height-default\" data-id=\"c3a1162\" data-element_type=\"section\" data-e-type=\"section\" data-settings=\"{&quot;background_background&quot;:&quot;classic&quot;,&quot;_ha_eqh_enable&quot;:false}\">\n\t\t\t\t\t\t<div class=\"elementor-container elementor-column-gap-default\">\n\t\t\t\t\t<div class=\"elementor-column elementor-col-100 elementor-top-column elementor-element elementor-element-58781d1\" data-id=\"58781d1\" data-element_type=\"column\" data-e-type=\"column\">\n\t\t\t<div class=\"elementor-widget-wrap elementor-element-populated\">\n\t\t\t\t\t\t<div class=\"elementor-element elementor-element-bdfe660 elementor-widget elementor-widget-text-editor\" data-id=\"bdfe660\" data-element_type=\"widget\" data-e-type=\"widget\" data-widget_type=\"text-editor.default\">\n\t\t\t\t\t\t\t\t\t<p>Bas\u00e9e sur les id\u00e9aux de la m\u00e9decine hippocratique, de la naturopathie et de la pleine conscience, notre approche repose sur la conviction de la capacit\u00e9 du corps \u00e0 s'auto-gu\u00e9rir en lui donnant les outils n\u00e9cessaires pour pr\u00e9venir les maladies et soulager certaines pathologies existantes. Nos techniques sont bas\u00e9es sur une approche holistique et naturopathique, avec laquelle vous apprendrez \u00e0 harmoniser votre corps, votre mental et votre esprit dans un environnement naturel calme et apaisant. Transformez votre esprit et rajeunissez votre corps.<\/p>\t\t\t\t\t\t\t\t<\/div>\n\t\t\t\t\t<\/div>\n\t\t<\/div>\n\t\t\t\t\t<\/div>\n\t\t<\/section>\n\t\t\t\t<\/div>","protected":false},"excerpt":{"rendered":"<p>Nuestra filosof\u00eda Basados \u200b\u200ben los ideales de la Medicina Hipocr\u00e1tica, la Naturopat\u00eda y el mindfulness, nuestro enfoque reside en la convicci\u00f3n de la capacidad del cuerpo para curarse a s\u00ed mismo d\u00e1ndole las herramientas que necesita para prevenir enfermedades y aliviar ciertas patolog\u00edas existentes. Nuestras t\u00e9cnicas est\u00e1n basadas en un enfoque hol\u00edstico y naturista, con [&hellip;]<\/p>\n","protected":false},"author":1,"featured_media":2082,"parent":0,"menu_order":0,"comment_status":"closed","ping_status":"closed","template":"","meta":{"inline_featured_image":false,"footnotes":""},"class_list":["post-2859","page","type-page","status-publish","has-post-thumbnail","hentry"],"yoast_head":"<!-- This site is optimized with the Yoast SEO Premium plugin v27.2 (Yoast SEO v27.2) - https:\/\/yoast.com\/product\/yoast-seo-premium-wordpress\/ -->\n<title>EcoHotel El Agua<\/title>\n<meta name=\"description\" content=\"We are dedicated to providing peace and tranquility so that you can mindfully listen to your body and soul.\" \/>\n<meta name=\"robots\" content=\"index, follow, max-snippet:-1, max-image-preview:large, max-video-preview:-1\" \/>\n<link rel=\"canonical\" href=\"http:\/\/ecohotelelagua.com\/fr\/our-philosophy\/\" \/>\n<meta property=\"og:locale\" content=\"fr_FR\" \/>\n<meta property=\"og:type\" content=\"article\" \/>\n<meta property=\"og:title\" content=\"Our philosophy\" \/>\n<meta property=\"og:description\" content=\"We are dedicated to providing peace and tranquility so that you can mindfully listen to your body and soul.\" \/>\n<meta property=\"og:url\" content=\"http:\/\/ecohotelelagua.com\/fr\/our-philosophy\/\" \/>\n<meta property=\"og:site_name\" content=\"EcoHotel El Agua\" \/>\n<meta property=\"article:modified_time\" content=\"2025-04-08T09:05:39+00:00\" \/>\n<meta property=\"og:image\" content=\"https:\/\/ecohotelelagua.com\/wp-content\/uploads\/2022\/01\/18.jpg\" \/>\n\t<meta property=\"og:image:width\" content=\"1280\" \/>\n\t<meta property=\"og:image:height\" content=\"960\" \/>\n\t<meta property=\"og:image:type\" content=\"image\/jpeg\" \/>\n<meta name=\"twitter:card\" content=\"summary_large_image\" \/>\n<meta name=\"twitter:label1\" content=\"Dur\u00e9e de lecture estim\u00e9e\" \/>\n\t<meta name=\"twitter:data1\" content=\"1 minute\" \/>\n<script type=\"application\/ld+json\" class=\"yoast-schema-graph\">{\"@context\":\"https:\/\/schema.org\",\"@graph\":[{\"@type\":\"WebPage\",\"@id\":\"http:\/\/ecohotelelagua.com\/en\/our-philosophy\/\",\"url\":\"http:\/\/ecohotelelagua.com\/en\/our-philosophy\/\",\"name\":\"EcoHotel El Agua\",\"isPartOf\":{\"@id\":\"https:\/\/ecohotelelagua.com\/fr\/#website\"},\"primaryImageOfPage\":{\"@id\":\"http:\/\/ecohotelelagua.com\/en\/our-philosophy\/#primaryimage\"},\"image\":{\"@id\":\"http:\/\/ecohotelelagua.com\/en\/our-philosophy\/#primaryimage\"},\"thumbnailUrl\":\"https:\/\/ecohotelelagua.com\/wp-content\/uploads\/2022\/01\/18.jpg\",\"datePublished\":\"2022-02-01T06:42:06+00:00\",\"dateModified\":\"2025-04-08T09:05:39+00:00\",\"description\":\"We are dedicated to providing peace and tranquility so that you can mindfully listen to your body and soul.\",\"breadcrumb\":{\"@id\":\"http:\/\/ecohotelelagua.com\/en\/our-philosophy\/#breadcrumb\"},\"inLanguage\":\"fr-FR\",\"potentialAction\":[{\"@type\":\"ReadAction\",\"target\":[\"http:\/\/ecohotelelagua.com\/en\/our-philosophy\/\"]}]},{\"@type\":\"ImageObject\",\"inLanguage\":\"fr-FR\",\"@id\":\"http:\/\/ecohotelelagua.com\/en\/our-philosophy\/#primaryimage\",\"url\":\"https:\/\/ecohotelelagua.com\/wp-content\/uploads\/2022\/01\/18.jpg\",\"contentUrl\":\"https:\/\/ecohotelelagua.com\/wp-content\/uploads\/2022\/01\/18.jpg\",\"width\":1280,\"height\":960,\"caption\":\"El entorno\"},{\"@type\":\"BreadcrumbList\",\"@id\":\"http:\/\/ecohotelelagua.com\/en\/our-philosophy\/#breadcrumb\",\"itemListElement\":[{\"@type\":\"ListItem\",\"position\":1,\"name\":\"Home\",\"item\":\"https:\/\/ecohotelelagua.com\/\"},{\"@type\":\"ListItem\",\"position\":2,\"name\":\"Our philosophy\"}]},{\"@type\":\"WebSite\",\"@id\":\"https:\/\/ecohotelelagua.com\/fr\/#website\",\"url\":\"https:\/\/ecohotelelagua.com\/fr\/\",\"name\":\"EcoHotel El Agua\",\"description\":\"EcoHotel El Agua\",\"publisher\":{\"@id\":\"https:\/\/ecohotelelagua.com\/fr\/#organization\"},\"potentialAction\":[{\"@type\":\"SearchAction\",\"target\":{\"@type\":\"EntryPoint\",\"urlTemplate\":\"https:\/\/ecohotelelagua.com\/fr\/?s={search_term_string}\"},\"query-input\":{\"@type\":\"PropertyValueSpecification\",\"valueRequired\":true,\"valueName\":\"search_term_string\"}}],\"inLanguage\":\"fr-FR\"},{\"@type\":\"Organization\",\"@id\":\"https:\/\/ecohotelelagua.com\/fr\/#organization\",\"name\":\"Eco Hotel el Agua\",\"url\":\"https:\/\/ecohotelelagua.com\/fr\/\",\"logo\":{\"@type\":\"ImageObject\",\"inLanguage\":\"fr-FR\",\"@id\":\"https:\/\/ecohotelelagua.com\/fr\/#\/schema\/logo\/image\/\",\"url\":\"https:\/\/ecohotelelagua.com\/wp-content\/uploads\/2022\/01\/ig-1.png\",\"contentUrl\":\"https:\/\/ecohotelelagua.com\/wp-content\/uploads\/2022\/01\/ig-1.png\",\"width\":300,\"height\":148,\"caption\":\"Eco Hotel el Agua\"},\"image\":{\"@id\":\"https:\/\/ecohotelelagua.com\/fr\/#\/schema\/logo\/image\/\"},\"sameAs\":[\"https:\/\/www.instagram.com\/p\/CZSWRFft7Ls\/?utm_medium=share_sheet\",\"https:\/\/pin.it\/4kyijpT\"]}]}<\/script>\n<!-- \/ Yoast SEO Premium plugin. -->","yoast_head_json":{"title":"EcoHotel El Agua","description":"We are dedicated to providing peace and tranquility so that you can mindfully listen to your body and soul.","robots":{"index":"index","follow":"follow","max-snippet":"max-snippet:-1","max-image-preview":"max-image-preview:large","max-video-preview":"max-video-preview:-1"},"canonical":"http:\/\/ecohotelelagua.com\/fr\/our-philosophy\/","og_locale":"fr_FR","og_type":"article","og_title":"Our philosophy","og_description":"We are dedicated to providing peace and tranquility so that you can mindfully listen to your body and soul.","og_url":"http:\/\/ecohotelelagua.com\/fr\/our-philosophy\/","og_site_name":"EcoHotel El Agua","article_modified_time":"2025-04-08T09:05:39+00:00","og_image":[{"width":1280,"height":960,"url":"https:\/\/ecohotelelagua.com\/wp-content\/uploads\/2022\/01\/18.jpg","type":"image\/jpeg"}],"twitter_card":"summary_large_image","twitter_misc":{"Dur\u00e9e de lecture estim\u00e9e":"1 minute"},"schema":{"@context":"https:\/\/schema.org","@graph":[{"@type":"WebPage","@id":"http:\/\/ecohotelelagua.com\/en\/our-philosophy\/","url":"http:\/\/ecohotelelagua.com\/en\/our-philosophy\/","name":"EcoHotel El Agua","isPartOf":{"@id":"https:\/\/ecohotelelagua.com\/fr\/#website"},"primaryImageOfPage":{"@id":"http:\/\/ecohotelelagua.com\/en\/our-philosophy\/#primaryimage"},"image":{"@id":"http:\/\/ecohotelelagua.com\/en\/our-philosophy\/#primaryimage"},"thumbnailUrl":"https:\/\/ecohotelelagua.com\/wp-content\/uploads\/2022\/01\/18.jpg","datePublished":"2022-02-01T06:42:06+00:00","dateModified":"2025-04-08T09:05:39+00:00","description":"We are dedicated to providing peace and tranquility so that you can mindfully listen to your body and soul.","breadcrumb":{"@id":"http:\/\/ecohotelelagua.com\/en\/our-philosophy\/#breadcrumb"},"inLanguage":"fr-FR","potentialAction":[{"@type":"ReadAction","target":["http:\/\/ecohotelelagua.com\/en\/our-philosophy\/"]}]},{"@type":"ImageObject","inLanguage":"fr-FR","@id":"http:\/\/ecohotelelagua.com\/en\/our-philosophy\/#primaryimage","url":"https:\/\/ecohotelelagua.com\/wp-content\/uploads\/2022\/01\/18.jpg","contentUrl":"https:\/\/ecohotelelagua.com\/wp-content\/uploads\/2022\/01\/18.jpg","width":1280,"height":960,"caption":"El entorno"},{"@type":"BreadcrumbList","@id":"http:\/\/ecohotelelagua.com\/en\/our-philosophy\/#breadcrumb","itemListElement":[{"@type":"ListItem","position":1,"name":"Home","item":"https:\/\/ecohotelelagua.com\/"},{"@type":"ListItem","position":2,"name":"Our philosophy"}]},{"@type":"WebSite","@id":"https:\/\/ecohotelelagua.com\/fr\/#website","url":"https:\/\/ecohotelelagua.com\/fr\/","name":"EcoHotel El Agua","description":"EcoHotel El Agua","publisher":{"@id":"https:\/\/ecohotelelagua.com\/fr\/#organization"},"potentialAction":[{"@type":"SearchAction","target":{"@type":"EntryPoint","urlTemplate":"https:\/\/ecohotelelagua.com\/fr\/?s={search_term_string}"},"query-input":{"@type":"PropertyValueSpecification","valueRequired":true,"valueName":"search_term_string"}}],"inLanguage":"fr-FR"},{"@type":"Organization","@id":"https:\/\/ecohotelelagua.com\/fr\/#organization","name":"L'Eco Hotel el Agua","url":"https:\/\/ecohotelelagua.com\/fr\/","logo":{"@type":"ImageObject","inLanguage":"fr-FR","@id":"https:\/\/ecohotelelagua.com\/fr\/#\/schema\/logo\/image\/","url":"https:\/\/ecohotelelagua.com\/wp-content\/uploads\/2022\/01\/ig-1.png","contentUrl":"https:\/\/ecohotelelagua.com\/wp-content\/uploads\/2022\/01\/ig-1.png","width":300,"height":148,"caption":"Eco Hotel el Agua"},"image":{"@id":"https:\/\/ecohotelelagua.com\/fr\/#\/schema\/logo\/image\/"},"sameAs":["https:\/\/www.instagram.com\/p\/CZSWRFft7Ls\/?utm_medium=share_sheet","https:\/\/pin.it\/4kyijpT"]}]}},"_links":{"self":[{"href":"https:\/\/ecohotelelagua.com\/fr\/wp-json\/wp\/v2\/pages\/2859","targetHints":{"allow":["GET"]}}],"collection":[{"href":"https:\/\/ecohotelelagua.com\/fr\/wp-json\/wp\/v2\/pages"}],"about":[{"href":"https:\/\/ecohotelelagua.com\/fr\/wp-json\/wp\/v2\/types\/page"}],"author":[{"embeddable":true,"href":"https:\/\/ecohotelelagua.com\/fr\/wp-json\/wp\/v2\/users\/1"}],"replies":[{"embeddable":true,"href":"https:\/\/ecohotelelagua.com\/fr\/wp-json\/wp\/v2\/comments?post=2859"}],"version-history":[{"count":3,"href":"https:\/\/ecohotelelagua.com\/fr\/wp-json\/wp\/v2\/pages\/2859\/revisions"}],"predecessor-version":[{"id":16596,"href":"https:\/\/ecohotelelagua.com\/fr\/wp-json\/wp\/v2\/pages\/2859\/revisions\/16596"}],"wp:featuredmedia":[{"embeddable":true,"href":"https:\/\/ecohotelelagua.com\/fr\/wp-json\/wp\/v2\/media\/2082"}],"wp:attachment":[{"href":"https:\/\/ecohotelelagua.com\/fr\/wp-json\/wp\/v2\/media?parent=2859"}],"curies":[{"name":"wp","href":"https:\/\/api.w.org\/{rel}","templated":true}]}}