{"id":5896,"date":"2022-05-28T20:46:59","date_gmt":"2022-05-28T19:46:59","guid":{"rendered":"https:\/\/www.ecohotelelagua.com\/?page_id=5896"},"modified":"2026-03-10T10:33:56","modified_gmt":"2026-03-10T10:33:56","slug":"epigenetica","status":"publish","type":"page","link":"https:\/\/ecohotelelagua.com\/en\/epigenetica\/","title":{"rendered":"Epigenetic"},"content":{"rendered":"<div data-elementor-type=\"wp-page\" data-elementor-id=\"5896\" class=\"elementor elementor-5896\" data-elementor-settings=\"{&quot;ha_cmc_init_switcher&quot;:&quot;no&quot;}\" data-elementor-post-type=\"page\">\n\t\t\t\t\t\t<section class=\"elementor-section elementor-top-section elementor-element elementor-element-1e2d0ea elementor-section-full_width elementor-section-height-min-height elementor-section-height-default elementor-section-items-middle\" data-id=\"1e2d0ea\" data-element_type=\"section\" data-e-type=\"section\" data-settings=\"{&quot;background_background&quot;:&quot;classic&quot;,&quot;_ha_eqh_enable&quot;:false}\">\n\t\t\t\t\t\t<div class=\"elementor-container elementor-column-gap-default\">\n\t\t\t\t\t<div class=\"elementor-column elementor-col-100 elementor-top-column elementor-element elementor-element-d46c0da\" data-id=\"d46c0da\" data-element_type=\"column\" data-e-type=\"column\">\n\t\t\t<div class=\"elementor-widget-wrap\">\n\t\t\t\t\t\t\t<\/div>\n\t\t<\/div>\n\t\t\t\t\t<\/div>\n\t\t<\/section>\n\t\t\t\t<section class=\"elementor-section elementor-top-section elementor-element elementor-element-0816a7b elementor-section-boxed elementor-section-height-default elementor-section-height-default\" data-id=\"0816a7b\" data-element_type=\"section\" data-e-type=\"section\" data-settings=\"{&quot;_ha_eqh_enable&quot;:false}\">\n\t\t\t\t\t\t<div class=\"elementor-container elementor-column-gap-default\">\n\t\t\t\t\t<div class=\"elementor-column elementor-col-100 elementor-top-column elementor-element elementor-element-f900454\" data-id=\"f900454\" data-element_type=\"column\" data-e-type=\"column\">\n\t\t\t<div class=\"elementor-widget-wrap elementor-element-populated\">\n\t\t\t\t\t\t<div class=\"elementor-element elementor-element-6a856e8 elementor-widget elementor-widget-heading\" data-id=\"6a856e8\" data-element_type=\"widget\" data-e-type=\"widget\" data-widget_type=\"heading.default\">\n\t\t\t\t\t<h3 class=\"elementor-heading-title elementor-size-default\">Epigenetic Testing: A Key Component of Your Retreat<\/h3>\t\t\t\t<\/div>\n\t\t\t\t<div class=\"elementor-element elementor-element-b304da5 elementor-widget elementor-widget-text-editor\" data-id=\"b304da5\" data-element_type=\"widget\" data-e-type=\"widget\" data-widget_type=\"text-editor.default\">\n\t\t\t\t\t\t\t\t\t<p><strong>Price of the Epigenetic Test: \u20ac149<\/strong><\/p>\t\t\t\t\t\t\t\t<\/div>\n\t\t\t\t<div class=\"elementor-element elementor-element-c53746e elementor-widget elementor-widget-text-editor\" data-id=\"c53746e\" data-element_type=\"widget\" data-e-type=\"widget\" data-widget_type=\"text-editor.default\">\n\t\t\t\t\t\t\t\t\t<p>As part of your experience at EcoHotel El Agua, guests can request an Epigenetic Test that analyzes 96 health biomarkers. This comprehensive test provides insights into:<\/p><p><strong>Microbiome Analysis:<\/strong> Understand how your gut health affects mood, energy, and overall wellness, helping alleviate burnout symptoms.<\/p><p><strong>Toxicity Assessment:<\/strong> Evaluate heavy metal levels and toxins that may contribute to fatigue and stress, enhancing your recovery process.<\/p><p><strong>Nutritional Requirements:<\/strong> Gain insights into your unique nutritional needs, allowing us to tailor meals to your health profile.<\/p><p><strong>Genetic predispositions:\u00a0<\/strong>Learn about genetic factors that influence your stress response and overall health, enabling informed lifestyle changes.<\/p><h3><strong>Why Take the Epigenetic Test?<\/strong><\/h3><p><strong>Personalized Wellness:<\/strong> Customizes your retreat experience based on specific health needs.<\/p><p><strong>Informed Choices:<\/strong> Helps you make better decisions about nutrition and wellness practices.<\/p><p><strong>Proactive Health Management:<\/strong> Identifies potential health issues early, reducing chronic stress-related conditions.<\/p><p><strong>Enhanced Recovery:<\/strong> - Tailors your retreat to your biological needs for a more effective recovery from burnout, helping you regain energy and vitality rapidly.<\/p>\t\t\t\t\t\t\t\t<\/div>\n\t\t\t\t<div class=\"elementor-element elementor-element-7611549 elementor-align-center ha-has-bg-overlay elementor-widget elementor-widget-button\" data-id=\"7611549\" data-element_type=\"widget\" data-e-type=\"widget\" data-widget_type=\"button.default\">\n\t\t\t\t\t\t\t\t\t\t<a class=\"elementor-button elementor-button-link elementor-size-sm\" href=\"#elementor-action%3Aaction%3Dpopup%3Aopen%26settings%3DeyJpZCI6IjE4MDA1IiwidG9nZ2xlIjpmYWxzZX0%3D\">\n\t\t\t\t\t\t<span class=\"elementor-button-content-wrapper\">\n\t\t\t\t\t\t\t\t\t<span class=\"elementor-button-text\">SCHEDULE YOUR EPIGETIC EVALUATION<\/span>\n\t\t\t\t\t<\/span>\n\t\t\t\t\t<\/a>\n\t\t\t\t\t\t\t\t<\/div>\n\t\t\t\t\t<\/div>\n\t\t<\/div>\n\t\t\t\t\t<\/div>\n\t\t<\/section>\n\t\t\t\t<section class=\"elementor-section elementor-top-section elementor-element elementor-element-5e42157 elementor-section-boxed elementor-section-height-default elementor-section-height-default\" data-id=\"5e42157\" data-element_type=\"section\" data-e-type=\"section\" data-settings=\"{&quot;background_background&quot;:&quot;classic&quot;,&quot;_ha_eqh_enable&quot;:false}\">\n\t\t\t\t\t\t<div class=\"elementor-container elementor-column-gap-default\">\n\t\t\t\t\t<div class=\"elementor-column elementor-col-100 elementor-top-column elementor-element elementor-element-63acc60\" data-id=\"63acc60\" data-element_type=\"column\" data-e-type=\"column\">\n\t\t\t<div class=\"elementor-widget-wrap elementor-element-populated\">\n\t\t\t\t\t\t<div class=\"elementor-element elementor-element-e888dc4 elementor-widget elementor-widget-video\" data-id=\"e888dc4\" data-element_type=\"widget\" data-e-type=\"widget\" data-settings=\"{&quot;video_type&quot;:&quot;hosted&quot;,&quot;autoplay&quot;:&quot;yes&quot;,&quot;mute&quot;:&quot;yes&quot;,&quot;loop&quot;:&quot;yes&quot;,&quot;play_on_mobile&quot;:&quot;yes&quot;,&quot;controls&quot;:&quot;yes&quot;}\" data-no-translation=\"\" data-widget_type=\"video.default\">\n\t\t\t\t\t<style>.elementor-element-e888dc4{display:none !important}<\/style>\t\t\t\t<\/div>\n\t\t\t\t\t<\/div>\n\t\t<\/div>\n\t\t\t\t\t<\/div>\n\t\t<\/section>\n\t\t\t\t<section class=\"elementor-section elementor-top-section elementor-element elementor-element-0a07d58 elementor-section-boxed elementor-section-height-default elementor-section-height-default\" data-id=\"0a07d58\" data-element_type=\"section\" data-e-type=\"section\" data-settings=\"{&quot;background_background&quot;:&quot;classic&quot;,&quot;_ha_eqh_enable&quot;:false}\">\n\t\t\t\t\t\t<div class=\"elementor-container elementor-column-gap-default\">\n\t\t\t\t\t<div class=\"elementor-column elementor-col-100 elementor-top-column elementor-element elementor-element-20c52c9\" data-id=\"20c52c9\" data-element_type=\"column\" data-e-type=\"column\">\n\t\t\t<div class=\"elementor-widget-wrap elementor-element-populated\">\n\t\t\t\t\t\t<div class=\"elementor-element elementor-element-0ebce7a elementor-widget elementor-widget-video\" data-id=\"0ebce7a\" data-element_type=\"widget\" data-e-type=\"widget\" data-settings=\"{&quot;video_type&quot;:&quot;hosted&quot;,&quot;autoplay&quot;:&quot;yes&quot;,&quot;mute&quot;:&quot;yes&quot;,&quot;loop&quot;:&quot;yes&quot;,&quot;play_on_mobile&quot;:&quot;yes&quot;,&quot;controls&quot;:&quot;yes&quot;}\" data-widget_type=\"video.default\">\n\t\t\t\t\t\t\t<div class=\"e-hosted-video elementor-wrapper elementor-open-inline\">\n\t\t\t\t\t<video class=\"elementor-video\" src=\"https:\/\/www.ecohotelelagua.com\/wp-content\/uploads\/2022\/07\/Untitled.mp4\" autoplay=\"\" loop=\"\" controls=\"\" muted=\"muted\" playsinline=\"\" controlslist=\"nodownload\"><\/video>\n\t\t\t\t<\/div>\n\t\t\t\t\t\t<\/div>\n\t\t\t\t\t<\/div>\n\t\t<\/div>\n\t\t\t\t\t<\/div>\n\t\t<\/section>\n\t\t\t\t<\/div>","protected":false},"excerpt":{"rendered":"<p>Pruebas Epigen\u00e9ticas: Un Componente Clave de Tu Retiro Precio del Test Epigen\u00e9tico: 149\u20ac Como parte de tu experiencia en el EcoHotel El Agua, el hu\u00e9sped puede pedir una prueba Epigen\u00e9tica que analiza 96 biomarcadores de salud. Esta prueba integral proporciona informaci\u00f3n sobre: An\u00e1lisis del Microbioma: Comprende c\u00f3mo la salud de tu intestino afecta el estado [&hellip;]<\/p>\n","protected":false},"author":1,"featured_media":18052,"parent":0,"menu_order":0,"comment_status":"closed","ping_status":"closed","template":"","meta":{"inline_featured_image":false,"footnotes":""},"class_list":["post-5896","page","type-page","status-publish","has-post-thumbnail","hentry"],"yoast_head":"<!-- This site is optimized with the Yoast SEO Premium plugin v27.2 (Yoast SEO v27.2) - https:\/\/yoast.com\/product\/yoast-seo-premium-wordpress\/ -->\n<title>EcoHotel El Agua<\/title>\n<meta name=\"robots\" content=\"index, follow, max-snippet:-1, max-image-preview:large, max-video-preview:-1\" \/>\n<link rel=\"canonical\" href=\"https:\/\/ecohotelelagua.com\/en\/epigenetica\/\" \/>\n<meta property=\"og:locale\" content=\"en_GB\" \/>\n<meta property=\"og:type\" content=\"article\" \/>\n<meta property=\"og:title\" content=\"Epigen\u00e9tica\" \/>\n<meta property=\"og:description\" content=\"Pruebas Epigen\u00e9ticas: Un Componente Clave de Tu Retiro Precio del Test Epigen\u00e9tico: 149\u20ac Como parte de tu experiencia en el EcoHotel El Agua, el hu\u00e9sped puede pedir una prueba Epigen\u00e9tica que analiza 96 biomarcadores de salud. Esta prueba integral proporciona informaci\u00f3n sobre: An\u00e1lisis del Microbioma: Comprende c\u00f3mo la salud de tu intestino afecta el estado [&hellip;]\" \/>\n<meta property=\"og:url\" content=\"https:\/\/ecohotelelagua.com\/en\/epigenetica\/\" \/>\n<meta property=\"og:site_name\" content=\"EcoHotel El Agua\" \/>\n<meta property=\"article:modified_time\" content=\"2026-03-10T10:33:56+00:00\" \/>\n<meta property=\"og:image\" content=\"https:\/\/ecohotelelagua.com\/wp-content\/uploads\/2025\/11\/epigenetic-1.jpeg\" \/>\n\t<meta property=\"og:image:width\" content=\"2560\" \/>\n\t<meta property=\"og:image:height\" content=\"1707\" \/>\n\t<meta property=\"og:image:type\" content=\"image\/jpeg\" \/>\n<meta name=\"twitter:card\" content=\"summary_large_image\" \/>\n<meta name=\"twitter:label1\" content=\"Estimated reading time\" \/>\n\t<meta name=\"twitter:data1\" content=\"2 minutes\" \/>\n<script type=\"application\/ld+json\" class=\"yoast-schema-graph\">{\"@context\":\"https:\/\/schema.org\",\"@graph\":[{\"@type\":\"WebPage\",\"@id\":\"https:\/\/ecohotelelagua.com\/epigenetica\/\",\"url\":\"https:\/\/ecohotelelagua.com\/epigenetica\/\",\"name\":\"EcoHotel El Agua\",\"isPartOf\":{\"@id\":\"https:\/\/ecohotelelagua.com\/fr\/#website\"},\"primaryImageOfPage\":{\"@id\":\"https:\/\/ecohotelelagua.com\/epigenetica\/#primaryimage\"},\"image\":{\"@id\":\"https:\/\/ecohotelelagua.com\/epigenetica\/#primaryimage\"},\"thumbnailUrl\":\"https:\/\/ecohotelelagua.com\/wp-content\/uploads\/2025\/11\/epigenetic-1.jpeg\",\"datePublished\":\"2022-05-28T19:46:59+00:00\",\"dateModified\":\"2026-03-10T10:33:56+00:00\",\"breadcrumb\":{\"@id\":\"https:\/\/ecohotelelagua.com\/epigenetica\/#breadcrumb\"},\"inLanguage\":\"en-GB\",\"potentialAction\":[{\"@type\":\"ReadAction\",\"target\":[\"https:\/\/ecohotelelagua.com\/epigenetica\/\"]}]},{\"@type\":\"ImageObject\",\"inLanguage\":\"en-GB\",\"@id\":\"https:\/\/ecohotelelagua.com\/epigenetica\/#primaryimage\",\"url\":\"https:\/\/ecohotelelagua.com\/wp-content\/uploads\/2025\/11\/epigenetic-1.jpeg\",\"contentUrl\":\"https:\/\/ecohotelelagua.com\/wp-content\/uploads\/2025\/11\/epigenetic-1.jpeg\",\"width\":2560,\"height\":1707},{\"@type\":\"BreadcrumbList\",\"@id\":\"https:\/\/ecohotelelagua.com\/epigenetica\/#breadcrumb\",\"itemListElement\":[{\"@type\":\"ListItem\",\"position\":1,\"name\":\"Home\",\"item\":\"https:\/\/ecohotelelagua.com\/\"},{\"@type\":\"ListItem\",\"position\":2,\"name\":\"Epigen\u00e9tica\"}]},{\"@type\":\"WebSite\",\"@id\":\"https:\/\/ecohotelelagua.com\/fr\/#website\",\"url\":\"https:\/\/ecohotelelagua.com\/fr\/\",\"name\":\"EcoHotel El Agua\",\"description\":\"EcoHotel El Agua\",\"publisher\":{\"@id\":\"https:\/\/ecohotelelagua.com\/fr\/#organization\"},\"potentialAction\":[{\"@type\":\"SearchAction\",\"target\":{\"@type\":\"EntryPoint\",\"urlTemplate\":\"https:\/\/ecohotelelagua.com\/fr\/?s={search_term_string}\"},\"query-input\":{\"@type\":\"PropertyValueSpecification\",\"valueRequired\":true,\"valueName\":\"search_term_string\"}}],\"inLanguage\":\"en-GB\"},{\"@type\":\"Organization\",\"@id\":\"https:\/\/ecohotelelagua.com\/fr\/#organization\",\"name\":\"Eco Hotel el Agua\",\"url\":\"https:\/\/ecohotelelagua.com\/fr\/\",\"logo\":{\"@type\":\"ImageObject\",\"inLanguage\":\"en-GB\",\"@id\":\"https:\/\/ecohotelelagua.com\/fr\/#\/schema\/logo\/image\/\",\"url\":\"https:\/\/ecohotelelagua.com\/wp-content\/uploads\/2022\/01\/ig-1.png\",\"contentUrl\":\"https:\/\/ecohotelelagua.com\/wp-content\/uploads\/2022\/01\/ig-1.png\",\"width\":300,\"height\":148,\"caption\":\"Eco Hotel el Agua\"},\"image\":{\"@id\":\"https:\/\/ecohotelelagua.com\/fr\/#\/schema\/logo\/image\/\"},\"sameAs\":[\"https:\/\/www.instagram.com\/p\/CZSWRFft7Ls\/?utm_medium=share_sheet\",\"https:\/\/pin.it\/4kyijpT\"]}]}<\/script>\n<!-- \/ Yoast SEO Premium plugin. -->","yoast_head_json":{"title":"EcoHotel El Agua","robots":{"index":"index","follow":"follow","max-snippet":"max-snippet:-1","max-image-preview":"max-image-preview:large","max-video-preview":"max-video-preview:-1"},"canonical":"https:\/\/ecohotelelagua.com\/en\/epigenetica\/","og_locale":"en_GB","og_type":"article","og_title":"Epigen\u00e9tica","og_description":"Pruebas Epigen\u00e9ticas: Un Componente Clave de Tu Retiro Precio del Test Epigen\u00e9tico: 149\u20ac Como parte de tu experiencia en el EcoHotel El Agua, el hu\u00e9sped puede pedir una prueba Epigen\u00e9tica que analiza 96 biomarcadores de salud. Esta prueba integral proporciona informaci\u00f3n sobre: An\u00e1lisis del Microbioma: Comprende c\u00f3mo la salud de tu intestino afecta el estado [&hellip;]","og_url":"https:\/\/ecohotelelagua.com\/en\/epigenetica\/","og_site_name":"EcoHotel El Agua","article_modified_time":"2026-03-10T10:33:56+00:00","og_image":[{"width":2560,"height":1707,"url":"https:\/\/ecohotelelagua.com\/wp-content\/uploads\/2025\/11\/epigenetic-1.jpeg","type":"image\/jpeg"}],"twitter_card":"summary_large_image","twitter_misc":{"Estimated reading time":"2 minutes"},"schema":{"@context":"https:\/\/schema.org","@graph":[{"@type":"WebPage","@id":"https:\/\/ecohotelelagua.com\/epigenetica\/","url":"https:\/\/ecohotelelagua.com\/epigenetica\/","name":"EcoHotel El Agua","isPartOf":{"@id":"https:\/\/ecohotelelagua.com\/fr\/#website"},"primaryImageOfPage":{"@id":"https:\/\/ecohotelelagua.com\/epigenetica\/#primaryimage"},"image":{"@id":"https:\/\/ecohotelelagua.com\/epigenetica\/#primaryimage"},"thumbnailUrl":"https:\/\/ecohotelelagua.com\/wp-content\/uploads\/2025\/11\/epigenetic-1.jpeg","datePublished":"2022-05-28T19:46:59+00:00","dateModified":"2026-03-10T10:33:56+00:00","breadcrumb":{"@id":"https:\/\/ecohotelelagua.com\/epigenetica\/#breadcrumb"},"inLanguage":"en-GB","potentialAction":[{"@type":"ReadAction","target":["https:\/\/ecohotelelagua.com\/epigenetica\/"]}]},{"@type":"ImageObject","inLanguage":"en-GB","@id":"https:\/\/ecohotelelagua.com\/epigenetica\/#primaryimage","url":"https:\/\/ecohotelelagua.com\/wp-content\/uploads\/2025\/11\/epigenetic-1.jpeg","contentUrl":"https:\/\/ecohotelelagua.com\/wp-content\/uploads\/2025\/11\/epigenetic-1.jpeg","width":2560,"height":1707},{"@type":"BreadcrumbList","@id":"https:\/\/ecohotelelagua.com\/epigenetica\/#breadcrumb","itemListElement":[{"@type":"ListItem","position":1,"name":"Home","item":"https:\/\/ecohotelelagua.com\/"},{"@type":"ListItem","position":2,"name":"Epigen\u00e9tica"}]},{"@type":"WebSite","@id":"https:\/\/ecohotelelagua.com\/fr\/#website","url":"https:\/\/ecohotelelagua.com\/fr\/","name":"EcoHotel El Agua","description":"EcoHotel El Agua","publisher":{"@id":"https:\/\/ecohotelelagua.com\/fr\/#organization"},"potentialAction":[{"@type":"SearchAction","target":{"@type":"EntryPoint","urlTemplate":"https:\/\/ecohotelelagua.com\/fr\/?s={search_term_string}"},"query-input":{"@type":"PropertyValueSpecification","valueRequired":true,"valueName":"search_term_string"}}],"inLanguage":"en-GB"},{"@type":"Organization","@id":"https:\/\/ecohotelelagua.com\/fr\/#organization","name":"Eco Hotel el Agua","url":"https:\/\/ecohotelelagua.com\/fr\/","logo":{"@type":"ImageObject","inLanguage":"en-GB","@id":"https:\/\/ecohotelelagua.com\/fr\/#\/schema\/logo\/image\/","url":"https:\/\/ecohotelelagua.com\/wp-content\/uploads\/2022\/01\/ig-1.png","contentUrl":"https:\/\/ecohotelelagua.com\/wp-content\/uploads\/2022\/01\/ig-1.png","width":300,"height":148,"caption":"Eco Hotel el Agua"},"image":{"@id":"https:\/\/ecohotelelagua.com\/fr\/#\/schema\/logo\/image\/"},"sameAs":["https:\/\/www.instagram.com\/p\/CZSWRFft7Ls\/?utm_medium=share_sheet","https:\/\/pin.it\/4kyijpT"]}]}},"_links":{"self":[{"href":"https:\/\/ecohotelelagua.com\/en\/wp-json\/wp\/v2\/pages\/5896","targetHints":{"allow":["GET"]}}],"collection":[{"href":"https:\/\/ecohotelelagua.com\/en\/wp-json\/wp\/v2\/pages"}],"about":[{"href":"https:\/\/ecohotelelagua.com\/en\/wp-json\/wp\/v2\/types\/page"}],"author":[{"embeddable":true,"href":"https:\/\/ecohotelelagua.com\/en\/wp-json\/wp\/v2\/users\/1"}],"replies":[{"embeddable":true,"href":"https:\/\/ecohotelelagua.com\/en\/wp-json\/wp\/v2\/comments?post=5896"}],"version-history":[{"count":33,"href":"https:\/\/ecohotelelagua.com\/en\/wp-json\/wp\/v2\/pages\/5896\/revisions"}],"predecessor-version":[{"id":18090,"href":"https:\/\/ecohotelelagua.com\/en\/wp-json\/wp\/v2\/pages\/5896\/revisions\/18090"}],"wp:featuredmedia":[{"embeddable":true,"href":"https:\/\/ecohotelelagua.com\/en\/wp-json\/wp\/v2\/media\/18052"}],"wp:attachment":[{"href":"https:\/\/ecohotelelagua.com\/en\/wp-json\/wp\/v2\/media?parent=5896"}],"curies":[{"name":"wp","href":"https:\/\/api.w.org\/{rel}","templated":true}]}}