{"id":5076,"date":"2022-05-14T14:58:00","date_gmt":"2022-05-14T13:58:00","guid":{"rendered":"https:\/\/www.ecohotelelagua.com\/?page_id=5076"},"modified":"2025-11-07T11:59:49","modified_gmt":"2025-11-07T11:59:49","slug":"bike-rental","status":"publish","type":"page","link":"https:\/\/ecohotelelagua.com\/en\/bike-rental\/","title":{"rendered":"Bike rental"},"content":{"rendered":"<div data-elementor-type=\"wp-page\" data-elementor-id=\"5076\" class=\"elementor elementor-5076\" data-elementor-settings=\"{&quot;ha_cmc_init_switcher&quot;:&quot;no&quot;}\" data-elementor-post-type=\"page\">\n\t\t\t\t\t\t<section class=\"elementor-section elementor-top-section elementor-element elementor-element-345f58e elementor-section-full_width elementor-section-height-full elementor-section-content-top elementor-hidden-mobile elementor-section-height-default elementor-section-items-middle\" data-id=\"345f58e\" data-element_type=\"section\" data-e-type=\"section\" data-settings=\"{&quot;background_background&quot;:&quot;classic&quot;,&quot;_ha_eqh_enable&quot;:false}\">\n\t\t\t\t\t\t<div class=\"elementor-container elementor-column-gap-default\">\n\t\t\t\t\t<div class=\"elementor-column elementor-col-100 elementor-top-column elementor-element elementor-element-e7af98d\" data-id=\"e7af98d\" data-element_type=\"column\" data-e-type=\"column\">\n\t\t\t<div class=\"elementor-widget-wrap elementor-element-populated\">\n\t\t\t\t\t\t<div class=\"elementor-element elementor-element-8b79b28 elementor-widget elementor-widget-heading\" data-id=\"8b79b28\" data-element_type=\"widget\" data-e-type=\"widget\" data-widget_type=\"heading.default\">\n\t\t\t\t\t<h2 class=\"elementor-heading-title elementor-size-default\">RENT A BIKE <\/h2>\t\t\t\t<\/div>\n\t\t\t\t\t<\/div>\n\t\t<\/div>\n\t\t\t\t\t<\/div>\n\t\t<\/section>\n\t\t\t\t<section class=\"elementor-section elementor-top-section elementor-element elementor-element-dbc11e1 elementor-section-full_width elementor-section-height-min-height elementor-section-items-top elementor-section-content-top elementor-hidden-desktop elementor-hidden-tablet elementor-section-height-default\" data-id=\"dbc11e1\" data-element_type=\"section\" data-e-type=\"section\" data-settings=\"{&quot;background_background&quot;:&quot;classic&quot;,&quot;_ha_eqh_enable&quot;:false}\">\n\t\t\t\t\t\t<div class=\"elementor-container elementor-column-gap-default\">\n\t\t\t\t\t<div class=\"elementor-column elementor-col-100 elementor-top-column elementor-element elementor-element-9caa506\" data-id=\"9caa506\" data-element_type=\"column\" data-e-type=\"column\">\n\t\t\t<div class=\"elementor-widget-wrap elementor-element-populated\">\n\t\t\t\t\t\t<div class=\"elementor-element elementor-element-ce6c387 elementor-widget elementor-widget-heading\" data-id=\"ce6c387\" data-element_type=\"widget\" data-e-type=\"widget\" data-widget_type=\"heading.default\">\n\t\t\t\t\t<h2 class=\"elementor-heading-title elementor-size-default\">RENT A BIKE <\/h2>\t\t\t\t<\/div>\n\t\t\t\t\t<\/div>\n\t\t<\/div>\n\t\t\t\t\t<\/div>\n\t\t<\/section>\n\t\t\t\t<section class=\"elementor-section elementor-top-section elementor-element elementor-element-783d6d9 elementor-section-boxed elementor-section-height-default elementor-section-height-default\" data-id=\"783d6d9\" data-element_type=\"section\" data-e-type=\"section\" data-settings=\"{&quot;_ha_eqh_enable&quot;:false}\">\n\t\t\t\t\t\t<div class=\"elementor-container elementor-column-gap-default\">\n\t\t\t\t\t<div class=\"elementor-column elementor-col-100 elementor-top-column elementor-element elementor-element-371c65d\" data-id=\"371c65d\" data-element_type=\"column\" data-e-type=\"column\">\n\t\t\t<div class=\"elementor-widget-wrap elementor-element-populated\">\n\t\t\t\t\t\t<div class=\"elementor-element elementor-element-028297c elementor-widget elementor-widget-heading\" data-id=\"028297c\" data-element_type=\"widget\" data-e-type=\"widget\" data-widget_type=\"heading.default\">\n\t\t\t\t\t<h2 class=\"elementor-heading-title elementor-size-default\">CHOOSE A BIKE FROM ONE OF THE FOLLOWING SECTIONS<\/h2>\t\t\t\t<\/div>\n\t\t\t\t<div class=\"elementor-element elementor-element-fee7e17 elementor-widget elementor-widget-text-editor\" data-id=\"fee7e17\" data-element_type=\"widget\" data-e-type=\"widget\" data-widget_type=\"text-editor.default\">\n\t\t\t\t\t\t\t\t\t<p>Whether you\u2019re just hiring a road bike to pass the time or you\u2019re a serious athlete, we will set you up with a bike to suit your exact needs. Choose from a wide range of road bikes ranging from well-known brands such as BMC, Ridley and Focus. All our hire bikes are serviced upon return and before they are rented out again plus each bike comes with a pump, spare inner tube, levers and a multi-tool set. You will be surprised to know that our booking process does not require initial payment. Just choose your bike, fill out your details and submit and we will do the rest. On your arrival, we will complete the booking process.<\/p>\t\t\t\t\t\t\t\t<\/div>\n\t\t\t\t\t<\/div>\n\t\t<\/div>\n\t\t\t\t\t<\/div>\n\t\t<\/section>\n\t\t\t\t<section class=\"elementor-section elementor-top-section elementor-element elementor-element-bf01105 elementor-section-full_width elementor-section-height-default elementor-section-height-default\" data-id=\"bf01105\" data-element_type=\"section\" data-e-type=\"section\" data-settings=\"{&quot;_ha_eqh_enable&quot;:false}\">\n\t\t\t\t\t\t<div class=\"elementor-container elementor-column-gap-default\">\n\t\t\t\t\t<div class=\"elementor-column elementor-col-100 elementor-top-column elementor-element elementor-element-7931b61\" data-id=\"7931b61\" data-element_type=\"column\" data-e-type=\"column\">\n\t\t\t<div class=\"elementor-widget-wrap elementor-element-populated\">\n\t\t\t\t\t\t<div class=\"elementor-element elementor-element-13df195 elementor-align-center elementor-widget elementor-widget-button\" data-id=\"13df195\" data-element_type=\"widget\" data-e-type=\"widget\" data-widget_type=\"button.default\">\n\t\t\t\t\t\t\t\t\t\t<a class=\"elementor-button elementor-button-link elementor-size-sm\" href=\"https:\/\/ecohotelelagua.bikepointtenerife.com\/?lng=en\" target=\"_blank\">\n\t\t\t\t\t\t<span class=\"elementor-button-content-wrapper\">\n\t\t\t\t\t\t\t\t\t<span class=\"elementor-button-text\">Book now<\/span>\n\t\t\t\t\t<\/span>\n\t\t\t\t\t<\/a>\n\t\t\t\t\t\t\t\t<\/div>\n\t\t\t\t\t<\/div>\n\t\t<\/div>\n\t\t\t\t\t<\/div>\n\t\t<\/section>\n\t\t\t\t<\/div>","protected":false},"excerpt":{"rendered":"<p>ALQUILER DE BICICLETAS ALQUILER DE BICICLETAS ELIJA UNA BICICLETA DE LAS SIGUIENTES OPCIONES Si alquilas una bicicleta s\u00f3lo para pasar el tiempo o si eres un atleta serio, buscaremos para ti la bicicleta que mejor se adapte a tus necesidades. Elige entre la amplia selecci\u00f3n de bicicletas que ofrecemos con algunas de las marcas. Todas [&hellip;]<\/p>\n","protected":false},"author":1,"featured_media":0,"parent":0,"menu_order":0,"comment_status":"closed","ping_status":"closed","template":"","meta":{"inline_featured_image":false,"footnotes":""},"class_list":["post-5076","page","type-page","status-publish","hentry"],"yoast_head":"<!-- This site is optimized with the Yoast SEO Premium plugin v27.2 (Yoast SEO v27.2) - https:\/\/yoast.com\/product\/yoast-seo-premium-wordpress\/ -->\n<title>EcoHotel El Agua<\/title>\n<meta name=\"description\" content=\"Si alquilas una bicicleta solo para pasar el tiempo o si eres un atleta serio, buscaremos para ti la bicicleta que mejor se adapte a tus necesidades. Elige entre la amplia selecci\u00f3n de bicicletas que ofrecemos con algunas de las marcas m\u00e1s conocidas como BMC, Ridley o Cervelo.\" \/>\n<meta name=\"robots\" content=\"index, follow, max-snippet:-1, max-image-preview:large, max-video-preview:-1\" \/>\n<link rel=\"canonical\" href=\"http:\/\/ecohotelelagua.com\/en\/bike-rental\/\" \/>\n<meta property=\"og:locale\" content=\"en_GB\" \/>\n<meta property=\"og:type\" content=\"article\" \/>\n<meta property=\"og:title\" content=\"ALQUILER BICICLETAS\" \/>\n<meta property=\"og:description\" content=\"Si alquilas una bicicleta solo para pasar el tiempo o si eres un atleta serio, buscaremos para ti la bicicleta que mejor se adapte a tus necesidades. Elige entre la amplia selecci\u00f3n de bicicletas que ofrecemos con algunas de las marcas. Todas nuestras bicicletas llevan mantenimiento antes de salir al alquiler y cuando regresan, adem\u00e1s cada una lleva consigo una bomba de aire, c\u00e1mara de aire de reemplazo, desmontables de cubiertas y un multi-herramienta. Te sorprender\u00e1s al saber que para el proceso de reserva no se necesita un pago por adelantado. Solo elige tu bicicleta, rellena los detalles y env\u00eda tu reserva, nosotros nos encargaremos del resto. A tu llegada, completaremos tu reserva.\" \/>\n<meta property=\"og:url\" content=\"http:\/\/ecohotelelagua.com\/en\/bike-rental\/\" \/>\n<meta property=\"og:site_name\" content=\"EcoHotel El Agua\" \/>\n<meta property=\"article:modified_time\" content=\"2025-11-07T11:59:49+00:00\" \/>\n<meta property=\"og:image\" content=\"https:\/\/ecohotelelagua.com\/wp-content\/uploads\/2022\/09\/L1160590.png\" \/>\n\t<meta property=\"og:image:width\" content=\"1600\" \/>\n\t<meta property=\"og:image:height\" content=\"1004\" \/>\n\t<meta property=\"og:image:type\" content=\"image\/png\" \/>\n<meta name=\"twitter:card\" content=\"summary_large_image\" \/>\n<meta name=\"twitter:title\" content=\"ALQUILER BICICLETAS\" \/>\n<meta name=\"twitter:description\" content=\"Si alquilas una bicicleta solo para pasar el tiempo o si eres un atleta serio, buscaremos para ti la bicicleta que mejor se adapte a tus necesidades. Elige entre la amplia selecci\u00f3n de bicicletas que ofrecemos con algunas de las marcas. Todas nuestras bicicletas llevan mantenimiento antes de salir al alquiler y cuando regresan, adem\u00e1s cada una lleva consigo una bomba de aire, c\u00e1mara de aire de reemplazo, desmontables de cubiertas y un multi-herramienta. Te sorprender\u00e1s al saber que para el proceso de reserva no se necesita un pago por adelantado. Solo elige tu bicicleta, rellena los detalles y env\u00eda tu reserva, nosotros nos encargaremos del resto. A tu llegada, completaremos tu reserva.\" \/>\n<meta name=\"twitter:label1\" content=\"Estimated reading time\" \/>\n\t<meta name=\"twitter:data1\" content=\"1 minute\" \/>\n<script type=\"application\/ld+json\" class=\"yoast-schema-graph\">{\"@context\":\"https:\/\/schema.org\",\"@graph\":[{\"@type\":\"WebPage\",\"@id\":\"http:\/\/ecohotelelagua.com\/en\/bike-rental\/\",\"url\":\"http:\/\/ecohotelelagua.com\/en\/bike-rental\/\",\"name\":\"EcoHotel El Agua\",\"isPartOf\":{\"@id\":\"https:\/\/ecohotelelagua.com\/fr\/#website\"},\"datePublished\":\"2022-05-14T13:58:00+00:00\",\"dateModified\":\"2025-11-07T11:59:49+00:00\",\"description\":\"Si alquilas una bicicleta solo para pasar el tiempo o si eres un atleta serio, buscaremos para ti la bicicleta que mejor se adapte a tus necesidades. Elige entre la amplia selecci\u00f3n de bicicletas que ofrecemos con algunas de las marcas m\u00e1s conocidas como BMC, Ridley o Cervelo.\",\"breadcrumb\":{\"@id\":\"http:\/\/ecohotelelagua.com\/en\/bike-rental\/#breadcrumb\"},\"inLanguage\":\"en-GB\",\"potentialAction\":[{\"@type\":\"ReadAction\",\"target\":[\"http:\/\/ecohotelelagua.com\/en\/bike-rental\/\"]}]},{\"@type\":\"BreadcrumbList\",\"@id\":\"http:\/\/ecohotelelagua.com\/en\/bike-rental\/#breadcrumb\",\"itemListElement\":[{\"@type\":\"ListItem\",\"position\":1,\"name\":\"Home\",\"item\":\"https:\/\/ecohotelelagua.com\/\"},{\"@type\":\"ListItem\",\"position\":2,\"name\":\"Bike rental\"}]},{\"@type\":\"WebSite\",\"@id\":\"https:\/\/ecohotelelagua.com\/fr\/#website\",\"url\":\"https:\/\/ecohotelelagua.com\/fr\/\",\"name\":\"EcoHotel El Agua\",\"description\":\"EcoHotel El Agua\",\"publisher\":{\"@id\":\"https:\/\/ecohotelelagua.com\/fr\/#organization\"},\"potentialAction\":[{\"@type\":\"SearchAction\",\"target\":{\"@type\":\"EntryPoint\",\"urlTemplate\":\"https:\/\/ecohotelelagua.com\/fr\/?s={search_term_string}\"},\"query-input\":{\"@type\":\"PropertyValueSpecification\",\"valueRequired\":true,\"valueName\":\"search_term_string\"}}],\"inLanguage\":\"en-GB\"},{\"@type\":\"Organization\",\"@id\":\"https:\/\/ecohotelelagua.com\/fr\/#organization\",\"name\":\"Eco Hotel el Agua\",\"url\":\"https:\/\/ecohotelelagua.com\/fr\/\",\"logo\":{\"@type\":\"ImageObject\",\"inLanguage\":\"en-GB\",\"@id\":\"https:\/\/ecohotelelagua.com\/fr\/#\/schema\/logo\/image\/\",\"url\":\"https:\/\/ecohotelelagua.com\/wp-content\/uploads\/2022\/01\/ig-1.png\",\"contentUrl\":\"https:\/\/ecohotelelagua.com\/wp-content\/uploads\/2022\/01\/ig-1.png\",\"width\":300,\"height\":148,\"caption\":\"Eco Hotel el Agua\"},\"image\":{\"@id\":\"https:\/\/ecohotelelagua.com\/fr\/#\/schema\/logo\/image\/\"},\"sameAs\":[\"https:\/\/www.instagram.com\/p\/CZSWRFft7Ls\/?utm_medium=share_sheet\",\"https:\/\/pin.it\/4kyijpT\"]}]}<\/script>\n<!-- \/ Yoast SEO Premium plugin. -->","yoast_head_json":{"title":"EcoHotel El Agua","description":"Si alquilas una bicicleta solo para pasar el tiempo o si eres un atleta serio, buscaremos para ti la bicicleta que mejor se adapte a tus necesidades. Elige entre la amplia selecci\u00f3n de bicicletas que ofrecemos con algunas de las marcas m\u00e1s conocidas como BMC, Ridley o Cervelo.","robots":{"index":"index","follow":"follow","max-snippet":"max-snippet:-1","max-image-preview":"max-image-preview:large","max-video-preview":"max-video-preview:-1"},"canonical":"http:\/\/ecohotelelagua.com\/en\/bike-rental\/","og_locale":"en_GB","og_type":"article","og_title":"ALQUILER BICICLETAS","og_description":"Si alquilas una bicicleta solo para pasar el tiempo o si eres un atleta serio, buscaremos para ti la bicicleta que mejor se adapte a tus necesidades. Elige entre la amplia selecci\u00f3n de bicicletas que ofrecemos con algunas de las marcas. Todas nuestras bicicletas llevan mantenimiento antes de salir al alquiler y cuando regresan, adem\u00e1s cada una lleva consigo una bomba de aire, c\u00e1mara de aire de reemplazo, desmontables de cubiertas y un multi-herramienta. Te sorprender\u00e1s al saber que para el proceso de reserva no se necesita un pago por adelantado. Solo elige tu bicicleta, rellena los detalles y env\u00eda tu reserva, nosotros nos encargaremos del resto. A tu llegada, completaremos tu reserva.","og_url":"http:\/\/ecohotelelagua.com\/en\/bike-rental\/","og_site_name":"EcoHotel El Agua","article_modified_time":"2025-11-07T11:59:49+00:00","og_image":[{"width":1600,"height":1004,"url":"https:\/\/ecohotelelagua.com\/wp-content\/uploads\/2022\/09\/L1160590.png","type":"image\/png"}],"twitter_card":"summary_large_image","twitter_title":"ALQUILER BICICLETAS","twitter_description":"Si alquilas una bicicleta solo para pasar el tiempo o si eres un atleta serio, buscaremos para ti la bicicleta que mejor se adapte a tus necesidades. Elige entre la amplia selecci\u00f3n de bicicletas que ofrecemos con algunas de las marcas. Todas nuestras bicicletas llevan mantenimiento antes de salir al alquiler y cuando regresan, adem\u00e1s cada una lleva consigo una bomba de aire, c\u00e1mara de aire de reemplazo, desmontables de cubiertas y un multi-herramienta. Te sorprender\u00e1s al saber que para el proceso de reserva no se necesita un pago por adelantado. Solo elige tu bicicleta, rellena los detalles y env\u00eda tu reserva, nosotros nos encargaremos del resto. A tu llegada, completaremos tu reserva.","twitter_misc":{"Estimated reading time":"1 minute"},"schema":{"@context":"https:\/\/schema.org","@graph":[{"@type":"WebPage","@id":"http:\/\/ecohotelelagua.com\/en\/bike-rental\/","url":"http:\/\/ecohotelelagua.com\/en\/bike-rental\/","name":"EcoHotel El Agua","isPartOf":{"@id":"https:\/\/ecohotelelagua.com\/fr\/#website"},"datePublished":"2022-05-14T13:58:00+00:00","dateModified":"2025-11-07T11:59:49+00:00","description":"Si alquilas una bicicleta solo para pasar el tiempo o si eres un atleta serio, buscaremos para ti la bicicleta que mejor se adapte a tus necesidades. Elige entre la amplia selecci\u00f3n de bicicletas que ofrecemos con algunas de las marcas m\u00e1s conocidas como BMC, Ridley o Cervelo.","breadcrumb":{"@id":"http:\/\/ecohotelelagua.com\/en\/bike-rental\/#breadcrumb"},"inLanguage":"en-GB","potentialAction":[{"@type":"ReadAction","target":["http:\/\/ecohotelelagua.com\/en\/bike-rental\/"]}]},{"@type":"BreadcrumbList","@id":"http:\/\/ecohotelelagua.com\/en\/bike-rental\/#breadcrumb","itemListElement":[{"@type":"ListItem","position":1,"name":"Home","item":"https:\/\/ecohotelelagua.com\/"},{"@type":"ListItem","position":2,"name":"Bike rental"}]},{"@type":"WebSite","@id":"https:\/\/ecohotelelagua.com\/fr\/#website","url":"https:\/\/ecohotelelagua.com\/fr\/","name":"EcoHotel El Agua","description":"EcoHotel El Agua","publisher":{"@id":"https:\/\/ecohotelelagua.com\/fr\/#organization"},"potentialAction":[{"@type":"SearchAction","target":{"@type":"EntryPoint","urlTemplate":"https:\/\/ecohotelelagua.com\/fr\/?s={search_term_string}"},"query-input":{"@type":"PropertyValueSpecification","valueRequired":true,"valueName":"search_term_string"}}],"inLanguage":"en-GB"},{"@type":"Organization","@id":"https:\/\/ecohotelelagua.com\/fr\/#organization","name":"Eco Hotel el Agua","url":"https:\/\/ecohotelelagua.com\/fr\/","logo":{"@type":"ImageObject","inLanguage":"en-GB","@id":"https:\/\/ecohotelelagua.com\/fr\/#\/schema\/logo\/image\/","url":"https:\/\/ecohotelelagua.com\/wp-content\/uploads\/2022\/01\/ig-1.png","contentUrl":"https:\/\/ecohotelelagua.com\/wp-content\/uploads\/2022\/01\/ig-1.png","width":300,"height":148,"caption":"Eco Hotel el Agua"},"image":{"@id":"https:\/\/ecohotelelagua.com\/fr\/#\/schema\/logo\/image\/"},"sameAs":["https:\/\/www.instagram.com\/p\/CZSWRFft7Ls\/?utm_medium=share_sheet","https:\/\/pin.it\/4kyijpT"]}]}},"_links":{"self":[{"href":"https:\/\/ecohotelelagua.com\/en\/wp-json\/wp\/v2\/pages\/5076","targetHints":{"allow":["GET"]}}],"collection":[{"href":"https:\/\/ecohotelelagua.com\/en\/wp-json\/wp\/v2\/pages"}],"about":[{"href":"https:\/\/ecohotelelagua.com\/en\/wp-json\/wp\/v2\/types\/page"}],"author":[{"embeddable":true,"href":"https:\/\/ecohotelelagua.com\/en\/wp-json\/wp\/v2\/users\/1"}],"replies":[{"embeddable":true,"href":"https:\/\/ecohotelelagua.com\/en\/wp-json\/wp\/v2\/comments?post=5076"}],"version-history":[{"count":6,"href":"https:\/\/ecohotelelagua.com\/en\/wp-json\/wp\/v2\/pages\/5076\/revisions"}],"predecessor-version":[{"id":17762,"href":"https:\/\/ecohotelelagua.com\/en\/wp-json\/wp\/v2\/pages\/5076\/revisions\/17762"}],"wp:attachment":[{"href":"https:\/\/ecohotelelagua.com\/en\/wp-json\/wp\/v2\/media?parent=5076"}],"curies":[{"name":"wp","href":"https:\/\/api.w.org\/{rel}","templated":true}]}}