{"id":3319,"date":"2022-02-04T21:32:09","date_gmt":"2022-02-04T21:32:09","guid":{"rendered":"https:\/\/www.ecohotelelagua.com\/?page_id=3319"},"modified":"2025-08-08T06:00:39","modified_gmt":"2025-08-08T06:00:39","slug":"cookies","status":"publish","type":"page","link":"https:\/\/ecohotelelagua.com\/en\/cookies\/","title":{"rendered":"Cookies"},"content":{"rendered":"<div data-elementor-type=\"wp-page\" data-elementor-id=\"3319\" class=\"elementor elementor-3319\" data-elementor-settings=\"{&quot;ha_cmc_init_switcher&quot;:&quot;no&quot;}\" data-elementor-post-type=\"page\">\n\t\t\t\t\t\t<section class=\"elementor-section elementor-top-section elementor-element elementor-element-dad1498 elementor-section-boxed elementor-section-height-default elementor-section-height-default\" data-id=\"dad1498\" data-element_type=\"section\" data-e-type=\"section\" data-settings=\"{&quot;background_background&quot;:&quot;classic&quot;,&quot;_ha_eqh_enable&quot;:false}\">\n\t\t\t\t\t\t<div class=\"elementor-container elementor-column-gap-default\">\n\t\t\t\t\t<div class=\"elementor-column elementor-col-100 elementor-top-column elementor-element elementor-element-b096d37\" data-id=\"b096d37\" data-element_type=\"column\" data-e-type=\"column\">\n\t\t\t<div class=\"elementor-widget-wrap elementor-element-populated\">\n\t\t\t\t\t\t<div class=\"elementor-element elementor-element-faa26b3 elementor-widget elementor-widget-text-editor\" data-id=\"faa26b3\" data-element_type=\"widget\" data-e-type=\"widget\" data-widget_type=\"text-editor.default\">\n\t\t\t\t\t\t\t\t\t<h6><strong>Eco Hotel El Agua Cookie Policy<\/strong><\/h6><h6><strong>LAST REVISED ON 2nd of January, 2022<\/strong><\/h6><h2>Scope of the Cookies Policy<\/h2><p>This Privacy Policy describes how Eco Hotel El Agua (\"we\" or \"us\" or \"we\") collects, uses, consults or otherwise processes an individual's personal data with respect to the use of cookies. This Privacy Policy applies globally, but depending on where you live, some specific provisions of this Privacy Policy may not apply to you; however, it should be applied and interpreted in combination with Eco Hotel El Agua's Privacy Policy, which can be found at the relevant link found here:\u00a0<\/p><p><a href=\"https:\/\/ecohotelelagua.com\/en\/privacy\/\">https:\/\/www.ecohotelelagua.com\/privacy<\/a><\/p><h2>What are cookies<\/h2><p>Cookies are small pieces of text sent by your web browser or by a website you visit. A cookie file is stored in your web browser and allows us or a third-party, made known to you, to recognize you and make your next visit easier and the Service more useful to you.<\/p><p>Cookies can be \"persistent\" or \"session\" cookies.<\/p><h2 id=\"tw-target-text\" class=\"tw-data-text tw-text-large tw-ta\" dir=\"ltr\" data-placeholder=\"Translation\"><span class=\"Y2IQFc\" lang=\"es\">How we use cookies<\/span><\/h2><pre id=\"tw-target-text\" class=\"tw-data-text tw-text-large tw-ta\" dir=\"ltr\" data-placeholder=\"Translation\"><span class=\"Y2IQFc\" lang=\"es\">We use cookies for the following purposes:<\/span><\/pre><ul><li>to enable certain functions of the Service,<\/li><li>to provide analytics,<\/li><li>to store your preferences,<\/li><li>to enable advertisements delivery.<\/li><\/ul><p><strong>\u00a0<\/strong><\/p><p><strong>\u2013 Strictly necessary cookies: <\/strong>These cookies are necessary for the website to function and cannot be switched off in our systems. They are usually only set in response to actions made by you which amount to a request for services, such as setting your privacy preferences, logging in or filling in forms. You can set your browser to block or alert you about these cookies, but some parts of the site will not then work.<\/p><p><strong>\u2013 Performance cookies: <\/strong>These cookies allow us to count visits and traffic sources so we can measure and improve the performance of our site. They help us to know which pages are the most and least popular and see how visitors move around the site. All information these cookies collect is aggregated and therefore anonymous. If you do not allow these cookies we will not know when you have visited our site, and will not be able to monitor its performance.<\/p><h2>What are your choices regarding cookies?<\/h2><p>Tracking technology helps us manage and improve the usability of the Eco Hotel El Agua Website, for example by detecting whether there has been any contact between your computer and us in the past and to identify the most popular sections of the Eco Hotel El Agua Website.<\/p><p>Based on a more detailed description of the use of cookies, our Cookie Management Tool (\"the Tool\") helps you to manage your cookie preferences, including the granting of your consent. You can withdraw your consent to the use of certain cookies at any time by using the above-mentioned Tool.<\/p><p>When you save your cookie settings, they should also apply to your future visits to the Eco Hotel El Agua Website. However, for technical reasons beyond the control of Eco Hotel El Agua, this cannot be guaranteed. For example, if you reset your browser, delete your cookies or access the Eco Hotel El Agua Website from another browser or device, your cookie settings may be not be retrieved. To comply with applicable laws and regulations, in some countries you may be asked to confirm your cookie settings when you first visit the Eco Hotel El Agua Website. If you are in a country where you are automatically required to set your cookie settings, you may be asked to set them again on a future visit.<\/p><p>Please ensure that your browser setting reflects whether you wish to pre-exclude tracking technologies (such as cookies). The specific capabilities of your browser and instructions on how to use them can usually be found in the manual or help file of your browser.<\/p><p>Without tracking technologies the availability of the services provided by the Eco Hotel El Agua Website may be reduced, or parts of the Eco Hotel El Agua Website may no longer function correctly.<\/p><p><strong>\u00a0<\/strong><\/p><h3>How to Contact Us<\/h3><p>Questions, comments, remarks, requests or complaints regarding this Privacy Policy are welcome and should be addressed to:<\/p><p><a href=\"mailto:info@ecohotelelagua.com\"> info@ecohotelelagua.com<\/a>.<\/p>\t\t\t\t\t\t\t\t<\/div>\n\t\t\t\t<div class=\"elementor-element elementor-element-0bdbc5a elementor-align-left elementor-widget elementor-widget-button\" data-id=\"0bdbc5a\" data-element_type=\"widget\" data-e-type=\"widget\" data-widget_type=\"button.default\">\n\t\t\t\t\t\t\t\t\t\t<a class=\"elementor-button elementor-button-link elementor-size-sm\" href=\"tel:+34%20698%2098%2085%2085\">\n\t\t\t\t\t\t<span class=\"elementor-button-content-wrapper\">\n\t\t\t\t\t\t<span class=\"elementor-button-icon\">\n\t\t\t\t<svg aria-hidden=\"true\" class=\"e-font-icon-svg e-fas-phone-alt\" viewbox=\"0 0 512 512\" xmlns=\"http:\/\/www.w3.org\/2000\/svg\"><path d=\"M497.39 361.8l-112-48a24 24 0 0 0-28 6.9l-49.6 60.6A370.66 370.66 0 0 1 130.6 204.11l60.6-49.6a23.94 23.94 0 0 0 6.9-28l-48-112A24.16 24.16 0 0 0 122.6.61l-104 24A24 24 0 0 0 0 48c0 256.5 207.9 464 464 464a24 24 0 0 0 23.4-18.6l24-104a24.29 24.29 0 0 0-14.01-27.6z\"><\/path><\/svg>\t\t\t<\/span>\n\t\t\t\t\t\t\t\t\t<span class=\"elementor-button-text\">Our phone number: tel:+34 698 98 85 85<\/span>\n\t\t\t\t\t<\/span>\n\t\t\t\t\t<\/a>\n\t\t\t\t\t\t\t\t<\/div>\n\t\t\t\t\t<\/div>\n\t\t<\/div>\n\t\t\t\t\t<\/div>\n\t\t<\/section>\n\t\t\t\t<\/div>","protected":false},"excerpt":{"rendered":"<p>Pol\u00edtica de cookies de Eco Hotel El Agua \u00daLTIMA REVISI\u00d3N EL 2 de enero de 2022 Alcance de la Pol\u00edtica de Cookies Esta Pol\u00edtica de privacidad describe c\u00f3mo Eco Hotel El Agua (\u00abnosotros\u00bb o \u00abnosotros\u00bb) recopila, usa, consulta o procesa de otro modo los datos personales de una persona con respecto al uso de cookies. [&hellip;]<\/p>\n","protected":false},"author":1,"featured_media":0,"parent":0,"menu_order":0,"comment_status":"closed","ping_status":"closed","template":"","meta":{"inline_featured_image":false,"footnotes":""},"class_list":["post-3319","page","type-page","status-publish","hentry"],"yoast_head":"<!-- This site is optimized with the Yoast SEO Premium plugin v27.2 (Yoast SEO v27.2) - https:\/\/yoast.com\/product\/yoast-seo-premium-wordpress\/ -->\n<title>EcoHotel El Agua<\/title>\n<meta name=\"robots\" content=\"index, follow, max-snippet:-1, max-image-preview:large, max-video-preview:-1\" \/>\n<link rel=\"canonical\" href=\"http:\/\/ecohotelelagua.com\/en\/cookies\/\" \/>\n<meta property=\"og:locale\" content=\"en_GB\" \/>\n<meta property=\"og:type\" content=\"article\" \/>\n<meta property=\"og:title\" content=\"Cookies\" \/>\n<meta property=\"og:description\" content=\"Pol\u00edtica de cookies de Eco Hotel El Agua \u00daLTIMA REVISI\u00d3N EL 2 de enero de 2022 Alcance de la Pol\u00edtica de Cookies Esta Pol\u00edtica de privacidad describe c\u00f3mo Eco Hotel El Agua (\u00abnosotros\u00bb o \u00abnosotros\u00bb) recopila, usa, consulta o procesa de otro modo los datos personales de una persona con respecto al uso de cookies. [&hellip;]\" \/>\n<meta property=\"og:url\" content=\"http:\/\/ecohotelelagua.com\/en\/cookies\/\" \/>\n<meta property=\"og:site_name\" content=\"EcoHotel El Agua\" \/>\n<meta property=\"article:modified_time\" content=\"2025-08-08T06:00:39+00:00\" \/>\n<meta property=\"og:image\" content=\"https:\/\/ecohotelelagua.com\/wp-content\/uploads\/2022\/09\/L1160590.png\" \/>\n\t<meta property=\"og:image:width\" content=\"1600\" \/>\n\t<meta property=\"og:image:height\" content=\"1004\" \/>\n\t<meta property=\"og:image:type\" content=\"image\/png\" \/>\n<meta name=\"twitter:card\" content=\"summary_large_image\" \/>\n<meta name=\"twitter:label1\" content=\"Estimated reading time\" \/>\n\t<meta name=\"twitter:data1\" content=\"4 minutes\" \/>\n<script type=\"application\/ld+json\" class=\"yoast-schema-graph\">{\"@context\":\"https:\/\/schema.org\",\"@graph\":[{\"@type\":\"WebPage\",\"@id\":\"http:\/\/ecohotelelagua.com\/en\/cookies\/\",\"url\":\"http:\/\/ecohotelelagua.com\/en\/cookies\/\",\"name\":\"EcoHotel El Agua\",\"isPartOf\":{\"@id\":\"https:\/\/ecohotelelagua.com\/fr\/#website\"},\"datePublished\":\"2022-02-04T21:32:09+00:00\",\"dateModified\":\"2025-08-08T06:00:39+00:00\",\"breadcrumb\":{\"@id\":\"http:\/\/ecohotelelagua.com\/en\/cookies\/#breadcrumb\"},\"inLanguage\":\"en-GB\",\"potentialAction\":[{\"@type\":\"ReadAction\",\"target\":[\"http:\/\/ecohotelelagua.com\/en\/cookies\/\"]}]},{\"@type\":\"BreadcrumbList\",\"@id\":\"http:\/\/ecohotelelagua.com\/en\/cookies\/#breadcrumb\",\"itemListElement\":[{\"@type\":\"ListItem\",\"position\":1,\"name\":\"Home\",\"item\":\"https:\/\/ecohotelelagua.com\/\"},{\"@type\":\"ListItem\",\"position\":2,\"name\":\"Cookies\"}]},{\"@type\":\"WebSite\",\"@id\":\"https:\/\/ecohotelelagua.com\/fr\/#website\",\"url\":\"https:\/\/ecohotelelagua.com\/fr\/\",\"name\":\"EcoHotel El Agua\",\"description\":\"EcoHotel El Agua\",\"publisher\":{\"@id\":\"https:\/\/ecohotelelagua.com\/fr\/#organization\"},\"potentialAction\":[{\"@type\":\"SearchAction\",\"target\":{\"@type\":\"EntryPoint\",\"urlTemplate\":\"https:\/\/ecohotelelagua.com\/fr\/?s={search_term_string}\"},\"query-input\":{\"@type\":\"PropertyValueSpecification\",\"valueRequired\":true,\"valueName\":\"search_term_string\"}}],\"inLanguage\":\"en-GB\"},{\"@type\":\"Organization\",\"@id\":\"https:\/\/ecohotelelagua.com\/fr\/#organization\",\"name\":\"Eco Hotel el Agua\",\"url\":\"https:\/\/ecohotelelagua.com\/fr\/\",\"logo\":{\"@type\":\"ImageObject\",\"inLanguage\":\"en-GB\",\"@id\":\"https:\/\/ecohotelelagua.com\/fr\/#\/schema\/logo\/image\/\",\"url\":\"https:\/\/ecohotelelagua.com\/wp-content\/uploads\/2022\/01\/ig-1.png\",\"contentUrl\":\"https:\/\/ecohotelelagua.com\/wp-content\/uploads\/2022\/01\/ig-1.png\",\"width\":300,\"height\":148,\"caption\":\"Eco Hotel el Agua\"},\"image\":{\"@id\":\"https:\/\/ecohotelelagua.com\/fr\/#\/schema\/logo\/image\/\"},\"sameAs\":[\"https:\/\/www.instagram.com\/p\/CZSWRFft7Ls\/?utm_medium=share_sheet\",\"https:\/\/pin.it\/4kyijpT\"]}]}<\/script>\n<!-- \/ Yoast SEO Premium plugin. -->","yoast_head_json":{"title":"EcoHotel El Agua","robots":{"index":"index","follow":"follow","max-snippet":"max-snippet:-1","max-image-preview":"max-image-preview:large","max-video-preview":"max-video-preview:-1"},"canonical":"http:\/\/ecohotelelagua.com\/en\/cookies\/","og_locale":"en_GB","og_type":"article","og_title":"Cookies","og_description":"Pol\u00edtica de cookies de Eco Hotel El Agua \u00daLTIMA REVISI\u00d3N EL 2 de enero de 2022 Alcance de la Pol\u00edtica de Cookies Esta Pol\u00edtica de privacidad describe c\u00f3mo Eco Hotel El Agua (\u00abnosotros\u00bb o \u00abnosotros\u00bb) recopila, usa, consulta o procesa de otro modo los datos personales de una persona con respecto al uso de cookies. [&hellip;]","og_url":"http:\/\/ecohotelelagua.com\/en\/cookies\/","og_site_name":"EcoHotel El Agua","article_modified_time":"2025-08-08T06:00:39+00:00","og_image":[{"width":1600,"height":1004,"url":"https:\/\/ecohotelelagua.com\/wp-content\/uploads\/2022\/09\/L1160590.png","type":"image\/png"}],"twitter_card":"summary_large_image","twitter_misc":{"Estimated reading time":"4 minutes"},"schema":{"@context":"https:\/\/schema.org","@graph":[{"@type":"WebPage","@id":"http:\/\/ecohotelelagua.com\/en\/cookies\/","url":"http:\/\/ecohotelelagua.com\/en\/cookies\/","name":"EcoHotel El Agua","isPartOf":{"@id":"https:\/\/ecohotelelagua.com\/fr\/#website"},"datePublished":"2022-02-04T21:32:09+00:00","dateModified":"2025-08-08T06:00:39+00:00","breadcrumb":{"@id":"http:\/\/ecohotelelagua.com\/en\/cookies\/#breadcrumb"},"inLanguage":"en-GB","potentialAction":[{"@type":"ReadAction","target":["http:\/\/ecohotelelagua.com\/en\/cookies\/"]}]},{"@type":"BreadcrumbList","@id":"http:\/\/ecohotelelagua.com\/en\/cookies\/#breadcrumb","itemListElement":[{"@type":"ListItem","position":1,"name":"Home","item":"https:\/\/ecohotelelagua.com\/"},{"@type":"ListItem","position":2,"name":"Cookies"}]},{"@type":"WebSite","@id":"https:\/\/ecohotelelagua.com\/fr\/#website","url":"https:\/\/ecohotelelagua.com\/fr\/","name":"EcoHotel El Agua","description":"EcoHotel El Agua","publisher":{"@id":"https:\/\/ecohotelelagua.com\/fr\/#organization"},"potentialAction":[{"@type":"SearchAction","target":{"@type":"EntryPoint","urlTemplate":"https:\/\/ecohotelelagua.com\/fr\/?s={search_term_string}"},"query-input":{"@type":"PropertyValueSpecification","valueRequired":true,"valueName":"search_term_string"}}],"inLanguage":"en-GB"},{"@type":"Organization","@id":"https:\/\/ecohotelelagua.com\/fr\/#organization","name":"Eco Hotel el Agua","url":"https:\/\/ecohotelelagua.com\/fr\/","logo":{"@type":"ImageObject","inLanguage":"en-GB","@id":"https:\/\/ecohotelelagua.com\/fr\/#\/schema\/logo\/image\/","url":"https:\/\/ecohotelelagua.com\/wp-content\/uploads\/2022\/01\/ig-1.png","contentUrl":"https:\/\/ecohotelelagua.com\/wp-content\/uploads\/2022\/01\/ig-1.png","width":300,"height":148,"caption":"Eco Hotel el Agua"},"image":{"@id":"https:\/\/ecohotelelagua.com\/fr\/#\/schema\/logo\/image\/"},"sameAs":["https:\/\/www.instagram.com\/p\/CZSWRFft7Ls\/?utm_medium=share_sheet","https:\/\/pin.it\/4kyijpT"]}]}},"_links":{"self":[{"href":"https:\/\/ecohotelelagua.com\/en\/wp-json\/wp\/v2\/pages\/3319","targetHints":{"allow":["GET"]}}],"collection":[{"href":"https:\/\/ecohotelelagua.com\/en\/wp-json\/wp\/v2\/pages"}],"about":[{"href":"https:\/\/ecohotelelagua.com\/en\/wp-json\/wp\/v2\/types\/page"}],"author":[{"embeddable":true,"href":"https:\/\/ecohotelelagua.com\/en\/wp-json\/wp\/v2\/users\/1"}],"replies":[{"embeddable":true,"href":"https:\/\/ecohotelelagua.com\/en\/wp-json\/wp\/v2\/comments?post=3319"}],"version-history":[{"count":3,"href":"https:\/\/ecohotelelagua.com\/en\/wp-json\/wp\/v2\/pages\/3319\/revisions"}],"predecessor-version":[{"id":17695,"href":"https:\/\/ecohotelelagua.com\/en\/wp-json\/wp\/v2\/pages\/3319\/revisions\/17695"}],"wp:attachment":[{"href":"https:\/\/ecohotelelagua.com\/en\/wp-json\/wp\/v2\/media?parent=3319"}],"curies":[{"name":"wp","href":"https:\/\/api.w.org\/{rel}","templated":true}]}}