{"id":2903,"date":"2022-02-01T07:03:05","date_gmt":"2022-02-01T07:03:05","guid":{"rendered":"https:\/\/www.ecohotelelagua.com\/?page_id=2903"},"modified":"2025-04-08T09:12:28","modified_gmt":"2025-04-08T08:12:28","slug":"about-us","status":"publish","type":"page","link":"https:\/\/ecohotelelagua.com\/en\/about-us\/","title":{"rendered":"About us"},"content":{"rendered":"\t\t<div data-elementor-type=\"wp-page\" data-elementor-id=\"2903\" class=\"elementor elementor-2903\" data-elementor-settings=\"{&quot;ha_cmc_init_switcher&quot;:&quot;no&quot;}\" data-elementor-post-type=\"page\">\n\t\t\t\t\t\t<section class=\"elementor-section elementor-top-section elementor-element elementor-element-b72a753 elementor-section-full_width elementor-section-height-min-height elementor-section-items-bottom elementor-section-content-bottom elementor-section-height-default\" data-id=\"b72a753\" data-element_type=\"section\" data-e-type=\"section\" data-settings=\"{&quot;background_background&quot;:&quot;classic&quot;,&quot;_ha_eqh_enable&quot;:false}\">\n\t\t\t\t\t\t<div class=\"elementor-container elementor-column-gap-no\">\n\t\t\t\t\t<div class=\"elementor-column elementor-col-100 elementor-top-column elementor-element elementor-element-a45fd32\" data-id=\"a45fd32\" data-element_type=\"column\" data-e-type=\"column\">\n\t\t\t<div class=\"elementor-widget-wrap elementor-element-populated\">\n\t\t\t\t\t\t<div class=\"elementor-element elementor-element-ffaeefd elementor-widget elementor-widget-heading\" data-id=\"ffaeefd\" data-element_type=\"widget\" data-e-type=\"widget\" data-widget_type=\"heading.default\">\n\t\t\t\t\t<h2 class=\"elementor-heading-title elementor-size-default\">Sobre nosotros<\/h2>\t\t\t\t<\/div>\n\t\t\t\t\t<\/div>\n\t\t<\/div>\n\t\t\t\t\t<\/div>\n\t\t<\/section>\n\t\t\t\t<section class=\"elementor-section elementor-top-section elementor-element elementor-element-f8642c6 elementor-section-boxed elementor-section-height-default elementor-section-height-default\" data-id=\"f8642c6\" data-element_type=\"section\" data-e-type=\"section\" data-settings=\"{&quot;background_background&quot;:&quot;classic&quot;,&quot;_ha_eqh_enable&quot;:false}\">\n\t\t\t\t\t\t<div class=\"elementor-container elementor-column-gap-default\">\n\t\t\t\t\t<div class=\"elementor-column elementor-col-100 elementor-top-column elementor-element elementor-element-db60444\" data-id=\"db60444\" data-element_type=\"column\" data-e-type=\"column\">\n\t\t\t<div class=\"elementor-widget-wrap elementor-element-populated\">\n\t\t\t\t\t\t<div class=\"elementor-element elementor-element-93af7a3 elementor-widget elementor-widget-heading\" data-id=\"93af7a3\" data-element_type=\"widget\" data-e-type=\"widget\" data-widget_type=\"heading.default\">\n\t\t\t\t\t<h4 class=\"elementor-heading-title elementor-size-default\">Eco Hotel El Agua: Un paradigma de dise\u00f1o,\nbienestar y sostenibilidad en Tenerife<\/h4>\t\t\t\t<\/div>\n\t\t\t\t<div class=\"elementor-element elementor-element-881c853 elementor-widget elementor-widget-heading\" data-id=\"881c853\" data-element_type=\"widget\" data-e-type=\"widget\" data-widget_type=\"heading.default\">\n\t\t\t\t\t<h5 class=\"elementor-heading-title elementor-size-default\">De las pruebas epigen\u00e9ticas a la llegada a los ejercicios de Wim Hoff antes\ndesayuno, Eco Hotel El Agua redise\u00f1a el turismo de lujo en Tenerife<\/h5>\t\t\t\t<\/div>\n\t\t\t\t<div class=\"elementor-element elementor-element-e944b79 elementor-widget elementor-widget-text-editor\" data-id=\"e944b79\" data-element_type=\"widget\" data-e-type=\"widget\" data-widget_type=\"text-editor.default\">\n\t\t\t\t\t\t\t\t\t<p>El c\u00e1lido sol canario pinta sombras de ensue\u00f1o en el paisaje subtropical salpicado de palmeras. Valle de Arico, en la costa sureste de Tenerife. Una c\u00e1lida brisa acaricia el verde arbustos de lavanda, romero y chipre, liberando un aroma tentador en el aire. Hay ni un alma a la vista. S\u00f3lo una hilera sinuosa de casas tradicionales bordea el per\u00edmetro del Eco Hotel. El Agua, pero su existencia se vuelve insignificante frente a las infinitas vistas que acogen hu\u00e9spedes una vez que ingresan a los terrenos del hotel.<\/p><p>En medio de extensos olivares, Eco Hotel El Agua, el proyecto m\u00e1s ambicioso de NAOK\u014c Healing Hotels, es un testimonio de la convergencia del dise\u00f1o y la medicina integrativa y sostenibilidad. Este escondite en la cima de una colina en la ciudad de inter\u00e9s cultural, Arico El Nuevo, es poniendo patas arriba el panorama tur\u00edstico de Tenerife. Los brit\u00e1nicos borrachos y el balde y la pala La brigada ha seguido adelante y ahora las Islas Canarias son un refugio para aquellos que buscan una Santuario de paz y bienestar.<\/p><p>\u201cNo es un hotel, es una b\u00fasqueda de una forma de vida hol\u00edstica\u201d. Esta ha sido la filosof\u00eda de Anthony Picq, propietario y fundador de Eco Hotel El Agua, desde el nacimiento de este hotel en constante evoluci\u00f3n, proyecto poli\u00e9drico all\u00e1 por 2022. La idea de Anthony de restaurar meticulosamente un edificio de 200 a\u00f1os granja de piedra abandonada y revitalizar el paisaje \u00e1rido en un \u00e1rea rebosante con olivos, limoneros, pl\u00e1tanos y palmeras no es poca cosa, pero la cosa no acaba ah\u00ed. Antonio es dedicado a desarrollar su pasi\u00f3n por la medicina hipocr\u00e1tica, la fitoterapia y la naturopat\u00eda. y al hacerlo ha creado un spa hol\u00edstico, una plantaci\u00f3n de lavanda y romero para hacer aceites esenciales y ha desarrollado un extenso men\u00fa de tratamientos y programas para hu\u00e9spedes para disfrutar durante su estancia. Pero \u201ctodo es trabajo en progreso\u201d, dice con una sonrisa.<\/p><p>La pieza central de Eco Hotel El Agua es sin duda Villa Olivo, un santuario para dos que personifica el lujo minimalista y la vida ecol\u00f3gica. Con sus 25 a\u00f1os de experiencia en el sector del turismo sostenible adem\u00e1s de trabajar como estilista de interiores y dise\u00f1adora de jardines, Antonio ha reconvertido lo que anta\u00f1o fue un refugio para los campesinos que trabajaban la tierra cultivando vides, en un oasis de paz y serenidad. Decorados por el estudio ZIR\u0100, los interiores pagan Homenaje a los paisajes circundantes mezclando los estilos de Feng Shui y Wabi-sabi. Sin embargo, aparte de los interiores de dise\u00f1o, lo que distingue a esta vivienda \u00edntima de su est\u00e1ndar villa con cocina es la selecci\u00f3n ecl\u00e9ctica de obras de arte que se pueden comprar y que adornan sus estantes y nichos, todos creados con un elemento filantr\u00f3pico en mente.<\/p><p>La gran atenci\u00f3n de Anthony al detalle se extiende a cada aspecto del dise\u00f1o de Villa Olivo. Desde equipos de entrenamiento completos discretamente colocados dentro del armario hasta la selecci\u00f3n natural de Art\u00edculos de tocador disponibles, incluida pasta de dientes hecha con miel, la villa lo invita a dejarse llevar y adoptar un estilo de vida hol\u00edstico. Incluso hay una biblioteca de revistas de dise\u00f1o para que las mentes curiosas puedan consultar. Leer detenidamente en su tiempo libre. Sin embargo, la verdadera magia de Villa Olivo reside en el encantador patio privado. Que proporciona un refugio \u00edntimo para la relajaci\u00f3n. Saluda el amanecer mientras saboreas una bebida reci\u00e9n caf\u00e9 org\u00e1nico preparado o suba las escaleras hasta la piscina infinita climatizada de agua salada completa con una cama balinesa y disfruta de un refrescante chapuz\u00f3n rodeado de vegetaci\u00f3n.<\/p><p>Puede que sea dif\u00edcil abandonar la serenidad de Villa Olivo, pero los terrenos, envueltos en la naturaleza, ofrecen hu\u00e9spedes un retiro aislado dentro de un retiro. Si bien puedes explorar a tu propio ritmo, aseg\u00farate de para localizar a Anthony durante su estad\u00eda y prepararse para recibir educaci\u00f3n sobre el tema hol\u00edstico. Propiedades de las plantas que crecen en los borduras y los beneficios de las terapias que se ofrecen como los ba\u00f1os de hielo de Wim Hoff, el yoga y las sesiones diarias de watsu. Los intrigados por el cielo nocturno. No puedo irme sin admirar los cielos repletos de estrellas de Tenerife, galardonados con el premio Dark Sky, que ba\u00f1a el valle con un brillo revitalizante noche tras noche.<\/p><p>Mirando los serenos terrenos del Eco Hotel El Agua, es f\u00e1cil creer que tiene siempre existi\u00f3, pero no. Es toda la creaci\u00f3n de Anthony y es inseparable de su forma de<br \/>pensar y vivir. \u201cQuiero que los hu\u00e9spedes comprendan que vivimos en armon\u00eda con la naturaleza y que cada villa es una casa de campo. Esto trae consigo sus propios desaf\u00edos y oportunidades\u201d, afirma. Antonio. \u201cNo ver\u00e1s aire acondicionado ni calentadores dentro de las villas ya que las paredes de piedra act\u00faan como termorreguladores, manteniendo la casa fresca en verano y aislando los interiores en el invierno. El agua tambi\u00e9n es un bien preciado y m\u00e1s en la \u00e9poca actual. quiero que los invitados entender que el agua utilizada en los ba\u00f1os se recicla mediante un m\u00e9todo tradicional de almacenar y limpiar el suministro. Aqu\u00ed el lujo no se trata de tomar duchas calientes de una hora de duraci\u00f3n, en cambio, el valor est\u00e1 puesto en preservar lo que la naturaleza nos ha regalado\u201d.<\/p><p>La misma filosof\u00eda se extiende a la oferta gastron\u00f3mica de Eco Hotel El Agua. Inspirado por El famoso dicho de Hip\u00f3crates \u201cQue la comida sea tu medicina y la medicina sea tu alimento\u201d el hotel. El chef Kalo est\u00e1 disponible para preparar un men\u00fa saludable y de alta biodisponibilidad. \u201cAlimentar nuestra cuerpos con \u201cAlimento Vivo\u201d nos proporciona los micro y macronutrientes necesarios que cumplen un Funci\u00f3n pre y probi\u00f3tica dentro del cuerpo\u201d, explica Anthony. Los hu\u00e9spedes pueden optar por uno de los tres. Rutas culinarias: veganas, crudiveganas o vegetarianas. Pero no esperes una cena com\u00fan y corriente experiencia. \u00a1Oh, no! Todas las comidas se sirven dentro de una cueva m\u00edstica a la que solo se puede acceder cruzando un Camino de piedra que atraviesa un estanque de agua de color topacio. Una vez dentro, los hu\u00e9spedes pueden explorar el boutique de estilo de vida de lujo del hotel antes de instalarse, con el sonido de cuencos tibetanos, a una experiencia interactiva de show cooking. Para que el momento sea a\u00fan m\u00e1s memorable, opte para que un m\u00fasico cl\u00e1sico te d\u00e9 una serenata mientras comes. La opci\u00f3n de autoservicio tambi\u00e9n es Disponible para aquellos que desean mantener los planes fluidos y seguir la corriente.<\/p><p>Eco Hotel El Agua no es para quienes buscan lo ordinario. El spa recientemente inaugurado es un collage de culturas que se combinan a la perfecci\u00f3n para ofrecer a los hu\u00e9spedes tratamientos restaurativos para la mente y el cuerpo. Pase el d\u00eda rejuveneciendo los m\u00fasculos cansados \u200b\u200ben la c\u00e1lida comodidad de el hammam, o calmar los pensamientos acelerados con un masaje ayurv\u00e9dico Shirodhara. El exterior el jacuzzi y la piscina fr\u00eda ofrecen un lugar encantador para admirar las lejanas colinas y terreno accidentado.<\/p><p>Aquellos inspirados en integrar a\u00fan m\u00e1s el bienestar hol\u00edstico en su estad\u00eda pueden optar por uno de los Cuatro programas de tratamiento transformadores ideados por Anthony. D\u00e9jate guiar por los entresijos y fuera del ayuno intermitente, despierta con un men\u00fa completo de jugos verdes reci\u00e9n preparados y descubre los beneficios de la desintoxicaci\u00f3n. Estire los m\u00fasculos cansados \u200b\u200bcon yoga guiado sesiones seguidas de ejercicios de respiraci\u00f3n pranayama. Reciba masajes diarios para ayudar drenaje linf\u00e1tico y tonificaci\u00f3n del cuerpo entre ejercicios de respiraci\u00f3n de Wim Hoff y ba\u00f1os fr\u00edos o tratamientos de hidropresi\u00f3n Watsu. O bien, opta por un entrenador personal que te gu\u00ede a trav\u00e9s de entrenamientos diarios, rutinas de fitness y brindar asesoramiento nutricional personalizado. Cada el programa comienza con una prueba epigen\u00e9tica en profundidad para obtener informaci\u00f3n \u00f3ptima sobre la salud y bienestar.<\/p><p>\u201cMi sue\u00f1o es crear un hotel que se integre armoniosamente en el paisaje, dejando poco impacto en el medio ambiente\u201d, afirma Anthony. Premiando el bienestar de sus hu\u00e9spedes a lo largo de capacidad, los planes de expansi\u00f3n de Eco Hotel El Agua se extienden a la reforma de nuevas villas y suites para alojar a un total de 25 hu\u00e9spedes. As\u00ed como Villa Olivo, cada nueva vivienda existir\u00e1 dentro de su propio ecosistema brindando a los hu\u00e9spedes un escape personalizado manteniendo el delicado equilibrio entre el confort moderno y la armon\u00eda ambiental.<\/p><p>Como dijo una vez el gran Laurence Durrell: \u201cLos viajes como los artistas nacen y no se hacen [&#8230;] Surgen espont\u00e1neamente de las exigencias de nuestra naturaleza, y los mejores de ellos nos gu\u00edan no s\u00f3lo hacia afuera en el espacio sino tambi\u00e9n hacia adentro\u201d. Mientras el sol comienza a ponerse sobre el polvoriento ladera, es dif\u00edcil no reflexionar sobre estas palabras y el Ed\u00e9n que Anthony Picq ha creado en el aparentemente inh\u00f3spito entorno de una isla volc\u00e1nica. Una estancia en Eco Hotel El Agua no es s\u00f3lo una oportunidad de explorar los rincones menos conocidos de Tenerife sino tambi\u00e9n un viaje de introspecci\u00f3n que nos invita a abrazar el bienestar hol\u00edstico dentro de nuestro d\u00eda a d\u00eda.<\/p><p>Grace Molan<\/p>\t\t\t\t\t\t\t\t<\/div>\n\t\t\t\t\t<\/div>\n\t\t<\/div>\n\t\t\t\t\t<\/div>\n\t\t<\/section>\n\t\t\t\t<\/div>\n\t\t","protected":false},"excerpt":{"rendered":"<p>Sobre nosotros Eco Hotel El Agua: Un paradigma de dise\u00f1o, bienestar y sostenibilidad en Tenerife De las pruebas epigen\u00e9ticas a la llegada a los ejercicios de Wim Hoff antes desayuno, Eco Hotel El Agua redise\u00f1a el turismo de lujo en Tenerife El c\u00e1lido sol canario pinta sombras de ensue\u00f1o en el paisaje subtropical salpicado de [&hellip;]<\/p>\n","protected":false},"author":1,"featured_media":2844,"parent":0,"menu_order":0,"comment_status":"closed","ping_status":"closed","template":"elementor_header_footer","meta":{"inline_featured_image":false,"footnotes":""},"class_list":["post-2903","page","type-page","status-publish","has-post-thumbnail","hentry"],"yoast_head":"<!-- This site is optimized with the Yoast SEO Premium plugin v27.2 (Yoast SEO v27.2) - https:\/\/yoast.com\/product\/yoast-seo-premium-wordpress\/ -->\n<title>EcoHotel El Agua<\/title>\n<meta name=\"description\" content=\"Based on the ideals of Hippocratic Medicine, Naturopathy and Mindfulness our focus is on the body\u2019s ability to heal itself.\" \/>\n<meta name=\"robots\" content=\"index, follow, max-snippet:-1, max-image-preview:large, max-video-preview:-1\" \/>\n<link rel=\"canonical\" href=\"http:\/\/ecohotelelagua.com\/en\/about-us\/\" \/>\n<meta property=\"og:locale\" content=\"en_GB\" \/>\n<meta property=\"og:type\" content=\"article\" \/>\n<meta property=\"og:title\" content=\"About us\" \/>\n<meta property=\"og:description\" content=\"Based on the ideals of Hippocratic Medicine, Naturopathy and Mindfulness our focus is on the body\u2019s ability to heal itself.\" \/>\n<meta property=\"og:url\" content=\"http:\/\/ecohotelelagua.com\/en\/about-us\/\" \/>\n<meta property=\"og:site_name\" content=\"EcoHotel El Agua\" \/>\n<meta property=\"article:modified_time\" content=\"2025-04-08T08:12:28+00:00\" \/>\n<meta property=\"og:image\" content=\"https:\/\/ecohotelelagua.com\/wp-content\/uploads\/2022\/01\/yoga_relax.jpeg\" \/>\n\t<meta property=\"og:image:width\" content=\"1124\" \/>\n\t<meta property=\"og:image:height\" content=\"750\" \/>\n\t<meta property=\"og:image:type\" content=\"image\/jpeg\" \/>\n<meta name=\"twitter:card\" content=\"summary_large_image\" \/>\n<meta name=\"twitter:label1\" content=\"Estimated reading time\" \/>\n\t<meta name=\"twitter:data1\" content=\"7 minutes\" \/>\n<script type=\"application\/ld+json\" class=\"yoast-schema-graph\">{\"@context\":\"https:\/\/schema.org\",\"@graph\":[{\"@type\":\"WebPage\",\"@id\":\"http:\/\/ecohotelelagua.com\/en\/about-us\/\",\"url\":\"http:\/\/ecohotelelagua.com\/en\/about-us\/\",\"name\":\"EcoHotel El Agua\",\"isPartOf\":{\"@id\":\"https:\/\/ecohotelelagua.com\/fr\/#website\"},\"primaryImageOfPage\":{\"@id\":\"http:\/\/ecohotelelagua.com\/en\/about-us\/#primaryimage\"},\"image\":{\"@id\":\"http:\/\/ecohotelelagua.com\/en\/about-us\/#primaryimage\"},\"thumbnailUrl\":\"https:\/\/ecohotelelagua.com\/wp-content\/uploads\/2022\/01\/yoga_relax.jpeg\",\"datePublished\":\"2022-02-01T07:03:05+00:00\",\"dateModified\":\"2025-04-08T08:12:28+00:00\",\"description\":\"Based on the ideals of Hippocratic Medicine, Naturopathy and Mindfulness our focus is on the body\u2019s ability to heal itself.\",\"breadcrumb\":{\"@id\":\"http:\/\/ecohotelelagua.com\/en\/about-us\/#breadcrumb\"},\"inLanguage\":\"en-GB\",\"potentialAction\":[{\"@type\":\"ReadAction\",\"target\":[\"http:\/\/ecohotelelagua.com\/en\/about-us\/\"]}]},{\"@type\":\"ImageObject\",\"inLanguage\":\"en-GB\",\"@id\":\"http:\/\/ecohotelelagua.com\/en\/about-us\/#primaryimage\",\"url\":\"https:\/\/ecohotelelagua.com\/wp-content\/uploads\/2022\/01\/yoga_relax.jpeg\",\"contentUrl\":\"https:\/\/ecohotelelagua.com\/wp-content\/uploads\/2022\/01\/yoga_relax.jpeg\",\"width\":1124,\"height\":750},{\"@type\":\"BreadcrumbList\",\"@id\":\"http:\/\/ecohotelelagua.com\/en\/about-us\/#breadcrumb\",\"itemListElement\":[{\"@type\":\"ListItem\",\"position\":1,\"name\":\"Home\",\"item\":\"https:\/\/ecohotelelagua.com\/\"},{\"@type\":\"ListItem\",\"position\":2,\"name\":\"About us\"}]},{\"@type\":\"WebSite\",\"@id\":\"https:\/\/ecohotelelagua.com\/fr\/#website\",\"url\":\"https:\/\/ecohotelelagua.com\/fr\/\",\"name\":\"EcoHotel El Agua\",\"description\":\"EcoHotel El Agua\",\"publisher\":{\"@id\":\"https:\/\/ecohotelelagua.com\/fr\/#organization\"},\"potentialAction\":[{\"@type\":\"SearchAction\",\"target\":{\"@type\":\"EntryPoint\",\"urlTemplate\":\"https:\/\/ecohotelelagua.com\/fr\/?s={search_term_string}\"},\"query-input\":{\"@type\":\"PropertyValueSpecification\",\"valueRequired\":true,\"valueName\":\"search_term_string\"}}],\"inLanguage\":\"en-GB\"},{\"@type\":\"Organization\",\"@id\":\"https:\/\/ecohotelelagua.com\/fr\/#organization\",\"name\":\"Eco Hotel el Agua\",\"url\":\"https:\/\/ecohotelelagua.com\/fr\/\",\"logo\":{\"@type\":\"ImageObject\",\"inLanguage\":\"en-GB\",\"@id\":\"https:\/\/ecohotelelagua.com\/fr\/#\/schema\/logo\/image\/\",\"url\":\"https:\/\/ecohotelelagua.com\/wp-content\/uploads\/2022\/01\/ig-1.png\",\"contentUrl\":\"https:\/\/ecohotelelagua.com\/wp-content\/uploads\/2022\/01\/ig-1.png\",\"width\":300,\"height\":148,\"caption\":\"Eco Hotel el Agua\"},\"image\":{\"@id\":\"https:\/\/ecohotelelagua.com\/fr\/#\/schema\/logo\/image\/\"},\"sameAs\":[\"https:\/\/www.instagram.com\/p\/CZSWRFft7Ls\/?utm_medium=share_sheet\",\"https:\/\/pin.it\/4kyijpT\"]}]}<\/script>\n<!-- \/ Yoast SEO Premium plugin. -->","yoast_head_json":{"title":"EcoHotel El Agua","description":"Based on the ideals of Hippocratic Medicine, Naturopathy and Mindfulness our focus is on the body\u2019s ability to heal itself.","robots":{"index":"index","follow":"follow","max-snippet":"max-snippet:-1","max-image-preview":"max-image-preview:large","max-video-preview":"max-video-preview:-1"},"canonical":"http:\/\/ecohotelelagua.com\/en\/about-us\/","og_locale":"en_GB","og_type":"article","og_title":"About us","og_description":"Based on the ideals of Hippocratic Medicine, Naturopathy and Mindfulness our focus is on the body\u2019s ability to heal itself.","og_url":"http:\/\/ecohotelelagua.com\/en\/about-us\/","og_site_name":"EcoHotel El Agua","article_modified_time":"2025-04-08T08:12:28+00:00","og_image":[{"width":1124,"height":750,"url":"https:\/\/ecohotelelagua.com\/wp-content\/uploads\/2022\/01\/yoga_relax.jpeg","type":"image\/jpeg"}],"twitter_card":"summary_large_image","twitter_misc":{"Estimated reading time":"7 minutes"},"schema":{"@context":"https:\/\/schema.org","@graph":[{"@type":"WebPage","@id":"http:\/\/ecohotelelagua.com\/en\/about-us\/","url":"http:\/\/ecohotelelagua.com\/en\/about-us\/","name":"EcoHotel El Agua","isPartOf":{"@id":"https:\/\/ecohotelelagua.com\/fr\/#website"},"primaryImageOfPage":{"@id":"http:\/\/ecohotelelagua.com\/en\/about-us\/#primaryimage"},"image":{"@id":"http:\/\/ecohotelelagua.com\/en\/about-us\/#primaryimage"},"thumbnailUrl":"https:\/\/ecohotelelagua.com\/wp-content\/uploads\/2022\/01\/yoga_relax.jpeg","datePublished":"2022-02-01T07:03:05+00:00","dateModified":"2025-04-08T08:12:28+00:00","description":"Based on the ideals of Hippocratic Medicine, Naturopathy and Mindfulness our focus is on the body\u2019s ability to heal itself.","breadcrumb":{"@id":"http:\/\/ecohotelelagua.com\/en\/about-us\/#breadcrumb"},"inLanguage":"en-GB","potentialAction":[{"@type":"ReadAction","target":["http:\/\/ecohotelelagua.com\/en\/about-us\/"]}]},{"@type":"ImageObject","inLanguage":"en-GB","@id":"http:\/\/ecohotelelagua.com\/en\/about-us\/#primaryimage","url":"https:\/\/ecohotelelagua.com\/wp-content\/uploads\/2022\/01\/yoga_relax.jpeg","contentUrl":"https:\/\/ecohotelelagua.com\/wp-content\/uploads\/2022\/01\/yoga_relax.jpeg","width":1124,"height":750},{"@type":"BreadcrumbList","@id":"http:\/\/ecohotelelagua.com\/en\/about-us\/#breadcrumb","itemListElement":[{"@type":"ListItem","position":1,"name":"Home","item":"https:\/\/ecohotelelagua.com\/"},{"@type":"ListItem","position":2,"name":"About us"}]},{"@type":"WebSite","@id":"https:\/\/ecohotelelagua.com\/fr\/#website","url":"https:\/\/ecohotelelagua.com\/fr\/","name":"EcoHotel El Agua","description":"EcoHotel El Agua","publisher":{"@id":"https:\/\/ecohotelelagua.com\/fr\/#organization"},"potentialAction":[{"@type":"SearchAction","target":{"@type":"EntryPoint","urlTemplate":"https:\/\/ecohotelelagua.com\/fr\/?s={search_term_string}"},"query-input":{"@type":"PropertyValueSpecification","valueRequired":true,"valueName":"search_term_string"}}],"inLanguage":"en-GB"},{"@type":"Organization","@id":"https:\/\/ecohotelelagua.com\/fr\/#organization","name":"Eco Hotel el Agua","url":"https:\/\/ecohotelelagua.com\/fr\/","logo":{"@type":"ImageObject","inLanguage":"en-GB","@id":"https:\/\/ecohotelelagua.com\/fr\/#\/schema\/logo\/image\/","url":"https:\/\/ecohotelelagua.com\/wp-content\/uploads\/2022\/01\/ig-1.png","contentUrl":"https:\/\/ecohotelelagua.com\/wp-content\/uploads\/2022\/01\/ig-1.png","width":300,"height":148,"caption":"Eco Hotel el Agua"},"image":{"@id":"https:\/\/ecohotelelagua.com\/fr\/#\/schema\/logo\/image\/"},"sameAs":["https:\/\/www.instagram.com\/p\/CZSWRFft7Ls\/?utm_medium=share_sheet","https:\/\/pin.it\/4kyijpT"]}]}},"_links":{"self":[{"href":"https:\/\/ecohotelelagua.com\/en\/wp-json\/wp\/v2\/pages\/2903","targetHints":{"allow":["GET"]}}],"collection":[{"href":"https:\/\/ecohotelelagua.com\/en\/wp-json\/wp\/v2\/pages"}],"about":[{"href":"https:\/\/ecohotelelagua.com\/en\/wp-json\/wp\/v2\/types\/page"}],"author":[{"embeddable":true,"href":"https:\/\/ecohotelelagua.com\/en\/wp-json\/wp\/v2\/users\/1"}],"replies":[{"embeddable":true,"href":"https:\/\/ecohotelelagua.com\/en\/wp-json\/wp\/v2\/comments?post=2903"}],"version-history":[{"count":6,"href":"https:\/\/ecohotelelagua.com\/en\/wp-json\/wp\/v2\/pages\/2903\/revisions"}],"predecessor-version":[{"id":16544,"href":"https:\/\/ecohotelelagua.com\/en\/wp-json\/wp\/v2\/pages\/2903\/revisions\/16544"}],"wp:featuredmedia":[{"embeddable":true,"href":"https:\/\/ecohotelelagua.com\/en\/wp-json\/wp\/v2\/media\/2844"}],"wp:attachment":[{"href":"https:\/\/ecohotelelagua.com\/en\/wp-json\/wp\/v2\/media?parent=2903"}],"curies":[{"name":"wp","href":"https:\/\/api.w.org\/{rel}","templated":true}]}}