{"id":13503,"date":"2024-02-10T10:03:03","date_gmt":"2024-02-10T10:03:03","guid":{"rendered":"https:\/\/www.ecohotelelagua.com\/?page_id=13503"},"modified":"2025-04-08T10:20:19","modified_gmt":"2025-04-08T09:20:19","slug":"photo-shooting","status":"publish","type":"page","link":"https:\/\/ecohotelelagua.com\/en\/photo-shooting\/","title":{"rendered":"Photo shooting"},"content":{"rendered":"\t\t<div data-elementor-type=\"wp-page\" data-elementor-id=\"13503\" class=\"elementor elementor-13503\" data-elementor-settings=\"{&quot;ha_cmc_init_switcher&quot;:&quot;no&quot;}\" data-elementor-post-type=\"page\">\n\t\t\t\t\t\t<section class=\"elementor-section elementor-top-section elementor-element elementor-element-0c95cbd elementor-section-full_width elementor-section-height-min-height elementor-section-items-bottom elementor-section-height-default\" data-id=\"0c95cbd\" data-element_type=\"section\" data-e-type=\"section\" data-settings=\"{&quot;background_background&quot;:&quot;classic&quot;,&quot;_ha_eqh_enable&quot;:false}\">\n\t\t\t\t\t\t<div class=\"elementor-container elementor-column-gap-no\">\n\t\t\t\t\t<div class=\"elementor-column elementor-col-100 elementor-top-column elementor-element elementor-element-1691efe\" data-id=\"1691efe\" data-element_type=\"column\" data-e-type=\"column\">\n\t\t\t<div class=\"elementor-widget-wrap elementor-element-populated\">\n\t\t\t\t\t\t<div class=\"elementor-element elementor-element-0633c73 elementor-widget elementor-widget-heading\" data-id=\"0633c73\" data-element_type=\"widget\" data-e-type=\"widget\" data-widget_type=\"heading.default\">\n\t\t\t\t\t<h2 class=\"elementor-heading-title elementor-size-default\">Sesi\u00f3n de fotos<\/h2>\t\t\t\t<\/div>\n\t\t\t\t\t<\/div>\n\t\t<\/div>\n\t\t\t\t\t<\/div>\n\t\t<\/section>\n\t\t\t\t<section class=\"elementor-section elementor-top-section elementor-element elementor-element-6bc410d elementor-section-boxed elementor-section-height-default elementor-section-height-default\" data-id=\"6bc410d\" data-element_type=\"section\" data-e-type=\"section\" data-settings=\"{&quot;_ha_eqh_enable&quot;:false}\">\n\t\t\t\t\t\t<div class=\"elementor-container elementor-column-gap-default\">\n\t\t\t\t\t<div class=\"elementor-column elementor-col-100 elementor-top-column elementor-element elementor-element-841a471\" data-id=\"841a471\" data-element_type=\"column\" data-e-type=\"column\">\n\t\t\t<div class=\"elementor-widget-wrap elementor-element-populated\">\n\t\t\t\t\t\t<div class=\"elementor-element elementor-element-c8e511a elementor-widget elementor-widget-text-editor\" data-id=\"c8e511a\" data-element_type=\"widget\" data-e-type=\"widget\" data-widget_type=\"text-editor.default\">\n\t\t\t\t\t\t\t\t\t<p>Ecohotel El Agua es el mejor lugar en Tenerife para una sesi\u00f3n fotogr\u00e1fica profesional. \u00a1Reserva tu sesi\u00f3n de fotos ahora para tomar las mejores fotograf\u00edas de tu nueva colecci\u00f3n!<\/p>\t\t\t\t\t\t\t\t<\/div>\n\t\t\t\t<div class=\"elementor-element elementor-element-a756759 elementor-widget elementor-widget-gallery\" data-id=\"a756759\" data-element_type=\"widget\" data-e-type=\"widget\" data-settings=\"{&quot;gallery_layout&quot;:&quot;justified&quot;,&quot;ideal_row_height&quot;:{&quot;unit&quot;:&quot;px&quot;,&quot;size&quot;:500,&quot;sizes&quot;:[]},&quot;ideal_row_height_tablet&quot;:{&quot;unit&quot;:&quot;px&quot;,&quot;size&quot;:350,&quot;sizes&quot;:[]},&quot;ideal_row_height_mobile&quot;:{&quot;unit&quot;:&quot;px&quot;,&quot;size&quot;:200,&quot;sizes&quot;:[]},&quot;lazyload&quot;:&quot;yes&quot;,&quot;gap&quot;:{&quot;unit&quot;:&quot;px&quot;,&quot;size&quot;:10,&quot;sizes&quot;:[]},&quot;gap_tablet&quot;:{&quot;unit&quot;:&quot;px&quot;,&quot;size&quot;:10,&quot;sizes&quot;:[]},&quot;gap_mobile&quot;:{&quot;unit&quot;:&quot;px&quot;,&quot;size&quot;:10,&quot;sizes&quot;:[]},&quot;link_to&quot;:&quot;file&quot;,&quot;overlay_background&quot;:&quot;yes&quot;,&quot;content_hover_animation&quot;:&quot;fade-in&quot;}\" data-widget_type=\"gallery.default\">\n\t\t\t\t\t\t\t<div class=\"elementor-gallery__container\">\n\t\t\t\t\t\t\t<a class=\"e-gallery-item elementor-gallery-item elementor-animated-content\" href=\"https:\/\/ecohotelelagua.com\/wp-content\/uploads\/2022\/09\/El_entorno_12.jpg\" data-elementor-open-lightbox=\"yes\" data-elementor-lightbox-slideshow=\"a756759\" data-elementor-lightbox-title=\"El_entorno_12\" data-e-action-hash=\"#elementor-action%3Aaction%3Dlightbox%26settings%3DeyJpZCI6MTEyMjYsInVybCI6Imh0dHBzOlwvXC9lY29ob3RlbGVsYWd1YS5jb21cL3dwLWNvbnRlbnRcL3VwbG9hZHNcLzIwMjJcLzA5XC9FbF9lbnRvcm5vXzEyLmpwZyIsInNsaWRlc2hvdyI6ImE3NTY3NTkifQ%3D%3D\">\n\t\t\t\t\t<div class=\"e-gallery-image elementor-gallery-item__image\" data-thumbnail=\"https:\/\/ecohotelelagua.com\/wp-content\/uploads\/2022\/09\/El_entorno_12.jpg\" data-width=\"817\" data-height=\"1223\" aria-label=\"\" role=\"img\" ><\/div>\n\t\t\t\t\t\t\t\t\t\t\t<div class=\"elementor-gallery-item__overlay\"><\/div>\n\t\t\t\t\t\t\t\t\t\t\t\t\t\t<\/a>\n\t\t\t\t\t\t\t<a class=\"e-gallery-item elementor-gallery-item elementor-animated-content\" href=\"https:\/\/ecohotelelagua.com\/wp-content\/uploads\/2023\/07\/Cueva_del_silencioo_14.jpg\" data-elementor-open-lightbox=\"yes\" data-elementor-lightbox-slideshow=\"a756759\" data-elementor-lightbox-title=\"Cueva_del_silencioo_14\" data-e-action-hash=\"#elementor-action%3Aaction%3Dlightbox%26settings%3DeyJpZCI6MTExNjYsInVybCI6Imh0dHBzOlwvXC9lY29ob3RlbGVsYWd1YS5jb21cL3dwLWNvbnRlbnRcL3VwbG9hZHNcLzIwMjNcLzA3XC9DdWV2YV9kZWxfc2lsZW5jaW9vXzE0LmpwZyIsInNsaWRlc2hvdyI6ImE3NTY3NTkifQ%3D%3D\">\n\t\t\t\t\t<div class=\"e-gallery-image elementor-gallery-item__image\" data-thumbnail=\"https:\/\/ecohotelelagua.com\/wp-content\/uploads\/2023\/07\/Cueva_del_silencioo_14.jpg\" data-width=\"1223\" data-height=\"817\" aria-label=\"\" role=\"img\" ><\/div>\n\t\t\t\t\t\t\t\t\t\t\t<div class=\"elementor-gallery-item__overlay\"><\/div>\n\t\t\t\t\t\t\t\t\t\t\t\t\t\t<\/a>\n\t\t\t\t\t\t\t<a class=\"e-gallery-item elementor-gallery-item elementor-animated-content\" href=\"https:\/\/ecohotelelagua.com\/wp-content\/uploads\/2022\/09\/L1150584.jpg\" data-elementor-open-lightbox=\"yes\" data-elementor-lightbox-slideshow=\"a756759\" data-elementor-lightbox-title=\"Villa\" data-e-action-hash=\"#elementor-action%3Aaction%3Dlightbox%26settings%3DeyJpZCI6Nzk1NywidXJsIjoiaHR0cHM6XC9cL2Vjb2hvdGVsZWxhZ3VhLmNvbVwvd3AtY29udGVudFwvdXBsb2Fkc1wvMjAyMlwvMDlcL0wxMTUwNTg0LmpwZyIsInNsaWRlc2hvdyI6ImE3NTY3NTkifQ%3D%3D\">\n\t\t\t\t\t<div class=\"e-gallery-image elementor-gallery-item__image\" data-thumbnail=\"https:\/\/ecohotelelagua.com\/wp-content\/uploads\/2022\/09\/L1150584.jpg\" data-width=\"1600\" data-height=\"1068\" aria-label=\"\" role=\"img\" ><\/div>\n\t\t\t\t\t\t\t\t\t\t\t<div class=\"elementor-gallery-item__overlay\"><\/div>\n\t\t\t\t\t\t\t\t\t\t\t\t\t\t<\/a>\n\t\t\t\t\t<\/div>\n\t\t\t\t\t<\/div>\n\t\t\t\t<div class=\"elementor-element elementor-element-93bb137 elementor-align-center elementor-widget elementor-widget-button\" data-id=\"93bb137\" data-element_type=\"widget\" data-e-type=\"widget\" data-widget_type=\"button.default\">\n\t\t\t\t\t\t\t\t\t\t<a class=\"elementor-button elementor-button-link elementor-size-xs\" href=\"https:\/\/www.ecohotelelagua.com\/gallery\/\">\n\t\t\t\t\t\t<span class=\"elementor-button-content-wrapper\">\n\t\t\t\t\t\t\t\t\t<span class=\"elementor-button-text\">Ver m\u00e1s fotos<\/span>\n\t\t\t\t\t<\/span>\n\t\t\t\t\t<\/a>\n\t\t\t\t\t\t\t\t<\/div>\n\t\t\t\t<div class=\"elementor-element elementor-element-9a5ebc9 elementor-button-align-center elementor-widget elementor-widget-form\" data-id=\"9a5ebc9\" data-element_type=\"widget\" data-e-type=\"widget\" data-settings=\"{&quot;button_width&quot;:&quot;100&quot;,&quot;step_type&quot;:&quot;number_text&quot;,&quot;step_icon_shape&quot;:&quot;circle&quot;}\" data-widget_type=\"form.default\">\n\t\t\t\t\t\t\t<form class=\"elementor-form\" method=\"post\" name=\"Photo shooting form\" aria-label=\"Photo shooting form\">\n\t\t\t<input type=\"hidden\" name=\"post_id\" value=\"13503\"\/>\n\t\t\t<input type=\"hidden\" name=\"form_id\" value=\"9a5ebc9\"\/>\n\t\t\t<input type=\"hidden\" name=\"referer_title\" value=\"Photoshooting at Tenerife&#039;s most beautifull Villa\" \/>\n\n\t\t\t\t\t\t\t<input type=\"hidden\" name=\"queried_id\" value=\"13503\"\/>\n\t\t\t\n\t\t\t<div class=\"elementor-form-fields-wrapper elementor-labels-above\">\n\t\t\t\t\t\t\t\t<div class=\"elementor-field-type-text elementor-field-group elementor-column elementor-field-group-name elementor-col-100 elementor-field-required elementor-mark-required\">\n\t\t\t\t\t\t\t\t\t\t\t\t<label for=\"form-field-name\" class=\"elementor-field-label\">\n\t\t\t\t\t\t\t\tNombre\t\t\t\t\t\t\t<\/label>\n\t\t\t\t\t\t\t\t\t\t\t\t\t\t<input size=\"1\" type=\"text\" name=\"form_fields[name]\" id=\"form-field-name\" class=\"elementor-field elementor-size-sm  elementor-field-textual\" required=\"required\">\n\t\t\t\t\t\t\t\t\t\t\t<\/div>\n\t\t\t\t\t\t\t\t<div class=\"elementor-field-type-email elementor-field-group elementor-column elementor-field-group-email elementor-col-50 elementor-field-required elementor-mark-required\">\n\t\t\t\t\t\t\t\t\t\t\t\t<label for=\"form-field-email\" class=\"elementor-field-label\">\n\t\t\t\t\t\t\t\tEmail\t\t\t\t\t\t\t<\/label>\n\t\t\t\t\t\t\t\t\t\t\t\t\t\t<input size=\"1\" type=\"email\" name=\"form_fields[email]\" id=\"form-field-email\" class=\"elementor-field elementor-size-sm  elementor-field-textual\" required=\"required\">\n\t\t\t\t\t\t\t\t\t\t\t<\/div>\n\t\t\t\t\t\t\t\t<div class=\"elementor-field-type-tel elementor-field-group elementor-column elementor-field-group-field_a0ab363 elementor-col-50 elementor-field-required elementor-mark-required\">\n\t\t\t\t\t\t\t\t\t\t\t\t<label for=\"form-field-field_a0ab363\" class=\"elementor-field-label\">\n\t\t\t\t\t\t\t\tN\u00famero de tel\u00e9fono\t\t\t\t\t\t\t<\/label>\n\t\t\t\t\t\t\t\t<input size=\"1\" type=\"tel\" name=\"form_fields[field_a0ab363]\" id=\"form-field-field_a0ab363\" class=\"elementor-field elementor-size-sm  elementor-field-textual\" required=\"required\" pattern=\"[0-9()#&amp;+*-=.]+\" title=\"Sono accettati solo numeri e caratteri telefonici (#, -, *, ecc.).\">\n\n\t\t\t\t\t\t<\/div>\n\t\t\t\t\t\t\t\t<div class=\"elementor-field-type-date elementor-field-group elementor-column elementor-field-group-field_cfdf6f7 elementor-col-50\">\n\t\t\t\t\t\t\t\t\t\t\t\t<label for=\"form-field-field_cfdf6f7\" class=\"elementor-field-label\">\n\t\t\t\t\t\t\t\tDesde\t\t\t\t\t\t\t<\/label>\n\t\t\t\t\t\t\n\t\t<input type=\"date\" name=\"form_fields[field_cfdf6f7]\" id=\"form-field-field_cfdf6f7\" class=\"elementor-field elementor-size-sm  elementor-field-textual elementor-date-field elementor-use-native\" pattern=\"[0-9]{4}-[0-9]{2}-[0-9]{2}\">\n\t\t\t\t\t\t<\/div>\n\t\t\t\t\t\t\t\t<div class=\"elementor-field-type-select elementor-field-group elementor-column elementor-field-group-field_8c4208f elementor-col-50\">\n\t\t\t\t\t\t\t\t\t\t\t\t<label for=\"form-field-field_8c4208f\" class=\"elementor-field-label\">\n\t\t\t\t\t\t\t\tD\u00edas\t\t\t\t\t\t\t<\/label>\n\t\t\t\t\t\t\t\t<div class=\"elementor-field elementor-select-wrapper remove-before \">\n\t\t\t<div class=\"select-caret-down-wrapper\">\n\t\t\t\t<svg aria-hidden=\"true\" class=\"e-font-icon-svg e-eicon-caret-down\" viewBox=\"0 0 571.4 571.4\" xmlns=\"http:\/\/www.w3.org\/2000\/svg\"><path d=\"M571 393Q571 407 561 418L311 668Q300 679 286 679T261 668L11 418Q0 407 0 393T11 368 36 357H536Q550 357 561 368T571 393Z\"><\/path><\/svg>\t\t\t<\/div>\n\t\t\t<select name=\"form_fields[field_8c4208f]\" id=\"form-field-field_8c4208f\" class=\"elementor-field-textual elementor-size-sm\">\n\t\t\t\t\t\t\t\t\t<option value=\"1\">1<\/option>\n\t\t\t\t\t\t\t\t\t<option value=\"2\">2<\/option>\n\t\t\t\t\t\t\t\t\t<option value=\"3\">3<\/option>\n\t\t\t\t\t\t\t\t\t<option value=\"4\">4<\/option>\n\t\t\t\t\t\t\t\t\t<option value=\"5 o m\u00e1s\">5 o m\u00e1s<\/option>\n\t\t\t\t\t\t\t<\/select>\n\t\t<\/div>\n\t\t\t\t\t\t<\/div>\n\t\t\t\t\t\t\t\t<div class=\"elementor-field-type-textarea elementor-field-group elementor-column elementor-field-group-message elementor-col-100\">\n\t\t\t\t\t\t\t\t\t\t\t\t<label for=\"form-field-message\" class=\"elementor-field-label\">\n\t\t\t\t\t\t\t\tMensaje\t\t\t\t\t\t\t<\/label>\n\t\t\t\t\t\t<textarea class=\"elementor-field-textual elementor-field  elementor-size-sm\" name=\"form_fields[message]\" id=\"form-field-message\" rows=\"4\"><\/textarea>\t\t\t\t<\/div>\n\t\t\t\t\t\t\t\t<div class=\"elementor-field-type-recaptcha elementor-field-group elementor-column elementor-field-group-field_5793f15 elementor-col-100\">\n\t\t\t\t\t<div class=\"elementor-field\" id=\"form-field-field_5793f15\"><div class=\"elementor-g-recaptcha\" data-sitekey=\"6Le4eo4eAAAAAKlep4TbmD_GNpOqBOTlm3rEV-jm\" data-type=\"v2_checkbox\" data-theme=\"light\" data-size=\"normal\"><\/div><\/div>\t\t\t\t<\/div>\n\t\t\t\t\t\t\t\t<div class=\"elementor-field-group elementor-column elementor-field-type-submit elementor-col-100 e-form__buttons\">\n\t\t\t\t\t<button class=\"elementor-button elementor-size-xs\" type=\"submit\">\n\t\t\t\t\t\t<span class=\"elementor-button-content-wrapper\">\n\t\t\t\t\t\t\t\t\t\t\t\t\t\t\t<span class=\"elementor-button-icon\">\n\t\t\t\t\t\t\t\t\t<i aria-hidden=\"true\" class=\"hm hm-arrow-right1\"><\/i>\t\t\t\t\t\t\t\t\t\t\t\t\t\t\t\t\t<\/span>\n\t\t\t\t\t\t\t\t\t\t\t\t\t\t\t\t\t\t\t\t\t\t<span class=\"elementor-button-text\">Enviar<\/span>\n\t\t\t\t\t\t\t\t\t\t\t\t\t<\/span>\n\t\t\t\t\t<\/button>\n\t\t\t\t<\/div>\n\t\t\t<\/div>\n\t\t<\/form>\n\t\t\t\t\t\t<\/div>\n\t\t\t\t\t<\/div>\n\t\t<\/div>\n\t\t\t\t\t<\/div>\n\t\t<\/section>\n\t\t\t\t<\/div>\n\t\t","protected":false},"excerpt":{"rendered":"<p>Photo Shoot Ecohotel El Agua is the best place in Tenerife for a professional photo shoot, book your photo shoot now to take the best pictures of your new collection! See more photos<\/p>","protected":false},"author":1,"featured_media":13504,"parent":0,"menu_order":0,"comment_status":"closed","ping_status":"closed","template":"","meta":{"inline_featured_image":false,"footnotes":""},"class_list":["post-13503","page","type-page","status-publish","has-post-thumbnail","hentry"],"yoast_head":"<!-- This site is optimized with the Yoast SEO Premium plugin v27.4 (Yoast SEO v27.4) - https:\/\/yoast.com\/product\/yoast-seo-premium-wordpress\/ -->\n<title>Photoshooting at Tenerife&#039;s most beautifull Villa<\/title>\n<meta name=\"description\" content=\"Ecohotel El Agua is the best place at Tenerife for a professional photo shooting.\" \/>\n<meta name=\"robots\" content=\"index, follow, max-snippet:-1, max-image-preview:large, max-video-preview:-1\" \/>\n<link rel=\"canonical\" href=\"http:\/\/ecohotelelagua.com\/en\/photo-shooting\/\" \/>\n<meta property=\"og:locale\" content=\"en_GB\" \/>\n<meta property=\"og:type\" content=\"article\" \/>\n<meta property=\"og:title\" content=\"Photoshooting at Tenerife&#039;s most beautifull Villa\" \/>\n<meta property=\"og:description\" content=\"Ecohotel El Agua is the best place at Tenerife for a professional photo shooting.\" \/>\n<meta property=\"og:url\" content=\"http:\/\/ecohotelelagua.com\/en\/photo-shooting\/\" \/>\n<meta property=\"og:site_name\" content=\"EcoHotel El Agua\" \/>\n<meta property=\"article:modified_time\" content=\"2025-04-08T09:20:19+00:00\" \/>\n<meta property=\"og:image\" content=\"https:\/\/ecohotelelagua.com\/wp-content\/uploads\/2024\/02\/Photoshooting.jpeg\" \/>\n\t<meta property=\"og:image:width\" content=\"990\" \/>\n\t<meta property=\"og:image:height\" content=\"1675\" \/>\n\t<meta property=\"og:image:type\" content=\"image\/jpeg\" \/>\n<meta name=\"twitter:card\" content=\"summary_large_image\" \/>\n<meta name=\"twitter:title\" content=\"Photoshooting at Tenerife&#039;s most beautifull Villa\" \/>\n<meta name=\"twitter:description\" content=\"Ecohotel El Agua is the best place at Tenerife for a professional photo shooting.\" \/>\n<meta name=\"twitter:label1\" content=\"Estimated reading time\" \/>\n\t<meta name=\"twitter:data1\" content=\"1 minute\" \/>\n<script type=\"application\/ld+json\" class=\"yoast-schema-graph\">{\"@context\":\"https:\\\/\\\/schema.org\",\"@graph\":[{\"@type\":\"WebPage\",\"@id\":\"http:\\\/\\\/ecohotelelagua.com\\\/en\\\/photo-shooting\\\/\",\"url\":\"http:\\\/\\\/ecohotelelagua.com\\\/en\\\/photo-shooting\\\/\",\"name\":\"Photoshooting at Tenerife's most beautifull Villa\",\"isPartOf\":{\"@id\":\"https:\\\/\\\/ecohotelelagua.com\\\/fr\\\/#website\"},\"primaryImageOfPage\":{\"@id\":\"http:\\\/\\\/ecohotelelagua.com\\\/en\\\/photo-shooting\\\/#primaryimage\"},\"image\":{\"@id\":\"http:\\\/\\\/ecohotelelagua.com\\\/en\\\/photo-shooting\\\/#primaryimage\"},\"thumbnailUrl\":\"https:\\\/\\\/ecohotelelagua.com\\\/wp-content\\\/uploads\\\/2024\\\/02\\\/Photoshooting.jpeg\",\"datePublished\":\"2024-02-10T10:03:03+00:00\",\"dateModified\":\"2025-04-08T09:20:19+00:00\",\"description\":\"Ecohotel El Agua is the best place at Tenerife for a professional photo shooting.\",\"breadcrumb\":{\"@id\":\"http:\\\/\\\/ecohotelelagua.com\\\/en\\\/photo-shooting\\\/#breadcrumb\"},\"inLanguage\":\"en-GB\",\"potentialAction\":[{\"@type\":\"ReadAction\",\"target\":[\"http:\\\/\\\/ecohotelelagua.com\\\/en\\\/photo-shooting\\\/\"]}]},{\"@type\":\"ImageObject\",\"inLanguage\":\"en-GB\",\"@id\":\"http:\\\/\\\/ecohotelelagua.com\\\/en\\\/photo-shooting\\\/#primaryimage\",\"url\":\"https:\\\/\\\/ecohotelelagua.com\\\/wp-content\\\/uploads\\\/2024\\\/02\\\/Photoshooting.jpeg\",\"contentUrl\":\"https:\\\/\\\/ecohotelelagua.com\\\/wp-content\\\/uploads\\\/2024\\\/02\\\/Photoshooting.jpeg\",\"width\":990,\"height\":1675,\"caption\":\"Photoshooting\"},{\"@type\":\"BreadcrumbList\",\"@id\":\"http:\\\/\\\/ecohotelelagua.com\\\/en\\\/photo-shooting\\\/#breadcrumb\",\"itemListElement\":[{\"@type\":\"ListItem\",\"position\":1,\"name\":\"Home\",\"item\":\"https:\\\/\\\/ecohotelelagua.com\\\/en\\\/\"},{\"@type\":\"ListItem\",\"position\":2,\"name\":\"Sesi\u00f3n de fotos\"}]},{\"@type\":\"WebSite\",\"@id\":\"https:\\\/\\\/ecohotelelagua.com\\\/fr\\\/#website\",\"url\":\"https:\\\/\\\/ecohotelelagua.com\\\/fr\\\/\",\"name\":\"EcoHotel El Agua\",\"description\":\"EcoHotel El Agua\",\"publisher\":{\"@id\":\"https:\\\/\\\/ecohotelelagua.com\\\/fr\\\/#organization\"},\"potentialAction\":[{\"@type\":\"SearchAction\",\"target\":{\"@type\":\"EntryPoint\",\"urlTemplate\":\"https:\\\/\\\/ecohotelelagua.com\\\/fr\\\/?s={search_term_string}\"},\"query-input\":{\"@type\":\"PropertyValueSpecification\",\"valueRequired\":true,\"valueName\":\"search_term_string\"}}],\"inLanguage\":\"en-GB\"},{\"@type\":\"Organization\",\"@id\":\"https:\\\/\\\/ecohotelelagua.com\\\/fr\\\/#organization\",\"name\":\"Eco Hotel el Agua\",\"url\":\"https:\\\/\\\/ecohotelelagua.com\\\/fr\\\/\",\"logo\":{\"@type\":\"ImageObject\",\"inLanguage\":\"en-GB\",\"@id\":\"https:\\\/\\\/ecohotelelagua.com\\\/fr\\\/#\\\/schema\\\/logo\\\/image\\\/\",\"url\":\"https:\\\/\\\/ecohotelelagua.com\\\/wp-content\\\/uploads\\\/2022\\\/01\\\/ig-1.png\",\"contentUrl\":\"https:\\\/\\\/ecohotelelagua.com\\\/wp-content\\\/uploads\\\/2022\\\/01\\\/ig-1.png\",\"width\":300,\"height\":148,\"caption\":\"Eco Hotel el Agua\"},\"image\":{\"@id\":\"https:\\\/\\\/ecohotelelagua.com\\\/fr\\\/#\\\/schema\\\/logo\\\/image\\\/\"},\"sameAs\":[\"https:\\\/\\\/www.instagram.com\\\/p\\\/CZSWRFft7Ls\\\/?utm_medium=share_sheet\",\"https:\\\/\\\/pin.it\\\/4kyijpT\"]}]}<\/script>\n<!-- \/ Yoast SEO Premium plugin. -->","yoast_head_json":{"title":"Photoshooting at Tenerife's most beautifull Villa","description":"Ecohotel El Agua is the best place at Tenerife for a professional photo shooting.","robots":{"index":"index","follow":"follow","max-snippet":"max-snippet:-1","max-image-preview":"max-image-preview:large","max-video-preview":"max-video-preview:-1"},"canonical":"http:\/\/ecohotelelagua.com\/en\/photo-shooting\/","og_locale":"en_GB","og_type":"article","og_title":"Photoshooting at Tenerife's most beautifull Villa","og_description":"Ecohotel El Agua is the best place at Tenerife for a professional photo shooting.","og_url":"http:\/\/ecohotelelagua.com\/en\/photo-shooting\/","og_site_name":"EcoHotel El Agua","article_modified_time":"2025-04-08T09:20:19+00:00","og_image":[{"width":990,"height":1675,"url":"https:\/\/ecohotelelagua.com\/wp-content\/uploads\/2024\/02\/Photoshooting.jpeg","type":"image\/jpeg"}],"twitter_card":"summary_large_image","twitter_title":"Photoshooting at Tenerife's most beautifull Villa","twitter_description":"Ecohotel El Agua is the best place at Tenerife for a professional photo shooting.","twitter_misc":{"Estimated reading time":"1 minute"},"schema":{"@context":"https:\/\/schema.org","@graph":[{"@type":"WebPage","@id":"http:\/\/ecohotelelagua.com\/en\/photo-shooting\/","url":"http:\/\/ecohotelelagua.com\/en\/photo-shooting\/","name":"Photoshooting at Tenerife's most beautifull Villa","isPartOf":{"@id":"https:\/\/ecohotelelagua.com\/fr\/#website"},"primaryImageOfPage":{"@id":"http:\/\/ecohotelelagua.com\/en\/photo-shooting\/#primaryimage"},"image":{"@id":"http:\/\/ecohotelelagua.com\/en\/photo-shooting\/#primaryimage"},"thumbnailUrl":"https:\/\/ecohotelelagua.com\/wp-content\/uploads\/2024\/02\/Photoshooting.jpeg","datePublished":"2024-02-10T10:03:03+00:00","dateModified":"2025-04-08T09:20:19+00:00","description":"Ecohotel El Agua is the best place at Tenerife for a professional photo shooting.","breadcrumb":{"@id":"http:\/\/ecohotelelagua.com\/en\/photo-shooting\/#breadcrumb"},"inLanguage":"en-GB","potentialAction":[{"@type":"ReadAction","target":["http:\/\/ecohotelelagua.com\/en\/photo-shooting\/"]}]},{"@type":"ImageObject","inLanguage":"en-GB","@id":"http:\/\/ecohotelelagua.com\/en\/photo-shooting\/#primaryimage","url":"https:\/\/ecohotelelagua.com\/wp-content\/uploads\/2024\/02\/Photoshooting.jpeg","contentUrl":"https:\/\/ecohotelelagua.com\/wp-content\/uploads\/2024\/02\/Photoshooting.jpeg","width":990,"height":1675,"caption":"Photoshooting"},{"@type":"BreadcrumbList","@id":"http:\/\/ecohotelelagua.com\/en\/photo-shooting\/#breadcrumb","itemListElement":[{"@type":"ListItem","position":1,"name":"Home","item":"https:\/\/ecohotelelagua.com\/en\/"},{"@type":"ListItem","position":2,"name":"Sesi\u00f3n de fotos"}]},{"@type":"WebSite","@id":"https:\/\/ecohotelelagua.com\/fr\/#website","url":"https:\/\/ecohotelelagua.com\/fr\/","name":"EcoHotel El Agua","description":"EcoHotel El Agua","publisher":{"@id":"https:\/\/ecohotelelagua.com\/fr\/#organization"},"potentialAction":[{"@type":"SearchAction","target":{"@type":"EntryPoint","urlTemplate":"https:\/\/ecohotelelagua.com\/fr\/?s={search_term_string}"},"query-input":{"@type":"PropertyValueSpecification","valueRequired":true,"valueName":"search_term_string"}}],"inLanguage":"en-GB"},{"@type":"Organization","@id":"https:\/\/ecohotelelagua.com\/fr\/#organization","name":"Eco Hotel el Agua","url":"https:\/\/ecohotelelagua.com\/fr\/","logo":{"@type":"ImageObject","inLanguage":"en-GB","@id":"https:\/\/ecohotelelagua.com\/fr\/#\/schema\/logo\/image\/","url":"https:\/\/ecohotelelagua.com\/wp-content\/uploads\/2022\/01\/ig-1.png","contentUrl":"https:\/\/ecohotelelagua.com\/wp-content\/uploads\/2022\/01\/ig-1.png","width":300,"height":148,"caption":"Eco Hotel el Agua"},"image":{"@id":"https:\/\/ecohotelelagua.com\/fr\/#\/schema\/logo\/image\/"},"sameAs":["https:\/\/www.instagram.com\/p\/CZSWRFft7Ls\/?utm_medium=share_sheet","https:\/\/pin.it\/4kyijpT"]}]}},"_links":{"self":[{"href":"https:\/\/ecohotelelagua.com\/en\/wp-json\/wp\/v2\/pages\/13503","targetHints":{"allow":["GET"]}}],"collection":[{"href":"https:\/\/ecohotelelagua.com\/en\/wp-json\/wp\/v2\/pages"}],"about":[{"href":"https:\/\/ecohotelelagua.com\/en\/wp-json\/wp\/v2\/types\/page"}],"author":[{"embeddable":true,"href":"https:\/\/ecohotelelagua.com\/en\/wp-json\/wp\/v2\/users\/1"}],"replies":[{"embeddable":true,"href":"https:\/\/ecohotelelagua.com\/en\/wp-json\/wp\/v2\/comments?post=13503"}],"version-history":[{"count":9,"href":"https:\/\/ecohotelelagua.com\/en\/wp-json\/wp\/v2\/pages\/13503\/revisions"}],"predecessor-version":[{"id":16609,"href":"https:\/\/ecohotelelagua.com\/en\/wp-json\/wp\/v2\/pages\/13503\/revisions\/16609"}],"wp:featuredmedia":[{"embeddable":true,"href":"https:\/\/ecohotelelagua.com\/en\/wp-json\/wp\/v2\/media\/13504"}],"wp:attachment":[{"href":"https:\/\/ecohotelelagua.com\/en\/wp-json\/wp\/v2\/media?parent=13503"}],"curies":[{"name":"wp","href":"https:\/\/api.w.org\/{rel}","templated":true}]}}