{"id":3319,"date":"2022-02-04T21:32:09","date_gmt":"2022-02-04T21:32:09","guid":{"rendered":"https:\/\/www.ecohotelelagua.com\/?page_id=3319"},"modified":"2025-08-08T06:00:39","modified_gmt":"2025-08-08T06:00:39","slug":"cookies","status":"publish","type":"page","link":"https:\/\/ecohotelelagua.com\/de\/cookies\/","title":{"rendered":"Cookies"},"content":{"rendered":"<div data-elementor-type=\"wp-page\" data-elementor-id=\"3319\" class=\"elementor elementor-3319\" data-elementor-settings=\"{&quot;ha_cmc_init_switcher&quot;:&quot;no&quot;}\" data-elementor-post-type=\"page\">\n\t\t\t\t\t\t<section class=\"elementor-section elementor-top-section elementor-element elementor-element-dad1498 elementor-section-boxed elementor-section-height-default elementor-section-height-default\" data-id=\"dad1498\" data-element_type=\"section\" data-e-type=\"section\" data-settings=\"{&quot;background_background&quot;:&quot;classic&quot;,&quot;_ha_eqh_enable&quot;:false}\">\n\t\t\t\t\t\t<div class=\"elementor-container elementor-column-gap-default\">\n\t\t\t\t\t<div class=\"elementor-column elementor-col-100 elementor-top-column elementor-element elementor-element-b096d37\" data-id=\"b096d37\" data-element_type=\"column\" data-e-type=\"column\">\n\t\t\t<div class=\"elementor-widget-wrap elementor-element-populated\">\n\t\t\t\t\t\t<div class=\"elementor-element elementor-element-faa26b3 elementor-widget elementor-widget-text-editor\" data-id=\"faa26b3\" data-element_type=\"widget\" data-e-type=\"widget\" data-widget_type=\"text-editor.default\">\n\t\t\t\t\t\t\t\t\t<h6><strong>Cookie-Richtlinie des Eco Hotel El Agua<\/strong><\/h6><h6><strong>LETZTE \u00dcBERPR\u00dcFUNG AM 2. Januar 2022<\/strong><\/h6><h2>Geltungsbereich der Cookie-Richtlinie<\/h2><p>Diese Datenschutzrichtlinie beschreibt, wie Eco Hotel El Agua (\"wir\" oder \"uns\" oder \"wir\") personenbezogene Daten einer Person in Bezug auf die Verwendung von Cookies sammelt, verwendet, konsultiert oder anderweitig verarbeitet. Diese Datenschutzrichtlinie gilt weltweit, aber je nachdem, wo Sie leben, gelten einige spezifische Bestimmungen dieser Datenschutzrichtlinie m\u00f6glicherweise nicht f\u00fcr Sie; sie sollte jedoch in Kombination mit der Datenschutzrichtlinie von Eco Hotel El Agua angewendet und ausgelegt werden, die Sie unter dem entsprechenden Link hier finden:\u00a0<\/p><p><a href=\"https:\/\/ecohotelelagua.com\/de\/privacy\/\">https:\/\/www.ecohotelelagua.com\/privacy<\/a><\/p><h2>Was sind Cookies?<\/h2><p>Cookies sind kleine Textdateien, die von Ihrem Webbrowser oder von einer von Ihnen besuchten Website gesendet werden. Eine Cookie-Datei wird in Ihrem Webbrowser gespeichert und erm\u00f6glicht es uns oder einem uns zur Verf\u00fcgung gestellten Dritten, Sie wiederzuerkennen und Ihren n\u00e4chsten Besuch zu erleichtern und den Dienst f\u00fcr Sie n\u00fctzlicher zu gestalten.<\/p><p>Cookies k\u00f6nnen \"dauerhafte\" oder \"Sitzungs\"-Cookies sein.<\/p><h2 id=\"tw-target-text\" class=\"tw-data-text tw-text-large tw-ta\" dir=\"ltr\" data-placeholder=\"Translation\"><span class=\"Y2IQFc\" lang=\"es\">Wie wir Cookies verwenden<\/span><\/h2><pre id=\"tw-target-text\" class=\"tw-data-text tw-text-large tw-ta\" dir=\"ltr\" data-placeholder=\"Translation\"><span class=\"Y2IQFc\" lang=\"es\">Wir verwenden Cookies f\u00fcr die folgenden Zwecke:<\/span><\/pre><ul><li>um bestimmte Funktionen des Dienstes zu erm\u00f6glichen,<\/li><li>um Analysen zu erstellen,<\/li><li>um Ihre Einstellungen zu speichern,<\/li><li>um die Zustellung von Werbung zu erm\u00f6glichen.<\/li><\/ul><p><strong>\u00a0<\/strong><\/p><p><strong>- Streng notwendige Cookies: <\/strong>Diese Cookies sind f\u00fcr das Funktionieren der Website erforderlich und k\u00f6nnen in unseren Systemen nicht deaktiviert werden. Sie werden in der Regel nur als Reaktion auf Ihre Aktionen gesetzt, die einer Anfrage nach Dienstleistungen gleichkommen, wie z. B. die Einstellung Ihrer Datenschutzeinstellungen, das Einloggen oder das Ausf\u00fcllen von Formularen. Sie k\u00f6nnen Ihren Browser so einstellen, dass er diese Cookies blockiert oder Sie darauf hinweist, aber dann werden einige Teile der Website nicht funktionieren.<\/p><p><strong>- Leistungs-Cookies: <\/strong>Diese Cookies erm\u00f6glichen es uns, Besuche und Verkehrsquellen zu z\u00e4hlen, so dass wir die Leistung unserer Website messen und verbessern k\u00f6nnen. Sie helfen uns zu wissen, welche Seiten am beliebtesten und welche am unbeliebtesten sind, und zu sehen, wie sich die Besucher auf der Website bewegen. Alle Informationen, die diese Cookies sammeln, sind aggregiert und daher anonym. Wenn Sie diese Cookies nicht zulassen, wissen wir nicht, wann Sie unsere Website besucht haben und k\u00f6nnen ihre Leistung nicht \u00fcberwachen.<\/p><h2>Welche M\u00f6glichkeiten haben Sie in Bezug auf Cookies?<\/h2><p>Die Tracking-Technologie hilft uns bei der Verwaltung und Verbesserung der Benutzerfreundlichkeit der Eco Hotel El Agua-Website, indem sie beispielsweise feststellt, ob in der Vergangenheit ein Kontakt zwischen Ihrem Computer und uns stattgefunden hat, und um die beliebtesten Bereiche der Eco Hotel El Agua-Website zu ermitteln.<\/p><p>Auf der Grundlage einer detaillierteren Beschreibung der Verwendung von Cookies hilft Ihnen unser Cookie-Management-Tool (\"das Tool\") bei der Verwaltung Ihrer Cookie-Einstellungen, einschlie\u00dflich der Erteilung Ihrer Zustimmung. Sie k\u00f6nnen Ihre Zustimmung zur Verwendung bestimmter Cookies jederzeit mit Hilfe des oben genannten Tools widerrufen.<\/p><p>Wenn Sie Ihre Cookie-Einstellungen speichern, sollten diese auch f\u00fcr Ihre zuk\u00fcnftigen Besuche auf der Website des Eco Hotel El Agua gelten. Aus technischen Gr\u00fcnden, die au\u00dferhalb der Kontrolle von Eco Hotel El Agua liegen, kann dies jedoch nicht garantiert werden. Wenn Sie beispielsweise Ihren Browser zur\u00fccksetzen, Ihre Cookies l\u00f6schen oder \u00fcber einen anderen Browser oder ein anderes Ger\u00e4t auf die Website von Eco Hotel El Agua zugreifen, werden Ihre Cookie-Einstellungen m\u00f6glicherweise nicht wiederhergestellt. Um den geltenden Gesetzen und Vorschriften zu entsprechen, werden Sie in einigen L\u00e4ndern m\u00f6glicherweise aufgefordert, Ihre Cookie-Einstellungen zu best\u00e4tigen, wenn Sie die Eco Hotel El Agua-Website zum ersten Mal besuchen. Wenn Sie sich in einem Land befinden, in dem Sie automatisch aufgefordert werden, Ihre Cookie-Einstellungen festzulegen, werden Sie m\u00f6glicherweise aufgefordert, diese bei einem sp\u00e4teren Besuch erneut festzulegen.<\/p><p>Bitte vergewissern Sie sich, dass die Einstellungen Ihres Browsers erkennen lassen, ob Sie Tracking-Technologien (z. B. Cookies) von vornherein ausschlie\u00dfen m\u00f6chten. Die spezifischen Funktionen Ihres Browsers und Anweisungen zu ihrer Verwendung finden Sie in der Regel im Handbuch oder in der Hilfedatei Ihres Browsers.<\/p><p>Ohne Tracking-Technologien kann die Verf\u00fcgbarkeit der von der Eco Hotel El Agua-Website angebotenen Dienste eingeschr\u00e4nkt sein, oder Teile der Eco Hotel El Agua-Website k\u00f6nnen nicht richtig funktionieren.<\/p><p><strong>\u00a0<\/strong><\/p><h3>Wie Sie uns kontaktieren k\u00f6nnen<\/h3><p>Fragen, Kommentare, Anmerkungen, Bitten oder Beschwerden zu dieser Datenschutzrichtlinie sind willkommen und sollten an folgende Adresse gerichtet werden:<\/p><p><a href=\"mailto:info@ecohotelelagua.com\"> info@ecohotelelagua.com<\/a>.<\/p>\t\t\t\t\t\t\t\t<\/div>\n\t\t\t\t<div class=\"elementor-element elementor-element-0bdbc5a elementor-align-left elementor-widget elementor-widget-button\" data-id=\"0bdbc5a\" data-element_type=\"widget\" data-e-type=\"widget\" data-widget_type=\"button.default\">\n\t\t\t\t\t\t\t\t\t\t<a class=\"elementor-button elementor-button-link elementor-size-sm\" href=\"tel:+34%20698%2098%2085%2085\">\n\t\t\t\t\t\t<span class=\"elementor-button-content-wrapper\">\n\t\t\t\t\t\t<span class=\"elementor-button-icon\">\n\t\t\t\t<svg aria-hidden=\"true\" class=\"e-font-icon-svg e-fas-phone-alt\" viewbox=\"0 0 512 512\" xmlns=\"http:\/\/www.w3.org\/2000\/svg\"><path d=\"M497.39 361.8l-112-48a24 24 0 0 0-28 6.9l-49.6 60.6A370.66 370.66 0 0 1 130.6 204.11l60.6-49.6a23.94 23.94 0 0 0 6.9-28l-48-112A24.16 24.16 0 0 0 122.6.61l-104 24A24 24 0 0 0 0 48c0 256.5 207.9 464 464 464a24 24 0 0 0 23.4-18.6l24-104a24.29 24.29 0 0 0-14.01-27.6z\"><\/path><\/svg>\t\t\t<\/span>\n\t\t\t\t\t\t\t\t\t<span class=\"elementor-button-text\">Unsere Telefonnummer: Tel:+34 698 98 85 85<\/span>\n\t\t\t\t\t<\/span>\n\t\t\t\t\t<\/a>\n\t\t\t\t\t\t\t\t<\/div>\n\t\t\t\t\t<\/div>\n\t\t<\/div>\n\t\t\t\t\t<\/div>\n\t\t<\/section>\n\t\t\t\t<\/div>","protected":false},"excerpt":{"rendered":"<p>Pol\u00edtica de cookies de Eco Hotel El Agua \u00daLTIMA REVISI\u00d3N EL 2 de enero de 2022 Alcance de la Pol\u00edtica de Cookies Esta Pol\u00edtica de privacidad describe c\u00f3mo Eco Hotel El Agua (\u00abnosotros\u00bb o \u00abnosotros\u00bb) recopila, usa, consulta o procesa de otro modo los datos personales de una persona con respecto al uso de cookies. [&hellip;]<\/p>\n","protected":false},"author":1,"featured_media":0,"parent":0,"menu_order":0,"comment_status":"closed","ping_status":"closed","template":"","meta":{"inline_featured_image":false,"footnotes":""},"class_list":["post-3319","page","type-page","status-publish","hentry"],"yoast_head":"<!-- This site is optimized with the Yoast SEO Premium plugin v27.3 (Yoast SEO v27.3) - https:\/\/yoast.com\/product\/yoast-seo-premium-wordpress\/ -->\n<title>EcoHotel El Agua<\/title>\n<meta name=\"robots\" content=\"index, follow, max-snippet:-1, max-image-preview:large, max-video-preview:-1\" \/>\n<link rel=\"canonical\" href=\"http:\/\/ecohotelelagua.com\/de\/cookies\/\" \/>\n<meta property=\"og:locale\" content=\"de_DE\" \/>\n<meta property=\"og:type\" content=\"article\" \/>\n<meta property=\"og:title\" content=\"Cookies\" \/>\n<meta property=\"og:description\" content=\"Pol\u00edtica de cookies de Eco Hotel El Agua \u00daLTIMA REVISI\u00d3N EL 2 de enero de 2022 Alcance de la Pol\u00edtica de Cookies Esta Pol\u00edtica de privacidad describe c\u00f3mo Eco Hotel El Agua (\u00abnosotros\u00bb o \u00abnosotros\u00bb) recopila, usa, consulta o procesa de otro modo los datos personales de una persona con respecto al uso de cookies. [&hellip;]\" \/>\n<meta property=\"og:url\" content=\"http:\/\/ecohotelelagua.com\/de\/cookies\/\" \/>\n<meta property=\"og:site_name\" content=\"EcoHotel El Agua\" \/>\n<meta property=\"article:modified_time\" content=\"2025-08-08T06:00:39+00:00\" \/>\n<meta property=\"og:image\" content=\"https:\/\/ecohotelelagua.com\/wp-content\/uploads\/2022\/09\/L1160590.png\" \/>\n\t<meta property=\"og:image:width\" content=\"1600\" \/>\n\t<meta property=\"og:image:height\" content=\"1004\" \/>\n\t<meta property=\"og:image:type\" content=\"image\/png\" \/>\n<meta name=\"twitter:card\" content=\"summary_large_image\" \/>\n<meta name=\"twitter:label1\" content=\"Gesch\u00e4tzte Lesezeit\" \/>\n\t<meta name=\"twitter:data1\" content=\"4\u00a0Minuten\" \/>\n<script type=\"application\/ld+json\" class=\"yoast-schema-graph\">{\"@context\":\"https:\\\/\\\/schema.org\",\"@graph\":[{\"@type\":\"WebPage\",\"@id\":\"http:\\\/\\\/ecohotelelagua.com\\\/en\\\/cookies\\\/\",\"url\":\"http:\\\/\\\/ecohotelelagua.com\\\/en\\\/cookies\\\/\",\"name\":\"EcoHotel El Agua\",\"isPartOf\":{\"@id\":\"https:\\\/\\\/ecohotelelagua.com\\\/fr\\\/#website\"},\"datePublished\":\"2022-02-04T21:32:09+00:00\",\"dateModified\":\"2025-08-08T06:00:39+00:00\",\"breadcrumb\":{\"@id\":\"http:\\\/\\\/ecohotelelagua.com\\\/en\\\/cookies\\\/#breadcrumb\"},\"inLanguage\":\"de\",\"potentialAction\":[{\"@type\":\"ReadAction\",\"target\":[\"http:\\\/\\\/ecohotelelagua.com\\\/en\\\/cookies\\\/\"]}]},{\"@type\":\"BreadcrumbList\",\"@id\":\"http:\\\/\\\/ecohotelelagua.com\\\/en\\\/cookies\\\/#breadcrumb\",\"itemListElement\":[{\"@type\":\"ListItem\",\"position\":1,\"name\":\"Home\",\"item\":\"https:\\\/\\\/ecohotelelagua.com\\\/en\\\/\"},{\"@type\":\"ListItem\",\"position\":2,\"name\":\"Cookies\"}]},{\"@type\":\"WebSite\",\"@id\":\"https:\\\/\\\/ecohotelelagua.com\\\/fr\\\/#website\",\"url\":\"https:\\\/\\\/ecohotelelagua.com\\\/fr\\\/\",\"name\":\"EcoHotel El Agua\",\"description\":\"EcoHotel El Agua\",\"publisher\":{\"@id\":\"https:\\\/\\\/ecohotelelagua.com\\\/fr\\\/#organization\"},\"potentialAction\":[{\"@type\":\"SearchAction\",\"target\":{\"@type\":\"EntryPoint\",\"urlTemplate\":\"https:\\\/\\\/ecohotelelagua.com\\\/fr\\\/?s={search_term_string}\"},\"query-input\":{\"@type\":\"PropertyValueSpecification\",\"valueRequired\":true,\"valueName\":\"search_term_string\"}}],\"inLanguage\":\"de\"},{\"@type\":\"Organization\",\"@id\":\"https:\\\/\\\/ecohotelelagua.com\\\/fr\\\/#organization\",\"name\":\"Eco Hotel el Agua\",\"url\":\"https:\\\/\\\/ecohotelelagua.com\\\/fr\\\/\",\"logo\":{\"@type\":\"ImageObject\",\"inLanguage\":\"de\",\"@id\":\"https:\\\/\\\/ecohotelelagua.com\\\/fr\\\/#\\\/schema\\\/logo\\\/image\\\/\",\"url\":\"https:\\\/\\\/ecohotelelagua.com\\\/wp-content\\\/uploads\\\/2022\\\/01\\\/ig-1.png\",\"contentUrl\":\"https:\\\/\\\/ecohotelelagua.com\\\/wp-content\\\/uploads\\\/2022\\\/01\\\/ig-1.png\",\"width\":300,\"height\":148,\"caption\":\"Eco Hotel el Agua\"},\"image\":{\"@id\":\"https:\\\/\\\/ecohotelelagua.com\\\/fr\\\/#\\\/schema\\\/logo\\\/image\\\/\"},\"sameAs\":[\"https:\\\/\\\/www.instagram.com\\\/p\\\/CZSWRFft7Ls\\\/?utm_medium=share_sheet\",\"https:\\\/\\\/pin.it\\\/4kyijpT\"]}]}<\/script>\n<!-- \/ Yoast SEO Premium plugin. -->","yoast_head_json":{"title":"EcoHotel El Agua","robots":{"index":"index","follow":"follow","max-snippet":"max-snippet:-1","max-image-preview":"max-image-preview:large","max-video-preview":"max-video-preview:-1"},"canonical":"http:\/\/ecohotelelagua.com\/de\/cookies\/","og_locale":"de_DE","og_type":"article","og_title":"Cookies","og_description":"Pol\u00edtica de cookies de Eco Hotel El Agua \u00daLTIMA REVISI\u00d3N EL 2 de enero de 2022 Alcance de la Pol\u00edtica de Cookies Esta Pol\u00edtica de privacidad describe c\u00f3mo Eco Hotel El Agua (\u00abnosotros\u00bb o \u00abnosotros\u00bb) recopila, usa, consulta o procesa de otro modo los datos personales de una persona con respecto al uso de cookies. [&hellip;]","og_url":"http:\/\/ecohotelelagua.com\/de\/cookies\/","og_site_name":"EcoHotel El Agua","article_modified_time":"2025-08-08T06:00:39+00:00","og_image":[{"width":1600,"height":1004,"url":"https:\/\/ecohotelelagua.com\/wp-content\/uploads\/2022\/09\/L1160590.png","type":"image\/png"}],"twitter_card":"summary_large_image","twitter_misc":{"Gesch\u00e4tzte Lesezeit":"4\u00a0Minuten"},"schema":{"@context":"https:\/\/schema.org","@graph":[{"@type":"WebPage","@id":"http:\/\/ecohotelelagua.com\/en\/cookies\/","url":"http:\/\/ecohotelelagua.com\/en\/cookies\/","name":"EcoHotel El Agua","isPartOf":{"@id":"https:\/\/ecohotelelagua.com\/fr\/#website"},"datePublished":"2022-02-04T21:32:09+00:00","dateModified":"2025-08-08T06:00:39+00:00","breadcrumb":{"@id":"http:\/\/ecohotelelagua.com\/en\/cookies\/#breadcrumb"},"inLanguage":"de","potentialAction":[{"@type":"ReadAction","target":["http:\/\/ecohotelelagua.com\/en\/cookies\/"]}]},{"@type":"BreadcrumbList","@id":"http:\/\/ecohotelelagua.com\/en\/cookies\/#breadcrumb","itemListElement":[{"@type":"ListItem","position":1,"name":"Home","item":"https:\/\/ecohotelelagua.com\/en\/"},{"@type":"ListItem","position":2,"name":"Cookies"}]},{"@type":"WebSite","@id":"https:\/\/ecohotelelagua.com\/fr\/#website","url":"https:\/\/ecohotelelagua.com\/fr\/","name":"EcoHotel El Agua","description":"EcoHotel El Agua","publisher":{"@id":"https:\/\/ecohotelelagua.com\/fr\/#organization"},"potentialAction":[{"@type":"SearchAction","target":{"@type":"EntryPoint","urlTemplate":"https:\/\/ecohotelelagua.com\/fr\/?s={search_term_string}"},"query-input":{"@type":"PropertyValueSpecification","valueRequired":true,"valueName":"search_term_string"}}],"inLanguage":"de"},{"@type":"Organization","@id":"https:\/\/ecohotelelagua.com\/fr\/#organization","name":"Eco Hotel el Agua","url":"https:\/\/ecohotelelagua.com\/fr\/","logo":{"@type":"ImageObject","inLanguage":"de","@id":"https:\/\/ecohotelelagua.com\/fr\/#\/schema\/logo\/image\/","url":"https:\/\/ecohotelelagua.com\/wp-content\/uploads\/2022\/01\/ig-1.png","contentUrl":"https:\/\/ecohotelelagua.com\/wp-content\/uploads\/2022\/01\/ig-1.png","width":300,"height":148,"caption":"Eco Hotel el Agua"},"image":{"@id":"https:\/\/ecohotelelagua.com\/fr\/#\/schema\/logo\/image\/"},"sameAs":["https:\/\/www.instagram.com\/p\/CZSWRFft7Ls\/?utm_medium=share_sheet","https:\/\/pin.it\/4kyijpT"]}]}},"_links":{"self":[{"href":"https:\/\/ecohotelelagua.com\/de\/wp-json\/wp\/v2\/pages\/3319","targetHints":{"allow":["GET"]}}],"collection":[{"href":"https:\/\/ecohotelelagua.com\/de\/wp-json\/wp\/v2\/pages"}],"about":[{"href":"https:\/\/ecohotelelagua.com\/de\/wp-json\/wp\/v2\/types\/page"}],"author":[{"embeddable":true,"href":"https:\/\/ecohotelelagua.com\/de\/wp-json\/wp\/v2\/users\/1"}],"replies":[{"embeddable":true,"href":"https:\/\/ecohotelelagua.com\/de\/wp-json\/wp\/v2\/comments?post=3319"}],"version-history":[{"count":3,"href":"https:\/\/ecohotelelagua.com\/de\/wp-json\/wp\/v2\/pages\/3319\/revisions"}],"predecessor-version":[{"id":17695,"href":"https:\/\/ecohotelelagua.com\/de\/wp-json\/wp\/v2\/pages\/3319\/revisions\/17695"}],"wp:attachment":[{"href":"https:\/\/ecohotelelagua.com\/de\/wp-json\/wp\/v2\/media?parent=3319"}],"curies":[{"name":"wp","href":"https:\/\/api.w.org\/{rel}","templated":true}]}}